{"id":7798,"date":"2026-04-17T13:38:53","date_gmt":"2026-04-17T11:38:53","guid":{"rendered":"https:\/\/www.humanuspraca.pl\/?page_id=7798"},"modified":"2026-04-17T20:14:30","modified_gmt":"2026-04-17T18:14:30","slug":"zasady-pouzivania-suborov-cookies","status":"publish","type":"page","link":"https:\/\/www.humanuspraca.pl\/sk\/zasady-pouzivania-suborov-cookies\/","title":{"rendered":"Z\u00e1sady pou\u017e\u00edvania s\u00faborov cookies"},"content":{"rendered":"<p class=\"meta\">Webov\u00e1 str\u00e1nka: humanuspraca.pl<br \/>\nD\u00e1tum poslednej aktualiz\u00e1cie: 17. apr\u00edla 2026<\/p>\n<div class=\"box\">\n<p><strong>Najd\u00f4le\u017eitej\u0161ie inform\u00e1cie:<\/strong>\u00a0webov\u00e1 str\u00e1nka pou\u017e\u00edva s\u00fabory cookies a podobn\u00e9 technol\u00f3gie na zabezpe\u010denie spr\u00e1vneho fungovania str\u00e1nky, zapam\u00e4tanie pou\u017e\u00edvate\u013esk\u00fdch nastaven\u00ed, podporu viacjazy\u010dnosti, spr\u00e1vu s\u00fahlasov s cookies, tvorbu \u0161tatist\u00edk a zobrazovanie extern\u00e9ho obsahu, ako s\u00fa vide\u00e1 Vimeo. Niektor\u00e9 technol\u00f3gie tret\u00edch str\u00e1n sa aktivuj\u00fa a\u017e po udelen\u00ed s\u00fahlasu pou\u017e\u00edvate\u013ea, s v\u00fdnimkou rie\u0161en\u00ed technicky nevyhnutn\u00fdch na fungovanie webu alebo na vykonanie slu\u017eby, ktor\u00fa pou\u017e\u00edvate\u013e v\u00fdslovne po\u017eaduje.<\/p>\n<\/div>\n<h2>1. Kto je spr\u00e1vcom webovej str\u00e1nky?<\/h2>\n<p>Spr\u00e1vcom webovej str\u00e1nky humanuspraca.pl je\u00a0<strong>Humanus Personalservice GmbH<\/strong>, N\u00fcrnberger Stra\u00dfe 64, 86720 N\u00f6rdlingen, Nemecko, e-mail:\u00a0<a href=\"mailto:info@humanus-personalservice.de\">info@humanus-personalservice.de<\/a>.<\/p>\n<p>Vo veciach ochrany osobn\u00fdch \u00fadajov je mo\u017en\u00e9 kontaktova\u0165 aj zodpovedn\u00fa osobu uveden\u00fa v Z\u00e1sad\u00e1ch ochrany osobn\u00fdch \u00fadajov spr\u00e1vcu.<\/p>\n<p>Podrobn\u00e9 inform\u00e1cie o sprac\u00favan\u00ed osobn\u00fdch \u00fadajov sa nach\u00e1dzaj\u00fa v\u00a0<a href=\"https:\/\/www.humanuspraca.pl\/sk\/zasady-ochrany-osobnych-udajov\/\">Z\u00e1sad\u00e1ch ochrany osobn\u00fdch \u00fadajov<\/a>.<\/p>\n<h2>2. \u010co s\u00fa s\u00fabory cookies a podobn\u00e9 technol\u00f3gie?<\/h2>\n<p>S\u00fabory cookies s\u00fa mal\u00e9 textov\u00e9 inform\u00e1cie ukladan\u00e9 do koncov\u00e9ho zariadenia pou\u017e\u00edvate\u013ea po\u010das pou\u017e\u00edvania webovej str\u00e1nky. Umo\u017e\u0148uj\u00fa okrem in\u00e9ho spr\u00e1vne fungovanie webu, zapam\u00e4tanie pou\u017e\u00edvate\u013esk\u00fdch nastaven\u00ed, anal\u00fdzu n\u00e1v\u0161tevnosti str\u00e1nky a integr\u00e1ciu extern\u00e9ho obsahu a slu\u017eieb.<\/p>\n<p>Okrem cookies m\u00f4\u017ee webov\u00e1 str\u00e1nka pou\u017e\u00edva\u0165 aj podobn\u00e9 technol\u00f3gie, ako napr\u00edklad local storage, sledovacie pixely, extern\u00e9 skripty alebo identifik\u00e1tory rel\u00e1cie.<\/p>\n<h2>3. Ak\u00e9 druhy cookies pou\u017e\u00edvame?<\/h2>\n<ul>\n<li><strong>Nevyhnutn\u00e9 \/ technick\u00e9<\/strong>\u00a0&#8211; s\u00fa potrebn\u00e9 na spr\u00e1vne fungovanie webovej str\u00e1nky, bezpe\u010dnos\u0165, zapam\u00e4tanie volieb t\u00fdkaj\u00facich sa cookies a fungovanie z\u00e1kladn\u00fdch funkci\u00ed str\u00e1nky.<\/li>\n<li><strong>Funk\u010dn\u00e9<\/strong>\u00a0&#8211; umo\u017e\u0148uj\u00fa zapam\u00e4ta\u0165 si preferencie pou\u017e\u00edvate\u013ea, napr\u00edklad zvolen\u00fd jazyk alebo sp\u00f4sob pou\u017e\u00edvania ur\u010dit\u00fdch modulov.<\/li>\n<li><strong>Analytick\u00e9 \/ \u0161tatistick\u00e9<\/strong>\u00a0&#8211; pom\u00e1haj\u00fa mera\u0165 n\u00e1v\u0161tevnos\u0165 a analyzova\u0165 sp\u00f4sob pou\u017e\u00edvania str\u00e1nky s cie\u013eom zlep\u0161ova\u0165 jej fungovanie.<\/li>\n<li><strong>Marketingov\u00e9<\/strong>\u00a0&#8211; m\u00f4\u017eu sl\u00fa\u017ei\u0165 na meranie \u00fa\u010dinnosti kampan\u00ed, personaliz\u00e1ciu komunik\u00e1cie alebo integr\u00e1ciu reklamn\u00fdch a sledovac\u00edch n\u00e1strojov tret\u00edch str\u00e1n.<\/li>\n<\/ul>\n<h2>4. Pr\u00e1vne z\u00e1klady pou\u017e\u00edvania cookies<\/h2>\n<p>Nevyhnutn\u00e9 s\u00fabory cookies pou\u017e\u00edvame na z\u00e1klade pr\u00e1vnych predpisov upravuj\u00facich elektronick\u00fa komunik\u00e1ciu a v rozsahu nevyhnutnom na poskytovanie slu\u017eieb webovej str\u00e1nky. Ostatn\u00e9 cookies, najm\u00e4 analytick\u00e9, funk\u010dn\u00e9 a marketingov\u00e9, pou\u017e\u00edvame na z\u00e1klade dobrovo\u013en\u00e9ho s\u00fahlasu pou\u017e\u00edvate\u013ea udelen\u00e9ho prostredn\u00edctvom bannera alebo panela na spr\u00e1vu s\u00fahlasov.<\/p>\n<p>Ak inform\u00e1cie zhroma\u017e\u010fovan\u00e9 pomocou cookies predstavuj\u00fa osobn\u00e9 \u00fadaje, ich sprac\u00favanie prebieha najm\u00e4 na z\u00e1klade:<\/p>\n<ul>\n<li>\u010dl. 6 ods. 1 p\u00edsm. a GDPR &#8211; v rozsahu s\u00fahlasu pou\u017e\u00edvate\u013ea,<\/li>\n<li>\u010dl. 6 ods. 1 p\u00edsm. b GDPR &#8211; ak je technol\u00f3gia nevyhnutn\u00e1 na poskytnutie slu\u017eby po\u017eadovanej pou\u017e\u00edvate\u013eom,<\/li>\n<li>\u010dl. 6 ods. 1 p\u00edsm. f GDPR &#8211; v rozsahu opr\u00e1vnen\u00e9ho z\u00e1ujmu spr\u00e1vcu, ak je to pr\u00edpustn\u00e9 a t\u00fdka sa to v\u00fdlu\u010dne nevyhnutn\u00fdch alebo pomocn\u00fdch technol\u00f3gi\u00ed, ktor\u00e9 si nevy\u017eaduj\u00fa samostatn\u00fd s\u00fahlas.<\/li>\n<\/ul>\n<h2>5. Podrobn\u00fd zoznam cookies a podobn\u00fdch technol\u00f3gi\u00ed<\/h2>\n<h3>5.1. Nevyhnutn\u00e9 a funk\u010dn\u00e9 cookies<\/h3>\n<table border=\"1px\">\n<thead>\n<tr>\n<th>N\u00e1zov<\/th>\n<th>Poskytovate\u013e<\/th>\n<th>\u00da\u010del<\/th>\n<th>Doba uchov\u00e1vania<\/th>\n<th>Kateg\u00f3ria<\/th>\n<\/tr>\n<\/thead>\n<tbody>\n<tr>\n<td><code>cmplz_consented_services<\/code><br \/>\n<code>cmplz_policy_id<\/code><br \/>\n<code>cmplz_marketing<\/code><br \/>\n<code>cmplz_statistics<\/code><br \/>\n<code>cmplz_preferences<\/code><br \/>\n<code>cmplz_functional<\/code><br \/>\n<code>cmplz_banner-status<\/code><\/td>\n<td>Complianz \/ Humanus<\/td>\n<td>Zapam\u00e4tanie volieb pou\u017e\u00edvate\u013ea t\u00fdkaj\u00facich sa s\u00fahlasov, verzie z\u00e1sad a stavu cookie bannera.<\/td>\n<td>Do 365 dn\u00ed<\/td>\n<td>Nevyhnutn\u00e9<\/td>\n<\/tr>\n<tr>\n<td><code>wp-wpml_current_language<\/code><\/td>\n<td>WPML \/ Humanus<\/td>\n<td>Zapam\u00e4tanie aktu\u00e1lne zvolen\u00e9ho jazyka webovej str\u00e1nky.<\/td>\n<td>1 de\u0148<\/td>\n<td>Funk\u010dn\u00e9<\/td>\n<\/tr>\n<tr>\n<td><code>wordpress_test_cookie<\/code><\/td>\n<td>WordPress \/ Humanus<\/td>\n<td>Overenie, \u010di prehliada\u010d pou\u017e\u00edvate\u013ea akceptuje cookies.<\/td>\n<td>Rel\u00e1cia<\/td>\n<td>Nevyhnutn\u00e9<\/td>\n<\/tr>\n<tr>\n<td><code>wp_lang<\/code><\/td>\n<td>WordPress \/ Humanus<\/td>\n<td>Zapam\u00e4tanie jazykov\u00fdch nastaven\u00ed v prostred\u00ed WordPress.<\/td>\n<td>Rel\u00e1cia<\/td>\n<td>Funk\u010dn\u00e9<\/td>\n<\/tr>\n<tr>\n<td><code>wordpress_logged_in_*<\/code><\/td>\n<td>WordPress \/ Humanus<\/td>\n<td>Udr\u017eanie rel\u00e1cie prihl\u00e1sen\u00e9ho pou\u017e\u00edvate\u013ea administrat\u00edvneho rozhrania. Tento cookie sa net\u00fdka be\u017en\u00e9ho n\u00e1v\u0161tevn\u00edka webu, pokia\u013e nepou\u017e\u00edva funkciu prihl\u00e1senia.<\/td>\n<td>Trval\u00e9, pod\u013ea konfigur\u00e1cie WordPress<\/td>\n<td>Nevyhnutn\u00e9<\/td>\n<\/tr>\n<tr>\n<td><code>joinchat_country_code<\/code><br \/>\n<code>persist:qlwapp:2<\/code>\u00a0(local storage alebo podobn\u00e1 technol\u00f3gia)<\/td>\n<td>Widget WhatsApp \/ Humanus<\/td>\n<td>Prev\u00e1dzka kontaktn\u00e9ho widgetu WhatsApp, zapam\u00e4tanie stavu okna alebo nastaven\u00ed s\u00favisiacich s komunik\u00e1ciou.<\/td>\n<td>Pod\u013ea konfigur\u00e1cie widgetu<\/td>\n<td>Funk\u010dn\u00e9<\/td>\n<\/tr>\n<\/tbody>\n<\/table>\n<h3>5.2. Analytick\u00e9 cookies<\/h3>\n<p>Analytick\u00e9 cookies sa aktivuj\u00fa v\u00fdlu\u010dne po udelen\u00ed s\u00fahlasu pou\u017e\u00edvate\u013ea.<\/p>\n<table border=\"1px\">\n<thead>\n<tr>\n<th>N\u00e1zov<\/th>\n<th>Poskytovate\u013e<\/th>\n<th>\u00da\u010del<\/th>\n<th>Doba uchov\u00e1vania<\/th>\n<th>Kateg\u00f3ria<\/th>\n<\/tr>\n<\/thead>\n<tbody>\n<tr>\n<td><code>_ga<\/code><\/td>\n<td>Google Analytics<\/td>\n<td>Rozli\u0161ovanie pou\u017e\u00edvate\u013eov a meranie n\u00e1v\u0161tevnosti str\u00e1nky.<\/td>\n<td>2 roky<\/td>\n<td>Analytick\u00e9<\/td>\n<\/tr>\n<tr>\n<td><code>_ga_*<\/code><\/td>\n<td>Google Analytics<\/td>\n<td>Udr\u017eiavanie stavu rel\u00e1cie a meranie pou\u017e\u00edvania webovej str\u00e1nky.<\/td>\n<td>1 rok<\/td>\n<td>Analytick\u00e9<\/td>\n<\/tr>\n<tr>\n<td><code>_gid<\/code><\/td>\n<td>Google Analytics<\/td>\n<td>Po\u010d\u00edtanie zobrazen\u00ed a aktivity pou\u017e\u00edvate\u013eov v kr\u00e1tkom \u010dasovom obdob\u00ed.<\/td>\n<td>1 de\u0148<\/td>\n<td>Analytick\u00e9<\/td>\n<\/tr>\n<tr>\n<td><code>_gat_gtag_UA_*<\/code><\/td>\n<td>Google Analytics<\/td>\n<td>Obmedzenie po\u010dtu po\u017eiadaviek a technick\u00e1 obsluha merania.<\/td>\n<td>1 min\u00fata<\/td>\n<td>Analytick\u00e9<\/td>\n<\/tr>\n<\/tbody>\n<\/table>\n<h3>5.3. Cookies a technol\u00f3gie extern\u00e9ho obsahu \/ marketingov\u00e9<\/h3>\n<p>Tieto technol\u00f3gie sa m\u00f4\u017eu aktivova\u0165 po udelen\u00ed s\u00fahlasu, pokia\u013e dan\u00e1 funkcia nie je nevyhnutn\u00e1 na vykonanie \u010dinnosti, ktor\u00fa pou\u017e\u00edvate\u013e v\u00fdslovne po\u017eaduje.<\/p>\n<table border=\"1px\">\n<thead>\n<tr>\n<th>N\u00e1zov \/ technol\u00f3gia<\/th>\n<th>Poskytovate\u013e<\/th>\n<th>\u00da\u010del<\/th>\n<th>Doba uchov\u00e1vania<\/th>\n<th>Kateg\u00f3ria<\/th>\n<\/tr>\n<\/thead>\n<tbody>\n<tr>\n<td><code>vuid<\/code><br \/>\n<code>__utmt_player<\/code><\/td>\n<td>Vimeo<\/td>\n<td>Vkladanie a prehr\u00e1vanie videoobsahu, meranie pou\u017e\u00edvania prehr\u00e1va\u010da.<\/td>\n<td><code>vuid<\/code>\u00a0&#8211; 2 roky<br \/>\n<code>__utmt_player<\/code>\u00a0&#8211; 10 min\u00fat<\/td>\n<td>Marketingov\u00e9 \/ extern\u00fd obsah<\/td>\n<\/tr>\n<tr>\n<td><code>Google Fonts API<\/code>\u00a0alebo podobn\u00e9 po\u017eiadavky na servery Google<\/td>\n<td>Google<\/td>\n<td>Na\u010d\u00edtanie p\u00edsiem a spr\u00e1vne zobrazenie webovej str\u00e1nky. T\u00e1to technol\u00f3gia m\u00f4\u017ee zah\u0155\u0148a\u0165 prenos IP adresy pou\u017e\u00edvate\u013ea poskytovate\u013eovi.<\/td>\n<td>Bez klasick\u00e9ho cookie alebo pod\u013ea z\u00e1sad poskytovate\u013ea<\/td>\n<td>Extern\u00fd obsah<\/td>\n<\/tr>\n<tr>\n<td><code>_gcl_au<\/code><br \/>\n<code>_gcl_ls<\/code><br \/>\n<code>google_adsense_settings<\/code><\/td>\n<td>Google Ads \/ Google Adsense<\/td>\n<td>Meranie \u00fa\u010dinnosti kampan\u00ed, konverzi\u00ed a pr\u00edpadn\u00fd remarketing &#8211; len ak s\u00fa reklamn\u00e9 moduly v danom \u010dase akt\u00edvne.<\/td>\n<td>Pod\u013ea konkr\u00e9tneho cookie a konfigur\u00e1cie, zvy\u010dajne od rel\u00e1cie po trval\u00e9 obdobie<\/td>\n<td>Marketingov\u00e9<\/td>\n<\/tr>\n<tr>\n<td><code>twk_*<\/code><\/td>\n<td>Tawk.to<\/td>\n<td>Prev\u00e1dzka live chatu, ak spr\u00e1vca aktivuje tak\u00fdto modul.<\/td>\n<td>Rel\u00e1cia<\/td>\n<td>Funk\u010dn\u00e9 \/ marketingov\u00e9<\/td>\n<\/tr>\n<tr>\n<td><code>_hjSessionUser_*<\/code><br \/>\n<code>_hjSession_*<\/code><\/td>\n<td>Hotjar<\/td>\n<td>Anal\u00fdza spr\u00e1vania pou\u017e\u00edvate\u013eov, heatmapy a nahr\u00e1vky rel\u00e1ci\u00ed, ak je n\u00e1stroj akt\u00edvny.<\/td>\n<td><code>_hjSessionUser_*<\/code>\u00a0&#8211; 1 rok<br \/>\n<code>_hjSession_*<\/code>\u00a0&#8211; rel\u00e1cia<\/td>\n<td>Analytick\u00e9 \/ marketingov\u00e9<\/td>\n<\/tr>\n<tr>\n<td><code>__stripe_mid<\/code><\/td>\n<td>Stripe<\/td>\n<td>Prevencia zneu\u017eitia platieb, ak s\u00fa platobn\u00e9 funkcie akt\u00edvne.<\/td>\n<td>1 rok<\/td>\n<td>Nevyhnutn\u00e9 pre platby<\/td>\n<\/tr>\n<\/tbody>\n<\/table>\n<h3>5.4. \u010eal\u0161ie identifik\u00e1tory zisten\u00e9 modulom na spr\u00e1vu s\u00fahlasov<\/h3>\n<p>V z\u00e1vislosti od aktu\u00e1lnej konfigur\u00e1cie webovej str\u00e1nky a aktivovan\u00fdch doplnkov sa m\u00f4\u017eu objavi\u0165 aj \u010fal\u0161ie identifik\u00e1tory alebo polo\u017eky local storage, napr\u00edklad\u00a0<code>cp_widget_geo_response<\/code>,\u00a0<code>cp_wasWidgetShown<\/code>,\u00a0<code>cp_metrics<\/code>,\u00a0<code>cp_lastTriggerId<\/code>,\u00a0<code>cp_resolvedTriggers<\/code>,\u00a0<code>topicsLastReferenceTime<\/code>,\u00a0<code>lastExternalReferrerTime<\/code>,\u00a0<code>WP_DATA_USER_2<\/code>. S\u00favisia s doplnkov\u00fdmi modulmi str\u00e1nky, onsite kampa\u0148ami, prekladmi alebo administrat\u00edvnymi funkciami. Ak tak\u00e9to technol\u00f3gie ukladaj\u00fa inform\u00e1cie do koncov\u00e9ho zariadenia pou\u017e\u00edvate\u013ea a nie s\u00fa nevyhnutn\u00e9 na fungovanie webovej str\u00e1nky, aktivuj\u00fa sa a\u017e po udelen\u00ed pr\u00edslu\u0161n\u00e9ho s\u00fahlasu.<\/p>\n<h2>6. Analytick\u00e9 a sledovacie n\u00e1stroje<\/h2>\n<p>Webov\u00e1 str\u00e1nka m\u00f4\u017ee pou\u017e\u00edva\u0165 analytick\u00e9 a sledovacie n\u00e1stroje tret\u00edch str\u00e1n, najm\u00e4 Google Analytics, Vimeo, Google Ads, Hotjar, Tawk.to, Google Fonts, WhatsApp alebo in\u00e9 podobn\u00e9 slu\u017eby, ak ich spr\u00e1vca aktivuje na webe. Poskytovatelia t\u00fdchto slu\u017eieb m\u00f4\u017eu z\u00edskava\u0165 ur\u010dit\u00e9 technick\u00e9 inform\u00e1cie, ako s\u00fa IP adresa, identifik\u00e1tor zariadenia, inform\u00e1cie o prehliada\u010di, opera\u010dnom syst\u00e9me, zdroji n\u00e1v\u0161tevy str\u00e1nky, \u010dase n\u00e1v\u0161tevy a interakci\u00e1ch pou\u017e\u00edvate\u013ea s webovou str\u00e1nkou.<\/p>\n<p>Ak m\u00e1 dan\u00fd poskytovate\u013e s\u00eddlo mimo Eur\u00f3pskeho hospod\u00e1rskeho priestoru, \u00fadaje m\u00f4\u017eu by\u0165 pren\u00e1\u0161an\u00e9 mimo EHP za podmienok stanoven\u00fdch v GDPR, najm\u00e4 na z\u00e1klade rozhodnutia o primeranej ochrane, \u0161tandardn\u00fdch zmluvn\u00fdch dolo\u017eiek alebo in\u00fdch primeran\u00fdch z\u00e1ruk.<\/p>\n<h2>7. Ako udeli\u0165 s\u00fahlas a ako ho odvola\u0165?<\/h2>\n<ul>\n<li>Pri prvej n\u00e1v\u0161teve webovej str\u00e1nky sa zobraz\u00ed cookie banner, ktor\u00fd umo\u017e\u0148uje s\u00fahlas udeli\u0165, odmietnu\u0165 alebo vybra\u0165 preferencie.<\/li>\n<li>Pou\u017e\u00edvate\u013e m\u00f4\u017ee svoj s\u00fahlas kedyko\u013evek zmeni\u0165 alebo odvola\u0165 op\u00e4tovn\u00fdm otvoren\u00edm panela na spr\u00e1vu s\u00fahlasov dostupn\u00e9ho na webovej str\u00e1nke.<\/li>\n<li>Odvolanie s\u00fahlasu nem\u00e1 vplyv na z\u00e1konnos\u0165 sprac\u00favania vykonan\u00e9ho pred jeho odvolan\u00edm.<\/li>\n<li>Nez\u00e1visle od cookie panela m\u00f4\u017ee pou\u017e\u00edvate\u013e cookies vymaza\u0165 aj vo svojom prehliada\u010di alebo zablokova\u0165 ich ukladanie. Obmedzenie nevyhnutn\u00fdch cookies v\u0161ak m\u00f4\u017ee ovplyvni\u0165 spr\u00e1vne fungovanie str\u00e1nky.<\/li>\n<\/ul>\n<h2>8. Pr\u00e1va pou\u017e\u00edvate\u013ea<\/h2>\n<p>Ak inform\u00e1cie zhroma\u017e\u010fovan\u00e9 pomocou cookies predstavuj\u00fa osobn\u00e9 \u00fadaje, pou\u017e\u00edvate\u013e m\u00e1 pr\u00e1va vypl\u00fdvaj\u00face z GDPR, najm\u00e4:<\/p>\n<ul>\n<li>pr\u00e1vo na pr\u00edstup k \u00fadajom,<\/li>\n<li>pr\u00e1vo na opravu \u00fadajov,<\/li>\n<li>pr\u00e1vo na vymazanie \u00fadajov,<\/li>\n<li>pr\u00e1vo na obmedzenie sprac\u00favania,<\/li>\n<li>pr\u00e1vo na prenosnos\u0165 \u00fadajov,<\/li>\n<li>pr\u00e1vo namieta\u0165 proti sprac\u00favaniu,<\/li>\n<li>pr\u00e1vo kedyko\u013evek odvola\u0165 s\u00fahlas,<\/li>\n<li>pr\u00e1vo poda\u0165 s\u0165a\u017enos\u0165 pr\u00edslu\u0161n\u00e9mu dozorn\u00e9mu org\u00e1nu.<\/li>\n<\/ul>\n<p>Na uplatnenie svojich pr\u00e1v m\u00f4\u017ee pou\u017e\u00edvate\u013e kontaktova\u0165 spr\u00e1vcu alebo zodpovedn\u00fa osobu uveden\u00fa v Z\u00e1sad\u00e1ch ochrany osobn\u00fdch \u00fadajov.<\/p>\n<h2>9. Cookies tret\u00edch str\u00e1n a extern\u00e9 str\u00e1nky<\/h2>\n<p>Na webovej str\u00e1nke sa m\u00f4\u017ee nach\u00e1dza\u0165 vlo\u017een\u00fd obsah alebo odkazy na extern\u00e9 slu\u017eby, najm\u00e4 Vimeo, Facebook, n\u00e1borov\u00fd syst\u00e9m, WhatsApp a \u010fal\u0161\u00edch technologick\u00fdch partnerov. Po kliknut\u00ed na odkaz alebo spusten\u00ed vlo\u017een\u00e9ho obsahu m\u00f4\u017ee by\u0165 pou\u017e\u00edvate\u013e presmerovan\u00fd na str\u00e1nku tretej strany alebo m\u00f4\u017ee d\u00f4js\u0165 k priamemu spojeniu s jej servermi.<\/p>\n<p>V takom pr\u00edpade pravidl\u00e1 sprac\u00favania \u00fadajov a pou\u017e\u00edvania cookies ur\u010duje aj politika ochrany osobn\u00fdch \u00fadajov a politika cookies pr\u00edslu\u0161nej tretej strany.<\/p>\n<h2>10. Kontakt<\/h2>\n<p>Vo veciach s\u00favisiacich s t\u00fdmito Z\u00e1sadami pou\u017e\u00edvania s\u00faborov cookies je mo\u017en\u00e9 kontaktova\u0165 spr\u00e1vcu:<\/p>\n<p><strong>Humanus Personalservice GmbH<\/strong><br \/>\nN\u00fcrnberger Stra\u00dfe 64<br \/>\n86720 N\u00f6rdlingen, Nemecko<br \/>\ne-mail:\u00a0<a href=\"mailto:info@humanus-personalservice.de\">info@humanus-personalservice.de<\/a><\/p>\n<p>Vo veciach ochrany \u00fadajov je potrebn\u00e9 z\u00e1rove\u0148 vych\u00e1dza\u0165 z kontaktn\u00fdch \u00fadajov zodpovednej osoby uveden\u00fdch v\u00a0<a href=\"https:\/\/www.humanuspraca.pl\/sk\/zasady-ochrany-osobnych-udajov\/\">Z\u00e1sad\u00e1ch ochrany osobn\u00fdch \u00fadajov<\/a>.<\/p>\n<h2>11. Zmeny Z\u00e1sad pou\u017e\u00edvania s\u00faborov cookies<\/h2>\n<p>Tieto Z\u00e1sady m\u00f4\u017eu by\u0165 aktualizovan\u00e9 najm\u00e4 v pr\u00edpade technologick\u00fdch zmien, zavedenia nov\u00fdch analytick\u00fdch alebo marketingov\u00fdch n\u00e1strojov, pr\u00e1vnych zmien alebo zmien v sp\u00f4sobe fungovania webovej str\u00e1nky. Aktu\u00e1lna verzia dokumentu je zverejnen\u00e1 na webovej str\u00e1nke humanuspraca.pl.<\/p>\n","protected":false},"excerpt":{"rendered":"<p>Webov\u00e1 str\u00e1nka: humanuspraca.pl D\u00e1tum poslednej aktualiz\u00e1cie: 17. apr\u00edla 2026 Najd\u00f4le\u017eitej\u0161ie inform\u00e1cie:\u00a0webov\u00e1 str\u00e1nka pou\u017e\u00edva s\u00fabory cookies a podobn\u00e9 technol\u00f3gie na zabezpe\u010denie spr\u00e1vneho fungovania str\u00e1nky, zapam\u00e4tanie pou\u017e\u00edvate\u013esk\u00fdch nastaven\u00ed, podporu viacjazy\u010dnosti, spr\u00e1vu s\u00fahlasov s cookies, tvorbu \u0161tatist\u00edk a zobrazovanie extern\u00e9ho obsahu, ako s\u00fa vide\u00e1 Vimeo. Niektor\u00e9 technol\u00f3gie tret\u00edch str\u00e1n sa aktivuj\u00fa a\u017e po udelen\u00ed s\u00fahlasu pou\u017e\u00edvate\u013ea, s v\u00fdnimkou [&hellip;]<\/p>\n","protected":false},"author":2,"featured_media":0,"parent":0,"menu_order":0,"comment_status":"closed","ping_status":"closed","template":"","meta":{"_joinchat":[]},"acf":[],"yoast_head":"<!-- This site is optimized with the Yoast SEO plugin v20.8 - https:\/\/yoast.com\/wordpress\/plugins\/seo\/ -->\n<title>Z\u00e1sady pou\u017e\u00edvania s\u00faborov cookies - Humanus<\/title>\n<meta name=\"robots\" content=\"index, follow, max-snippet:-1, max-image-preview:large, max-video-preview:-1\" \/>\n<link rel=\"canonical\" href=\"https:\/\/www.humanuspraca.pl\/sk\/zasady-pouzivania-suborov-cookies\/\" \/>\n<meta property=\"og:locale\" content=\"sk_SK\" \/>\n<meta property=\"og:type\" content=\"article\" \/>\n<meta property=\"og:title\" content=\"Z\u00e1sady pou\u017e\u00edvania s\u00faborov cookies - Humanus\" \/>\n<meta property=\"og:description\" content=\"Webov\u00e1 str\u00e1nka: humanuspraca.pl D\u00e1tum poslednej aktualiz\u00e1cie: 17. apr\u00edla 2026 Najd\u00f4le\u017eitej\u0161ie inform\u00e1cie:\u00a0webov\u00e1 str\u00e1nka pou\u017e\u00edva s\u00fabory cookies a podobn\u00e9 technol\u00f3gie na zabezpe\u010denie spr\u00e1vneho fungovania str\u00e1nky, zapam\u00e4tanie pou\u017e\u00edvate\u013esk\u00fdch nastaven\u00ed, podporu viacjazy\u010dnosti, spr\u00e1vu s\u00fahlasov s cookies, tvorbu \u0161tatist\u00edk a zobrazovanie extern\u00e9ho obsahu, ako s\u00fa vide\u00e1 Vimeo. Niektor\u00e9 technol\u00f3gie tret\u00edch str\u00e1n sa aktivuj\u00fa a\u017e po udelen\u00ed s\u00fahlasu pou\u017e\u00edvate\u013ea, s v\u00fdnimkou [&hellip;]\" \/>\n<meta property=\"og:url\" content=\"https:\/\/www.humanuspraca.pl\/sk\/zasady-pouzivania-suborov-cookies\/\" \/>\n<meta property=\"og:site_name\" content=\"Humanus\" \/>\n<meta property=\"article:modified_time\" content=\"2026-04-17T18:14:30+00:00\" \/>\n<meta name=\"twitter:card\" content=\"summary_large_image\" \/>\n<meta name=\"twitter:label1\" content=\"Est. reading time\" \/>\n\t<meta name=\"twitter:data1\" content=\"8 min\u00fat\" \/>\n<script type=\"application\/ld+json\" class=\"yoast-schema-graph\">{\"@context\":\"https:\/\/schema.org\",\"@graph\":[{\"@type\":\"WebPage\",\"@id\":\"https:\/\/www.humanuspraca.pl\/sk\/zasady-pouzivania-suborov-cookies\/\",\"url\":\"https:\/\/www.humanuspraca.pl\/sk\/zasady-pouzivania-suborov-cookies\/\",\"name\":\"Z\u00e1sady pou\u017e\u00edvania s\u00faborov cookies - Humanus\",\"isPartOf\":{\"@id\":\"https:\/\/www.humanuspraca.pl\/#website\"},\"datePublished\":\"2026-04-17T11:38:53+00:00\",\"dateModified\":\"2026-04-17T18:14:30+00:00\",\"breadcrumb\":{\"@id\":\"https:\/\/www.humanuspraca.pl\/sk\/zasady-pouzivania-suborov-cookies\/#breadcrumb\"},\"inLanguage\":\"sk-SK\",\"potentialAction\":[{\"@type\":\"ReadAction\",\"target\":[\"https:\/\/www.humanuspraca.pl\/sk\/zasady-pouzivania-suborov-cookies\/\"]}]},{\"@type\":\"BreadcrumbList\",\"@id\":\"https:\/\/www.humanuspraca.pl\/sk\/zasady-pouzivania-suborov-cookies\/#breadcrumb\",\"itemListElement\":[{\"@type\":\"ListItem\",\"position\":1,\"name\":\"Strona g\u0142\u00f3wna\",\"item\":\"https:\/\/www.humanuspraca.pl\/sk\/\"},{\"@type\":\"ListItem\",\"position\":2,\"name\":\"Z\u00e1sady pou\u017e\u00edvania s\u00faborov cookies\"}]},{\"@type\":\"WebSite\",\"@id\":\"https:\/\/www.humanuspraca.pl\/#website\",\"url\":\"https:\/\/www.humanuspraca.pl\/\",\"name\":\"Humanus\",\"description\":\"Simply fair work\",\"potentialAction\":[{\"@type\":\"SearchAction\",\"target\":{\"@type\":\"EntryPoint\",\"urlTemplate\":\"https:\/\/www.humanuspraca.pl\/?s={search_term_string}\"},\"query-input\":\"required name=search_term_string\"}],\"inLanguage\":\"sk-SK\"}]}<\/script>\n<!-- \/ Yoast SEO plugin. -->","yoast_head_json":{"title":"Z\u00e1sady pou\u017e\u00edvania s\u00faborov cookies - Humanus","robots":{"index":"index","follow":"follow","max-snippet":"max-snippet:-1","max-image-preview":"max-image-preview:large","max-video-preview":"max-video-preview:-1"},"canonical":"https:\/\/www.humanuspraca.pl\/sk\/zasady-pouzivania-suborov-cookies\/","og_locale":"sk_SK","og_type":"article","og_title":"Z\u00e1sady pou\u017e\u00edvania s\u00faborov cookies - Humanus","og_description":"Webov\u00e1 str\u00e1nka: humanuspraca.pl D\u00e1tum poslednej aktualiz\u00e1cie: 17. apr\u00edla 2026 Najd\u00f4le\u017eitej\u0161ie inform\u00e1cie:\u00a0webov\u00e1 str\u00e1nka pou\u017e\u00edva s\u00fabory cookies a podobn\u00e9 technol\u00f3gie na zabezpe\u010denie spr\u00e1vneho fungovania str\u00e1nky, zapam\u00e4tanie pou\u017e\u00edvate\u013esk\u00fdch nastaven\u00ed, podporu viacjazy\u010dnosti, spr\u00e1vu s\u00fahlasov s cookies, tvorbu \u0161tatist\u00edk a zobrazovanie extern\u00e9ho obsahu, ako s\u00fa vide\u00e1 Vimeo. Niektor\u00e9 technol\u00f3gie tret\u00edch str\u00e1n sa aktivuj\u00fa a\u017e po udelen\u00ed s\u00fahlasu pou\u017e\u00edvate\u013ea, s v\u00fdnimkou [&hellip;]","og_url":"https:\/\/www.humanuspraca.pl\/sk\/zasady-pouzivania-suborov-cookies\/","og_site_name":"Humanus","article_modified_time":"2026-04-17T18:14:30+00:00","twitter_card":"summary_large_image","twitter_misc":{"Est. reading time":"8 min\u00fat"},"schema":{"@context":"https:\/\/schema.org","@graph":[{"@type":"WebPage","@id":"https:\/\/www.humanuspraca.pl\/sk\/zasady-pouzivania-suborov-cookies\/","url":"https:\/\/www.humanuspraca.pl\/sk\/zasady-pouzivania-suborov-cookies\/","name":"Z\u00e1sady pou\u017e\u00edvania s\u00faborov cookies - Humanus","isPartOf":{"@id":"https:\/\/www.humanuspraca.pl\/#website"},"datePublished":"2026-04-17T11:38:53+00:00","dateModified":"2026-04-17T18:14:30+00:00","breadcrumb":{"@id":"https:\/\/www.humanuspraca.pl\/sk\/zasady-pouzivania-suborov-cookies\/#breadcrumb"},"inLanguage":"sk-SK","potentialAction":[{"@type":"ReadAction","target":["https:\/\/www.humanuspraca.pl\/sk\/zasady-pouzivania-suborov-cookies\/"]}]},{"@type":"BreadcrumbList","@id":"https:\/\/www.humanuspraca.pl\/sk\/zasady-pouzivania-suborov-cookies\/#breadcrumb","itemListElement":[{"@type":"ListItem","position":1,"name":"Strona g\u0142\u00f3wna","item":"https:\/\/www.humanuspraca.pl\/sk\/"},{"@type":"ListItem","position":2,"name":"Z\u00e1sady pou\u017e\u00edvania s\u00faborov cookies"}]},{"@type":"WebSite","@id":"https:\/\/www.humanuspraca.pl\/#website","url":"https:\/\/www.humanuspraca.pl\/","name":"Humanus","description":"Simply fair work","potentialAction":[{"@type":"SearchAction","target":{"@type":"EntryPoint","urlTemplate":"https:\/\/www.humanuspraca.pl\/?s={search_term_string}"},"query-input":"required name=search_term_string"}],"inLanguage":"sk-SK"}]}},"_links":{"self":[{"href":"https:\/\/www.humanuspraca.pl\/sk\/wp-json\/wp\/v2\/pages\/7798"}],"collection":[{"href":"https:\/\/www.humanuspraca.pl\/sk\/wp-json\/wp\/v2\/pages"}],"about":[{"href":"https:\/\/www.humanuspraca.pl\/sk\/wp-json\/wp\/v2\/types\/page"}],"author":[{"embeddable":true,"href":"https:\/\/www.humanuspraca.pl\/sk\/wp-json\/wp\/v2\/users\/2"}],"replies":[{"embeddable":true,"href":"https:\/\/www.humanuspraca.pl\/sk\/wp-json\/wp\/v2\/comments?post=7798"}],"version-history":[{"count":1,"href":"https:\/\/www.humanuspraca.pl\/sk\/wp-json\/wp\/v2\/pages\/7798\/revisions"}],"predecessor-version":[{"id":7799,"href":"https:\/\/www.humanuspraca.pl\/sk\/wp-json\/wp\/v2\/pages\/7798\/revisions\/7799"}],"wp:attachment":[{"href":"https:\/\/www.humanuspraca.pl\/sk\/wp-json\/wp\/v2\/media?parent=7798"}],"curies":[{"name":"wp","href":"https:\/\/api.w.org\/{rel}","templated":true}]}}