{"id":7273,"date":"2019-03-04T08:36:00","date_gmt":"2019-03-04T07:36:00","guid":{"rendered":"https:\/\/www.humanuspraca.pl\/domovska-stranka\/"},"modified":"2026-03-30T14:41:09","modified_gmt":"2026-03-30T12:41:09","slug":"domovska-stranka","status":"publish","type":"page","link":"https:\/\/www.humanuspraca.pl\/sk\/","title":{"rendered":"Domovsk\u00e1 str\u00e1nka"},"content":{"rendered":"","protected":false},"excerpt":{"rendered":"","protected":false},"author":3,"featured_media":0,"parent":0,"menu_order":0,"comment_status":"closed","ping_status":"closed","template":"","meta":{"_joinchat":[]},"acf":[],"yoast_head":"<!-- This site is optimized with the Yoast SEO plugin v20.8 - https:\/\/yoast.com\/wordpress\/plugins\/seo\/ -->\n<title>Domovsk\u00e1 str\u00e1nka - Humanus<\/title>\n<meta name=\"description\" content=\"Humanus je t\u00edm odborn\u00edkov, ktor\u00ed sa venuj\u00fa h\u013eadaniu zamestnania v Nemecku pre kvalifikovan\u00fdch odborn\u00edkov z Po\u013eska.\" \/>\n<meta name=\"robots\" content=\"index, follow, max-snippet:-1, max-image-preview:large, max-video-preview:-1\" \/>\n<link rel=\"canonical\" href=\"https:\/\/www.humanuspraca.pl\/sk\/\" \/>\n<meta property=\"og:locale\" content=\"sk_SK\" \/>\n<meta property=\"og:type\" content=\"article\" \/>\n<meta property=\"og:title\" content=\"Domovsk\u00e1 str\u00e1nka - Humanus\" \/>\n<meta property=\"og:description\" content=\"Humanus je t\u00edm odborn\u00edkov, ktor\u00ed sa venuj\u00fa h\u013eadaniu zamestnania v Nemecku pre kvalifikovan\u00fdch odborn\u00edkov z Po\u013eska.\" \/>\n<meta property=\"og:url\" content=\"https:\/\/www.humanuspraca.pl\/sk\/\" \/>\n<meta property=\"og:site_name\" content=\"Humanus\" \/>\n<meta property=\"article:modified_time\" content=\"2026-03-30T12:41:09+00:00\" \/>\n<meta name=\"twitter:card\" content=\"summary_large_image\" \/>\n<script type=\"application\/ld+json\" class=\"yoast-schema-graph\">{\"@context\":\"https:\/\/schema.org\",\"@graph\":[{\"@type\":\"WebPage\",\"@id\":\"https:\/\/www.humanuspraca.pl\/sk\/\",\"url\":\"https:\/\/www.humanuspraca.pl\/sk\/\",\"name\":\"Domovsk\u00e1 str\u00e1nka - Humanus\",\"isPartOf\":{\"@id\":\"https:\/\/www.humanuspraca.pl\/#website\"},\"datePublished\":\"2019-03-04T07:36:00+00:00\",\"dateModified\":\"2026-03-30T12:41:09+00:00\",\"description\":\"Humanus je t\u00edm odborn\u00edkov, ktor\u00ed sa venuj\u00fa h\u013eadaniu zamestnania v Nemecku pre kvalifikovan\u00fdch odborn\u00edkov z Po\u013eska.\",\"breadcrumb\":{\"@id\":\"https:\/\/www.humanuspraca.pl\/sk\/#breadcrumb\"},\"inLanguage\":\"sk-SK\",\"potentialAction\":[{\"@type\":\"ReadAction\",\"target\":[\"https:\/\/www.humanuspraca.pl\/sk\/\"]}]},{\"@type\":\"BreadcrumbList\",\"@id\":\"https:\/\/www.humanuspraca.pl\/sk\/#breadcrumb\",\"itemListElement\":[{\"@type\":\"ListItem\",\"position\":1,\"name\":\"Strona g\u0142\u00f3wna\",\"item\":\"https:\/\/www.humanuspraca.pl\/sk\/\"},{\"@type\":\"ListItem\",\"position\":2,\"name\":\"Domovsk\u00e1 str\u00e1nka\"}]},{\"@type\":\"WebSite\",\"@id\":\"https:\/\/www.humanuspraca.pl\/#website\",\"url\":\"https:\/\/www.humanuspraca.pl\/\",\"name\":\"Humanus\",\"description\":\"Simply fair work\",\"potentialAction\":[{\"@type\":\"SearchAction\",\"target\":{\"@type\":\"EntryPoint\",\"urlTemplate\":\"https:\/\/www.humanuspraca.pl\/?s={search_term_string}\"},\"query-input\":\"required name=search_term_string\"}],\"inLanguage\":\"sk-SK\"}]}<\/script>\n<!-- \/ Yoast SEO plugin. -->","yoast_head_json":{"title":"Domovsk\u00e1 str\u00e1nka - Humanus","description":"Humanus je t\u00edm odborn\u00edkov, ktor\u00ed sa venuj\u00fa h\u013eadaniu zamestnania v Nemecku pre kvalifikovan\u00fdch odborn\u00edkov z Po\u013eska.","robots":{"index":"index","follow":"follow","max-snippet":"max-snippet:-1","max-image-preview":"max-image-preview:large","max-video-preview":"max-video-preview:-1"},"canonical":"https:\/\/www.humanuspraca.pl\/sk\/","og_locale":"sk_SK","og_type":"article","og_title":"Domovsk\u00e1 str\u00e1nka - Humanus","og_description":"Humanus je t\u00edm odborn\u00edkov, ktor\u00ed sa venuj\u00fa h\u013eadaniu zamestnania v Nemecku pre kvalifikovan\u00fdch odborn\u00edkov z Po\u013eska.","og_url":"https:\/\/www.humanuspraca.pl\/sk\/","og_site_name":"Humanus","article_modified_time":"2026-03-30T12:41:09+00:00","twitter_card":"summary_large_image","schema":{"@context":"https:\/\/schema.org","@graph":[{"@type":"WebPage","@id":"https:\/\/www.humanuspraca.pl\/sk\/","url":"https:\/\/www.humanuspraca.pl\/sk\/","name":"Domovsk\u00e1 str\u00e1nka - Humanus","isPartOf":{"@id":"https:\/\/www.humanuspraca.pl\/#website"},"datePublished":"2019-03-04T07:36:00+00:00","dateModified":"2026-03-30T12:41:09+00:00","description":"Humanus je t\u00edm odborn\u00edkov, ktor\u00ed sa venuj\u00fa h\u013eadaniu zamestnania v Nemecku pre kvalifikovan\u00fdch odborn\u00edkov z Po\u013eska.","breadcrumb":{"@id":"https:\/\/www.humanuspraca.pl\/sk\/#breadcrumb"},"inLanguage":"sk-SK","potentialAction":[{"@type":"ReadAction","target":["https:\/\/www.humanuspraca.pl\/sk\/"]}]},{"@type":"BreadcrumbList","@id":"https:\/\/www.humanuspraca.pl\/sk\/#breadcrumb","itemListElement":[{"@type":"ListItem","position":1,"name":"Strona g\u0142\u00f3wna","item":"https:\/\/www.humanuspraca.pl\/sk\/"},{"@type":"ListItem","position":2,"name":"Domovsk\u00e1 str\u00e1nka"}]},{"@type":"WebSite","@id":"https:\/\/www.humanuspraca.pl\/#website","url":"https:\/\/www.humanuspraca.pl\/","name":"Humanus","description":"Simply fair work","potentialAction":[{"@type":"SearchAction","target":{"@type":"EntryPoint","urlTemplate":"https:\/\/www.humanuspraca.pl\/?s={search_term_string}"},"query-input":"required name=search_term_string"}],"inLanguage":"sk-SK"}]}},"_links":{"self":[{"href":"https:\/\/www.humanuspraca.pl\/sk\/wp-json\/wp\/v2\/pages\/7273"}],"collection":[{"href":"https:\/\/www.humanuspraca.pl\/sk\/wp-json\/wp\/v2\/pages"}],"about":[{"href":"https:\/\/www.humanuspraca.pl\/sk\/wp-json\/wp\/v2\/types\/page"}],"author":[{"embeddable":true,"href":"https:\/\/www.humanuspraca.pl\/sk\/wp-json\/wp\/v2\/users\/3"}],"replies":[{"embeddable":true,"href":"https:\/\/www.humanuspraca.pl\/sk\/wp-json\/wp\/v2\/comments?post=7273"}],"version-history":[{"count":1,"href":"https:\/\/www.humanuspraca.pl\/sk\/wp-json\/wp\/v2\/pages\/7273\/revisions"}],"predecessor-version":[{"id":7288,"href":"https:\/\/www.humanuspraca.pl\/sk\/wp-json\/wp\/v2\/pages\/7273\/revisions\/7288"}],"wp:attachment":[{"href":"https:\/\/www.humanuspraca.pl\/sk\/wp-json\/wp\/v2\/media?parent=7273"}],"curies":[{"name":"wp","href":"https:\/\/api.w.org\/{rel}","templated":true}]}}