{"id":4438,"date":"2023-04-24T11:56:33","date_gmt":"2023-04-24T09:56:33","guid":{"rendered":"https:\/\/www.humanuspraca.pl\/despre-noi\/"},"modified":"2026-01-30T09:00:54","modified_gmt":"2026-01-30T08:00:54","slug":"despre-noi","status":"publish","type":"page","link":"https:\/\/www.humanuspraca.pl\/ro\/despre-noi\/","title":{"rendered":"Despre noi"},"content":{"rendered":"","protected":false},"excerpt":{"rendered":"","protected":false},"author":3,"featured_media":0,"parent":0,"menu_order":0,"comment_status":"closed","ping_status":"closed","template":"template-about-us.php","meta":{"_joinchat":[]},"acf":[],"yoast_head":"<!-- This site is optimized with the Yoast SEO plugin v20.8 - https:\/\/yoast.com\/wordpress\/plugins\/seo\/ -->\n<title>Despre noi - Humanus<\/title>\n<meta name=\"description\" content=\"Cunoa\u0219te\u021bi mai bine Humanus \u0219i echipa noastr\u0103. Vede\u021bi c\u00e2te persoane am ajutat deja s\u0103-\u0219i g\u0103seasc\u0103 un loc de munc\u0103 \u00een Germania\" \/>\n<meta name=\"robots\" content=\"index, follow, max-snippet:-1, max-image-preview:large, max-video-preview:-1\" \/>\n<link rel=\"canonical\" href=\"https:\/\/www.humanuspraca.pl\/ro\/despre-noi\/\" \/>\n<meta property=\"og:locale\" content=\"ro_RO\" \/>\n<meta property=\"og:type\" content=\"article\" \/>\n<meta property=\"og:title\" content=\"Despre noi - Humanus\" \/>\n<meta property=\"og:description\" content=\"Cunoa\u0219te\u021bi mai bine Humanus \u0219i echipa noastr\u0103. Vede\u021bi c\u00e2te persoane am ajutat deja s\u0103-\u0219i g\u0103seasc\u0103 un loc de munc\u0103 \u00een Germania\" \/>\n<meta property=\"og:url\" content=\"https:\/\/www.humanuspraca.pl\/ro\/despre-noi\/\" \/>\n<meta property=\"og:site_name\" content=\"Humanus\" \/>\n<meta property=\"article:modified_time\" content=\"2026-01-30T08:00:54+00:00\" \/>\n<meta name=\"twitter:card\" content=\"summary_large_image\" \/>\n<script type=\"application\/ld+json\" class=\"yoast-schema-graph\">{\"@context\":\"https:\/\/schema.org\",\"@graph\":[{\"@type\":\"WebPage\",\"@id\":\"https:\/\/www.humanuspraca.pl\/ro\/despre-noi\/\",\"url\":\"https:\/\/www.humanuspraca.pl\/ro\/despre-noi\/\",\"name\":\"Despre noi - Humanus\",\"isPartOf\":{\"@id\":\"https:\/\/www.humanuspraca.pl\/#website\"},\"datePublished\":\"2023-04-24T09:56:33+00:00\",\"dateModified\":\"2026-01-30T08:00:54+00:00\",\"description\":\"Cunoa\u0219te\u021bi mai bine Humanus \u0219i echipa noastr\u0103. Vede\u021bi c\u00e2te persoane am ajutat deja s\u0103-\u0219i g\u0103seasc\u0103 un loc de munc\u0103 \u00een Germania\",\"breadcrumb\":{\"@id\":\"https:\/\/www.humanuspraca.pl\/ro\/despre-noi\/#breadcrumb\"},\"inLanguage\":\"ro-RO\",\"potentialAction\":[{\"@type\":\"ReadAction\",\"target\":[\"https:\/\/www.humanuspraca.pl\/ro\/despre-noi\/\"]}]},{\"@type\":\"BreadcrumbList\",\"@id\":\"https:\/\/www.humanuspraca.pl\/ro\/despre-noi\/#breadcrumb\",\"itemListElement\":[{\"@type\":\"ListItem\",\"position\":1,\"name\":\"Strona g\u0142\u00f3wna\",\"item\":\"https:\/\/www.humanuspraca.pl\/ro\/\"},{\"@type\":\"ListItem\",\"position\":2,\"name\":\"Despre noi\"}]},{\"@type\":\"WebSite\",\"@id\":\"https:\/\/www.humanuspraca.pl\/#website\",\"url\":\"https:\/\/www.humanuspraca.pl\/\",\"name\":\"Humanus\",\"description\":\"Munc\u0103 corect\u0103, pur \u0219i simplu\",\"potentialAction\":[{\"@type\":\"SearchAction\",\"target\":{\"@type\":\"EntryPoint\",\"urlTemplate\":\"https:\/\/www.humanuspraca.pl\/?s={search_term_string}\"},\"query-input\":\"required name=search_term_string\"}],\"inLanguage\":\"ro-RO\"}]}<\/script>\n<!-- \/ Yoast SEO plugin. -->","yoast_head_json":{"title":"Despre noi - Humanus","description":"Cunoa\u0219te\u021bi mai bine Humanus \u0219i echipa noastr\u0103. Vede\u021bi c\u00e2te persoane am ajutat deja s\u0103-\u0219i g\u0103seasc\u0103 un loc de munc\u0103 \u00een Germania","robots":{"index":"index","follow":"follow","max-snippet":"max-snippet:-1","max-image-preview":"max-image-preview:large","max-video-preview":"max-video-preview:-1"},"canonical":"https:\/\/www.humanuspraca.pl\/ro\/despre-noi\/","og_locale":"ro_RO","og_type":"article","og_title":"Despre noi - Humanus","og_description":"Cunoa\u0219te\u021bi mai bine Humanus \u0219i echipa noastr\u0103. Vede\u021bi c\u00e2te persoane am ajutat deja s\u0103-\u0219i g\u0103seasc\u0103 un loc de munc\u0103 \u00een Germania","og_url":"https:\/\/www.humanuspraca.pl\/ro\/despre-noi\/","og_site_name":"Humanus","article_modified_time":"2026-01-30T08:00:54+00:00","twitter_card":"summary_large_image","schema":{"@context":"https:\/\/schema.org","@graph":[{"@type":"WebPage","@id":"https:\/\/www.humanuspraca.pl\/ro\/despre-noi\/","url":"https:\/\/www.humanuspraca.pl\/ro\/despre-noi\/","name":"Despre noi - Humanus","isPartOf":{"@id":"https:\/\/www.humanuspraca.pl\/#website"},"datePublished":"2023-04-24T09:56:33+00:00","dateModified":"2026-01-30T08:00:54+00:00","description":"Cunoa\u0219te\u021bi mai bine Humanus \u0219i echipa noastr\u0103. Vede\u021bi c\u00e2te persoane am ajutat deja s\u0103-\u0219i g\u0103seasc\u0103 un loc de munc\u0103 \u00een Germania","breadcrumb":{"@id":"https:\/\/www.humanuspraca.pl\/ro\/despre-noi\/#breadcrumb"},"inLanguage":"ro-RO","potentialAction":[{"@type":"ReadAction","target":["https:\/\/www.humanuspraca.pl\/ro\/despre-noi\/"]}]},{"@type":"BreadcrumbList","@id":"https:\/\/www.humanuspraca.pl\/ro\/despre-noi\/#breadcrumb","itemListElement":[{"@type":"ListItem","position":1,"name":"Strona g\u0142\u00f3wna","item":"https:\/\/www.humanuspraca.pl\/ro\/"},{"@type":"ListItem","position":2,"name":"Despre noi"}]},{"@type":"WebSite","@id":"https:\/\/www.humanuspraca.pl\/#website","url":"https:\/\/www.humanuspraca.pl\/","name":"Humanus","description":"Munc\u0103 corect\u0103, pur \u0219i simplu","potentialAction":[{"@type":"SearchAction","target":{"@type":"EntryPoint","urlTemplate":"https:\/\/www.humanuspraca.pl\/?s={search_term_string}"},"query-input":"required name=search_term_string"}],"inLanguage":"ro-RO"}]}},"_links":{"self":[{"href":"https:\/\/www.humanuspraca.pl\/ro\/wp-json\/wp\/v2\/pages\/4438"}],"collection":[{"href":"https:\/\/www.humanuspraca.pl\/ro\/wp-json\/wp\/v2\/pages"}],"about":[{"href":"https:\/\/www.humanuspraca.pl\/ro\/wp-json\/wp\/v2\/types\/page"}],"author":[{"embeddable":true,"href":"https:\/\/www.humanuspraca.pl\/ro\/wp-json\/wp\/v2\/users\/3"}],"replies":[{"embeddable":true,"href":"https:\/\/www.humanuspraca.pl\/ro\/wp-json\/wp\/v2\/comments?post=4438"}],"version-history":[{"count":3,"href":"https:\/\/www.humanuspraca.pl\/ro\/wp-json\/wp\/v2\/pages\/4438\/revisions"}],"predecessor-version":[{"id":4645,"href":"https:\/\/www.humanuspraca.pl\/ro\/wp-json\/wp\/v2\/pages\/4438\/revisions\/4645"}],"wp:attachment":[{"href":"https:\/\/www.humanuspraca.pl\/ro\/wp-json\/wp\/v2\/media?parent=4438"}],"curies":[{"name":"wp","href":"https:\/\/api.w.org\/{rel}","templated":true}]}}