{"id":4436,"date":"2023-04-24T11:57:59","date_gmt":"2023-04-24T09:57:59","guid":{"rendered":"https:\/\/www.humanuspraca.pl\/persoana-de-contact\/"},"modified":"2026-01-29T17:57:10","modified_gmt":"2026-01-29T16:57:10","slug":"persoana-de-contact","status":"publish","type":"page","link":"https:\/\/www.humanuspraca.pl\/ro\/persoana-de-contact\/","title":{"rendered":"Contact"},"content":{"rendered":"","protected":false},"excerpt":{"rendered":"","protected":false},"author":3,"featured_media":0,"parent":0,"menu_order":0,"comment_status":"closed","ping_status":"closed","template":"template-kontakt.php","meta":{"_joinchat":[]},"acf":[],"yoast_head":"<!-- This site is optimized with the Yoast SEO plugin v20.8 - https:\/\/yoast.com\/wordpress\/plugins\/seo\/ -->\n<title>Contact - Humanus<\/title>\n<meta name=\"description\" content=\"Sunte\u021bi \u00een c\u0103utarea unui loc de munc\u0103? Ave\u021bi \u00eentreb\u0103ri? Vom fi bucuro\u0219i s\u0103 v\u0103 r\u0103spundem la \u00eentreb\u0103ri. Contacta\u021bi Humanus prin telefon sau e-mail.\" \/>\n<meta name=\"robots\" content=\"index, follow, max-snippet:-1, max-image-preview:large, max-video-preview:-1\" \/>\n<link rel=\"canonical\" href=\"https:\/\/www.humanuspraca.pl\/ro\/persoana-de-contact\/\" \/>\n<meta property=\"og:locale\" content=\"ro_RO\" \/>\n<meta property=\"og:type\" content=\"article\" \/>\n<meta property=\"og:title\" content=\"Contact - Humanus\" \/>\n<meta property=\"og:description\" content=\"Sunte\u021bi \u00een c\u0103utarea unui loc de munc\u0103? Ave\u021bi \u00eentreb\u0103ri? Vom fi bucuro\u0219i s\u0103 v\u0103 r\u0103spundem la \u00eentreb\u0103ri. Contacta\u021bi Humanus prin telefon sau e-mail.\" \/>\n<meta property=\"og:url\" content=\"https:\/\/www.humanuspraca.pl\/ro\/persoana-de-contact\/\" \/>\n<meta property=\"og:site_name\" content=\"Humanus\" \/>\n<meta property=\"article:modified_time\" content=\"2026-01-29T16:57:10+00:00\" \/>\n<meta name=\"twitter:card\" content=\"summary_large_image\" \/>\n<script type=\"application\/ld+json\" class=\"yoast-schema-graph\">{\"@context\":\"https:\/\/schema.org\",\"@graph\":[{\"@type\":\"WebPage\",\"@id\":\"https:\/\/www.humanuspraca.pl\/ro\/persoana-de-contact\/\",\"url\":\"https:\/\/www.humanuspraca.pl\/ro\/persoana-de-contact\/\",\"name\":\"Contact - Humanus\",\"isPartOf\":{\"@id\":\"https:\/\/www.humanuspraca.pl\/#website\"},\"datePublished\":\"2023-04-24T09:57:59+00:00\",\"dateModified\":\"2026-01-29T16:57:10+00:00\",\"description\":\"Sunte\u021bi \u00een c\u0103utarea unui loc de munc\u0103? Ave\u021bi \u00eentreb\u0103ri? Vom fi bucuro\u0219i s\u0103 v\u0103 r\u0103spundem la \u00eentreb\u0103ri. Contacta\u021bi Humanus prin telefon sau e-mail.\",\"breadcrumb\":{\"@id\":\"https:\/\/www.humanuspraca.pl\/ro\/persoana-de-contact\/#breadcrumb\"},\"inLanguage\":\"ro-RO\",\"potentialAction\":[{\"@type\":\"ReadAction\",\"target\":[\"https:\/\/www.humanuspraca.pl\/ro\/persoana-de-contact\/\"]}]},{\"@type\":\"BreadcrumbList\",\"@id\":\"https:\/\/www.humanuspraca.pl\/ro\/persoana-de-contact\/#breadcrumb\",\"itemListElement\":[{\"@type\":\"ListItem\",\"position\":1,\"name\":\"Strona g\u0142\u00f3wna\",\"item\":\"https:\/\/www.humanuspraca.pl\/ro\/\"},{\"@type\":\"ListItem\",\"position\":2,\"name\":\"Contact\"}]},{\"@type\":\"WebSite\",\"@id\":\"https:\/\/www.humanuspraca.pl\/#website\",\"url\":\"https:\/\/www.humanuspraca.pl\/\",\"name\":\"Humanus\",\"description\":\"Munc\u0103 corect\u0103, pur \u0219i simplu\",\"potentialAction\":[{\"@type\":\"SearchAction\",\"target\":{\"@type\":\"EntryPoint\",\"urlTemplate\":\"https:\/\/www.humanuspraca.pl\/?s={search_term_string}\"},\"query-input\":\"required name=search_term_string\"}],\"inLanguage\":\"ro-RO\"}]}<\/script>\n<!-- \/ Yoast SEO plugin. -->","yoast_head_json":{"title":"Contact - Humanus","description":"Sunte\u021bi \u00een c\u0103utarea unui loc de munc\u0103? Ave\u021bi \u00eentreb\u0103ri? Vom fi bucuro\u0219i s\u0103 v\u0103 r\u0103spundem la \u00eentreb\u0103ri. Contacta\u021bi Humanus prin telefon sau e-mail.","robots":{"index":"index","follow":"follow","max-snippet":"max-snippet:-1","max-image-preview":"max-image-preview:large","max-video-preview":"max-video-preview:-1"},"canonical":"https:\/\/www.humanuspraca.pl\/ro\/persoana-de-contact\/","og_locale":"ro_RO","og_type":"article","og_title":"Contact - Humanus","og_description":"Sunte\u021bi \u00een c\u0103utarea unui loc de munc\u0103? Ave\u021bi \u00eentreb\u0103ri? Vom fi bucuro\u0219i s\u0103 v\u0103 r\u0103spundem la \u00eentreb\u0103ri. Contacta\u021bi Humanus prin telefon sau e-mail.","og_url":"https:\/\/www.humanuspraca.pl\/ro\/persoana-de-contact\/","og_site_name":"Humanus","article_modified_time":"2026-01-29T16:57:10+00:00","twitter_card":"summary_large_image","schema":{"@context":"https:\/\/schema.org","@graph":[{"@type":"WebPage","@id":"https:\/\/www.humanuspraca.pl\/ro\/persoana-de-contact\/","url":"https:\/\/www.humanuspraca.pl\/ro\/persoana-de-contact\/","name":"Contact - Humanus","isPartOf":{"@id":"https:\/\/www.humanuspraca.pl\/#website"},"datePublished":"2023-04-24T09:57:59+00:00","dateModified":"2026-01-29T16:57:10+00:00","description":"Sunte\u021bi \u00een c\u0103utarea unui loc de munc\u0103? Ave\u021bi \u00eentreb\u0103ri? Vom fi bucuro\u0219i s\u0103 v\u0103 r\u0103spundem la \u00eentreb\u0103ri. Contacta\u021bi Humanus prin telefon sau e-mail.","breadcrumb":{"@id":"https:\/\/www.humanuspraca.pl\/ro\/persoana-de-contact\/#breadcrumb"},"inLanguage":"ro-RO","potentialAction":[{"@type":"ReadAction","target":["https:\/\/www.humanuspraca.pl\/ro\/persoana-de-contact\/"]}]},{"@type":"BreadcrumbList","@id":"https:\/\/www.humanuspraca.pl\/ro\/persoana-de-contact\/#breadcrumb","itemListElement":[{"@type":"ListItem","position":1,"name":"Strona g\u0142\u00f3wna","item":"https:\/\/www.humanuspraca.pl\/ro\/"},{"@type":"ListItem","position":2,"name":"Contact"}]},{"@type":"WebSite","@id":"https:\/\/www.humanuspraca.pl\/#website","url":"https:\/\/www.humanuspraca.pl\/","name":"Humanus","description":"Munc\u0103 corect\u0103, pur \u0219i simplu","potentialAction":[{"@type":"SearchAction","target":{"@type":"EntryPoint","urlTemplate":"https:\/\/www.humanuspraca.pl\/?s={search_term_string}"},"query-input":"required name=search_term_string"}],"inLanguage":"ro-RO"}]}},"_links":{"self":[{"href":"https:\/\/www.humanuspraca.pl\/ro\/wp-json\/wp\/v2\/pages\/4436"}],"collection":[{"href":"https:\/\/www.humanuspraca.pl\/ro\/wp-json\/wp\/v2\/pages"}],"about":[{"href":"https:\/\/www.humanuspraca.pl\/ro\/wp-json\/wp\/v2\/types\/page"}],"author":[{"embeddable":true,"href":"https:\/\/www.humanuspraca.pl\/ro\/wp-json\/wp\/v2\/users\/3"}],"replies":[{"embeddable":true,"href":"https:\/\/www.humanuspraca.pl\/ro\/wp-json\/wp\/v2\/comments?post=4436"}],"version-history":[{"count":20,"href":"https:\/\/www.humanuspraca.pl\/ro\/wp-json\/wp\/v2\/pages\/4436\/revisions"}],"predecessor-version":[{"id":4715,"href":"https:\/\/www.humanuspraca.pl\/ro\/wp-json\/wp\/v2\/pages\/4436\/revisions\/4715"}],"wp:attachment":[{"href":"https:\/\/www.humanuspraca.pl\/ro\/wp-json\/wp\/v2\/media?parent=4436"}],"curies":[{"name":"wp","href":"https:\/\/api.w.org\/{rel}","templated":true}]}}