{"id":6814,"date":"2023-05-26T15:32:33","date_gmt":"2023-05-26T13:32:33","guid":{"rendered":"https:\/\/www.humanuspraca.pl\/jogi-nyilatkozat\/"},"modified":"2026-03-13T15:33:27","modified_gmt":"2026-03-13T14:33:27","slug":"jogi-nyilatkozat","status":"publish","type":"page","link":"https:\/\/www.humanuspraca.pl\/hu\/jogi-nyilatkozat\/","title":{"rendered":"Jogi nyilatkozat"},"content":{"rendered":"<div class=\"rs-column -large-col-2-1 -large-first -large-first-row -medium-col-2-1 -medium-first -medium-first-row -small-col-1-1 -small-first -small-last -small-first-row\">\n<div class=\"icon-text-block ce_rsce_tao_icon_text_blocks\" data-icon=\"\ue0a1\">\n<p class=\"p1\"><span class=\"s1\">Humanus Personnel Service GmbH<br \/><\/span><span class=\"s1\">N\u00fcrnberger Strasse 64<br \/><\/span><span class=\"s1\">86720 N\u00f6rdlingen<\/span><\/p>\n<p class=\"p1\"><span class=\"s1\">Telefon: 09081\/ 789 59 0<br \/><\/span><span class=\"s2\">F<\/span><span class=\"s1\">ax: 09081\/ 2187163<br \/><\/span>E-Mail: <span id=\"cloak99128\"><span id=\"cloakca1b54c90c21670db64656f2d4e9526b\"><a href=\"mailto:info@humanus-personalservice.de\">info@humanus-personalservice.de<\/a><\/span><\/span><\/p>\n<\/div>\n<\/div>\n<div class=\"rs-column -large-col-2-1 -large-last -large-first-row -medium-col-2-1 -medium-last -medium-first-row -small-col-1-1 -small-first -small-last\">\n<div class=\"icon-text-block ce_rsce_tao_icon_text_blocks\" data-icon=\"\ue0e5\">\n<p class=\"p1\"><strong><span class=\"s1\"><br \/>Felel\u0151s szem\u00e9ly:<\/span><\/strong><\/p>\n<p class=\"p2\"><span class=\"s1\">Philipp Erik Breitenfeld (eln\u00f6k)<\/span><\/p>\n<p class=\"p2\"><span class=\"s1\">Kereskedelmi nyilv\u00e1ntart\u00e1sba v\u00e9tel<br \/><\/span><span class=\"s1\">Nyilv\u00e1ntart\u00e1st vezet\u0151 b\u00edr\u00f3s\u00e1g: Augsburg Ker\u00fcleti B\u00edr\u00f3s\u00e1g<br \/><\/span><span class=\"s1\">Nyilv\u00e1ntart\u00e1si sz\u00e1m: HRB 27662<\/span><\/p>\n<p class=\"p2\"><span class=\"s1\">A forgalmi ad\u00f3t\u00f6rv\u00e9ny 27a. \u00a7-a szerinti ad\u00f3sz\u00e1m: <\/span><span class=\"s1\">DE287727735<\/span><\/p>\n<\/div>\n<\/div>\n<p>&nbsp;<\/p>\n<p><strong>Fel\u00fcgyeleti hat\u00f3s\u00e1g:<\/strong><br \/>N\u00fcrnbergi Munka\u00fcgyi Hivatal<br \/>Sz\u00f6vets\u00e9gi Munka\u00fcgyi Hivatal, N\u00fcrnberg<\/p>\n<p>&nbsp;<\/p>\n<h2>A vit\u00e1k rendez\u00e9se<\/h2>\n<p>Nem vagyunk k\u00f6telesek r\u00e9szt venni a Fogyaszt\u00f3v\u00e9delmi Hivatal el\u0151tt foly\u00f3 vitarendez\u00e9si elj\u00e1r\u00e1sokban.<\/p>\n<p>&nbsp;<\/p>\n<h2>Felel\u0151ss\u00e9g a tartalom\u00e9rt<\/h2>\n<p>Szolg\u00e1ltat\u00f3k\u00e9nt, a n\u00e9met telem\u00e9diat\u00f6rv\u00e9ny (TMG) 7. \u00a7 (1) bekezd\u00e9s\u00e9nek megfelel\u0151en felel\u0151ss\u00e9ggel tartozunk a weboldalunkon k\u00f6zz\u00e9tett tartalmak\u00e9rt. A TMG 8\u201310. \u00a7-a \u00e9rtelm\u00e9ben nem vagyunk k\u00f6telesek figyelemmel k\u00eds\u00e9rni a harmadik felek \u00e1ltal tov\u00e1bb\u00edtott vagy t\u00e1rolt inform\u00e1ci\u00f3kat, \u00e9s nem vagyunk k\u00f6telesek kivizsg\u00e1lni azokat a k\u00f6r\u00fclm\u00e9nyeket, amelyek jogellenes tev\u00e9kenys\u00e9gre utalnak.  <\/p>\n<p>Ez nem \u00e9rinti azt a k\u00f6telezetts\u00e9get, hogy a tartalmakat elt\u00e1vol\u00edtsuk vagy letiltsuk, valamint hogy az inform\u00e1ci\u00f3kat az \u00e1ltal\u00e1nos jogi rendelkez\u00e9seknek megfelel\u0151en kezelj\u00fck. Az ezzel kapcsolatos felel\u0151ss\u00e9g azonban csak akkor keletkezik, ha konkr\u00e9t jogs\u00e9rt\u00e9sr\u0151l \u00e9rtes\u00edtenek minket. Amennyiben ilyen jogs\u00e9rt\u00e9sekr\u0151l tudom\u00e1st szerz\u00fcnk, a k\u00e9rd\u00e9ses tartalmakat elt\u00e1vol\u00edtjuk.  <\/p>\n<p>&nbsp;<\/p>\n<h2>Felel\u0151ss\u00e9g a linkek\u00e9rt<\/h2>\n<p>Weboldalunk olyan k\u00fcls\u0151, harmadik felek \u00e1ltal \u00fczemeltetett weboldalakra mutat\u00f3 linkeket tartalmaz, amelyek tartalm\u00e1ra nincs befoly\u00e1sunk. Ez\u00e9rt azok tartalm\u00e1\u00e9rt semmilyen felel\u0151ss\u00e9get nem v\u00e1llalunk. A linkelt weboldalak tartalm\u00e1\u00e9rt minden esetben az adott weboldal szolg\u00e1ltat\u00f3ja vagy \u00fczemeltet\u0151je felel. A linkek l\u00e9trehoz\u00e1sakor a weboldalakat jogs\u00e9rt\u00e9sek szempontj\u00e1b\u00f3l ellen\u0151rizt\u00fck. Jogellenes tartalmat nem tal\u00e1ltunk.    <\/p>\n<p>Ugyanakkor nincs indok arra, hogy harmadik felek jogainak megs\u00e9rt\u00e9s\u00e9re utal\u00f3 konkr\u00e9t bizony\u00edt\u00e9k hi\u00e1ny\u00e1ban folyamatosan ellen\u0151rizz\u00fck a hivatkozott weboldalak tartalm\u00e1t. Amennyiben ilyen jogs\u00e9rt\u00e9sekr\u0151l szerez\u00fcnk tudom\u00e1st, az \u00e9rintett hivatkoz\u00e1sokat halad\u00e9ktalanul elt\u00e1vol\u00edtjuk. <\/p>\n<p>&nbsp;<\/p>\n<h2>Szerz\u0151i jog<\/h2>\n<p>A weboldalunkon k\u00f6zz\u00e9tett tartalmak \u00e9s m\u0171vek a n\u00e9met szerz\u0151i jogi t\u00f6rv\u00e9nyek hat\u00e1lya al\u00e1 tartoznak. Ezek sokszoros\u00edt\u00e1sa, szerkeszt\u00e9se, terjeszt\u00e9se, valamint a szerz\u0151i jogi t\u00f6rv\u00e9nyek hat\u00e1ly\u00e1n t\u00falmutat\u00f3 b\u00e1rmilyen felhaszn\u00e1l\u00e1sa az \u00e9rintett szerz\u0151 vagy alkot\u00f3 \u00edr\u00e1sbeli hozz\u00e1j\u00e1rul\u00e1s\u00e1t ig\u00e9nyli. Ezen oldalak let\u00f6lt\u00e9se \u00e9s m\u00e1sol\u00e1sa kiz\u00e1r\u00f3lag mag\u00e1nc\u00e9l\u00fa \u00e9s nem kereskedelmi felhaszn\u00e1l\u00e1sra enged\u00e9lyezett.  <\/p>\n<p>Amennyiben a weboldalon tal\u00e1lhat\u00f3 tartalmakat nem az \u00fczemeltet\u0151 \u00e1ll\u00edtotta \u00f6ssze, tiszteletben tartjuk a harmadik felek szerz\u0151i jogait. Ez k\u00fcl\u00f6n\u00f6sen a harmadik felek \u00e1ltal szolg\u00e1ltatott tartalmakra vonatkozik. Amennyiben m\u00e9gis szerz\u0151i jogi jogs\u00e9rt\u00e9sre der\u00fclne f\u00e9ny, k\u00e9rj\u00fck, \u00e9rtes\u00edtsen minket. Amennyiben jogs\u00e9rt\u00e9sr\u0151l szerez\u00fcnk tudom\u00e1st, az ilyen tartalmakat halad\u00e9ktalanul elt\u00e1vol\u00edtjuk.   <\/p>\n","protected":false},"excerpt":{"rendered":"<p>Humanus Personnel Service GmbHN\u00fcrnberger Strasse 6486720 N\u00f6rdlingen Telefon: 09081\/ 789 59 0Fax: 09081\/ 2187163E-Mail: info@humanus-personalservice.de Felel\u0151s szem\u00e9ly: Philipp Erik Breitenfeld (eln\u00f6k) Kereskedelmi nyilv\u00e1ntart\u00e1sba v\u00e9telNyilv\u00e1ntart\u00e1st vezet\u0151 b\u00edr\u00f3s\u00e1g: Augsburg Ker\u00fcleti B\u00edr\u00f3s\u00e1gNyilv\u00e1ntart\u00e1si sz\u00e1m: HRB 27662 A forgalmi ad\u00f3t\u00f6rv\u00e9ny 27a. \u00a7-a szerinti ad\u00f3sz\u00e1m: DE287727735 &nbsp; Fel\u00fcgyeleti hat\u00f3s\u00e1g:N\u00fcrnbergi Munka\u00fcgyi HivatalSz\u00f6vets\u00e9gi Munka\u00fcgyi Hivatal, N\u00fcrnberg &nbsp; A vit\u00e1k rendez\u00e9se Nem vagyunk k\u00f6telesek [&hellip;]<\/p>\n","protected":false},"author":3,"featured_media":0,"parent":0,"menu_order":0,"comment_status":"closed","ping_status":"closed","template":"","meta":{"_joinchat":[]},"acf":[],"yoast_head":"<!-- This site is optimized with the Yoast SEO plugin v20.8 - https:\/\/yoast.com\/wordpress\/plugins\/seo\/ -->\n<title>Jogi nyilatkozat - Humanus<\/title>\n<meta name=\"robots\" content=\"index, follow, max-snippet:-1, max-image-preview:large, max-video-preview:-1\" \/>\n<link rel=\"canonical\" href=\"https:\/\/www.humanuspraca.pl\/hu\/jogi-nyilatkozat\/\" \/>\n<meta property=\"og:locale\" content=\"hu_HU\" \/>\n<meta property=\"og:type\" content=\"article\" \/>\n<meta property=\"og:title\" content=\"Jogi nyilatkozat - Humanus\" \/>\n<meta property=\"og:description\" content=\"Humanus Personnel Service GmbHN\u00fcrnberger Strasse 6486720 N\u00f6rdlingen Telefon: 09081\/ 789 59 0Fax: 09081\/ 2187163E-Mail: info@humanus-personalservice.de Felel\u0151s szem\u00e9ly: Philipp Erik Breitenfeld (eln\u00f6k) Kereskedelmi nyilv\u00e1ntart\u00e1sba v\u00e9telNyilv\u00e1ntart\u00e1st vezet\u0151 b\u00edr\u00f3s\u00e1g: Augsburg Ker\u00fcleti B\u00edr\u00f3s\u00e1gNyilv\u00e1ntart\u00e1si sz\u00e1m: HRB 27662 A forgalmi ad\u00f3t\u00f6rv\u00e9ny 27a. \u00a7-a szerinti ad\u00f3sz\u00e1m: DE287727735 &nbsp; Fel\u00fcgyeleti hat\u00f3s\u00e1g:N\u00fcrnbergi Munka\u00fcgyi HivatalSz\u00f6vets\u00e9gi Munka\u00fcgyi Hivatal, N\u00fcrnberg &nbsp; A vit\u00e1k rendez\u00e9se Nem vagyunk k\u00f6telesek [&hellip;]\" \/>\n<meta property=\"og:url\" content=\"https:\/\/www.humanuspraca.pl\/hu\/jogi-nyilatkozat\/\" \/>\n<meta property=\"og:site_name\" content=\"Humanus\" \/>\n<meta property=\"article:modified_time\" content=\"2026-03-13T14:33:27+00:00\" \/>\n<meta name=\"twitter:card\" content=\"summary_large_image\" \/>\n<meta name=\"twitter:label1\" content=\"Est. reading time\" \/>\n\t<meta name=\"twitter:data1\" content=\"3 perc\" \/>\n<script type=\"application\/ld+json\" class=\"yoast-schema-graph\">{\"@context\":\"https:\/\/schema.org\",\"@graph\":[{\"@type\":\"WebPage\",\"@id\":\"https:\/\/www.humanuspraca.pl\/hu\/jogi-nyilatkozat\/\",\"url\":\"https:\/\/www.humanuspraca.pl\/hu\/jogi-nyilatkozat\/\",\"name\":\"Jogi nyilatkozat - Humanus\",\"isPartOf\":{\"@id\":\"https:\/\/www.humanuspraca.pl\/#website\"},\"datePublished\":\"2023-05-26T13:32:33+00:00\",\"dateModified\":\"2026-03-13T14:33:27+00:00\",\"breadcrumb\":{\"@id\":\"https:\/\/www.humanuspraca.pl\/hu\/jogi-nyilatkozat\/#breadcrumb\"},\"inLanguage\":\"hu\",\"potentialAction\":[{\"@type\":\"ReadAction\",\"target\":[\"https:\/\/www.humanuspraca.pl\/hu\/jogi-nyilatkozat\/\"]}]},{\"@type\":\"BreadcrumbList\",\"@id\":\"https:\/\/www.humanuspraca.pl\/hu\/jogi-nyilatkozat\/#breadcrumb\",\"itemListElement\":[{\"@type\":\"ListItem\",\"position\":1,\"name\":\"Strona g\u0142\u00f3wna\",\"item\":\"https:\/\/www.humanuspraca.pl\/hu\/\"},{\"@type\":\"ListItem\",\"position\":2,\"name\":\"Jogi nyilatkozat\"}]},{\"@type\":\"WebSite\",\"@id\":\"https:\/\/www.humanuspraca.pl\/#website\",\"url\":\"https:\/\/www.humanuspraca.pl\/\",\"name\":\"Humanus\",\"description\":\"Simply fair work\",\"potentialAction\":[{\"@type\":\"SearchAction\",\"target\":{\"@type\":\"EntryPoint\",\"urlTemplate\":\"https:\/\/www.humanuspraca.pl\/?s={search_term_string}\"},\"query-input\":\"required name=search_term_string\"}],\"inLanguage\":\"hu\"}]}<\/script>\n<!-- \/ Yoast SEO plugin. -->","yoast_head_json":{"title":"Jogi nyilatkozat - Humanus","robots":{"index":"index","follow":"follow","max-snippet":"max-snippet:-1","max-image-preview":"max-image-preview:large","max-video-preview":"max-video-preview:-1"},"canonical":"https:\/\/www.humanuspraca.pl\/hu\/jogi-nyilatkozat\/","og_locale":"hu_HU","og_type":"article","og_title":"Jogi nyilatkozat - Humanus","og_description":"Humanus Personnel Service GmbHN\u00fcrnberger Strasse 6486720 N\u00f6rdlingen Telefon: 09081\/ 789 59 0Fax: 09081\/ 2187163E-Mail: info@humanus-personalservice.de Felel\u0151s szem\u00e9ly: Philipp Erik Breitenfeld (eln\u00f6k) Kereskedelmi nyilv\u00e1ntart\u00e1sba v\u00e9telNyilv\u00e1ntart\u00e1st vezet\u0151 b\u00edr\u00f3s\u00e1g: Augsburg Ker\u00fcleti B\u00edr\u00f3s\u00e1gNyilv\u00e1ntart\u00e1si sz\u00e1m: HRB 27662 A forgalmi ad\u00f3t\u00f6rv\u00e9ny 27a. \u00a7-a szerinti ad\u00f3sz\u00e1m: DE287727735 &nbsp; Fel\u00fcgyeleti hat\u00f3s\u00e1g:N\u00fcrnbergi Munka\u00fcgyi HivatalSz\u00f6vets\u00e9gi Munka\u00fcgyi Hivatal, N\u00fcrnberg &nbsp; A vit\u00e1k rendez\u00e9se Nem vagyunk k\u00f6telesek [&hellip;]","og_url":"https:\/\/www.humanuspraca.pl\/hu\/jogi-nyilatkozat\/","og_site_name":"Humanus","article_modified_time":"2026-03-13T14:33:27+00:00","twitter_card":"summary_large_image","twitter_misc":{"Est. reading time":"3 perc"},"schema":{"@context":"https:\/\/schema.org","@graph":[{"@type":"WebPage","@id":"https:\/\/www.humanuspraca.pl\/hu\/jogi-nyilatkozat\/","url":"https:\/\/www.humanuspraca.pl\/hu\/jogi-nyilatkozat\/","name":"Jogi nyilatkozat - Humanus","isPartOf":{"@id":"https:\/\/www.humanuspraca.pl\/#website"},"datePublished":"2023-05-26T13:32:33+00:00","dateModified":"2026-03-13T14:33:27+00:00","breadcrumb":{"@id":"https:\/\/www.humanuspraca.pl\/hu\/jogi-nyilatkozat\/#breadcrumb"},"inLanguage":"hu","potentialAction":[{"@type":"ReadAction","target":["https:\/\/www.humanuspraca.pl\/hu\/jogi-nyilatkozat\/"]}]},{"@type":"BreadcrumbList","@id":"https:\/\/www.humanuspraca.pl\/hu\/jogi-nyilatkozat\/#breadcrumb","itemListElement":[{"@type":"ListItem","position":1,"name":"Strona g\u0142\u00f3wna","item":"https:\/\/www.humanuspraca.pl\/hu\/"},{"@type":"ListItem","position":2,"name":"Jogi nyilatkozat"}]},{"@type":"WebSite","@id":"https:\/\/www.humanuspraca.pl\/#website","url":"https:\/\/www.humanuspraca.pl\/","name":"Humanus","description":"Simply fair work","potentialAction":[{"@type":"SearchAction","target":{"@type":"EntryPoint","urlTemplate":"https:\/\/www.humanuspraca.pl\/?s={search_term_string}"},"query-input":"required name=search_term_string"}],"inLanguage":"hu"}]}},"_links":{"self":[{"href":"https:\/\/www.humanuspraca.pl\/hu\/wp-json\/wp\/v2\/pages\/6814"}],"collection":[{"href":"https:\/\/www.humanuspraca.pl\/hu\/wp-json\/wp\/v2\/pages"}],"about":[{"href":"https:\/\/www.humanuspraca.pl\/hu\/wp-json\/wp\/v2\/types\/page"}],"author":[{"embeddable":true,"href":"https:\/\/www.humanuspraca.pl\/hu\/wp-json\/wp\/v2\/users\/3"}],"replies":[{"embeddable":true,"href":"https:\/\/www.humanuspraca.pl\/hu\/wp-json\/wp\/v2\/comments?post=6814"}],"version-history":[{"count":1,"href":"https:\/\/www.humanuspraca.pl\/hu\/wp-json\/wp\/v2\/pages\/6814\/revisions"}],"predecessor-version":[{"id":6815,"href":"https:\/\/www.humanuspraca.pl\/hu\/wp-json\/wp\/v2\/pages\/6814\/revisions\/6815"}],"wp:attachment":[{"href":"https:\/\/www.humanuspraca.pl\/hu\/wp-json\/wp\/v2\/media?parent=6814"}],"curies":[{"name":"wp","href":"https:\/\/api.w.org\/{rel}","templated":true}]}}