{"id":6798,"date":"2019-03-04T08:36:00","date_gmt":"2019-03-04T07:36:00","guid":{"rendered":"https:\/\/www.humanuspraca.pl\/fooldal-oldal\/"},"modified":"2026-03-13T15:19:42","modified_gmt":"2026-03-13T14:19:42","slug":"fooldal-oldal","status":"publish","type":"page","link":"https:\/\/www.humanuspraca.pl\/hu\/","title":{"rendered":"F\u0151oldal oldal"},"content":{"rendered":"","protected":false},"excerpt":{"rendered":"","protected":false},"author":3,"featured_media":0,"parent":0,"menu_order":0,"comment_status":"closed","ping_status":"closed","template":"","meta":[],"acf":[],"yoast_head":"<!-- This site is optimized with the Yoast SEO plugin v20.8 - https:\/\/yoast.com\/wordpress\/plugins\/seo\/ -->\n<title>F\u0151oldal oldal - Humanus<\/title>\n<meta name=\"description\" content=\"A Humanus egy olyan szak\u00e9rt\u0151i csapat, amely a Lengyelorsz\u00e1gb\u00f3l \u00e9rkez\u0151, k\u00e9pzett szakemberek n\u00e9metorsz\u00e1gi munkav\u00e1llal\u00e1s\u00e1t v\u00e9gzi.\" \/>\n<meta name=\"robots\" content=\"index, follow, max-snippet:-1, max-image-preview:large, max-video-preview:-1\" \/>\n<link rel=\"canonical\" href=\"https:\/\/www.humanuspraca.pl\/hu\/\" \/>\n<meta property=\"og:locale\" content=\"hu_HU\" \/>\n<meta property=\"og:type\" content=\"article\" \/>\n<meta property=\"og:title\" content=\"F\u0151oldal oldal - Humanus\" \/>\n<meta property=\"og:description\" content=\"A Humanus egy olyan szak\u00e9rt\u0151i csapat, amely a Lengyelorsz\u00e1gb\u00f3l \u00e9rkez\u0151, k\u00e9pzett szakemberek n\u00e9metorsz\u00e1gi munkav\u00e1llal\u00e1s\u00e1t v\u00e9gzi.\" \/>\n<meta property=\"og:url\" content=\"https:\/\/www.humanuspraca.pl\/hu\/\" \/>\n<meta property=\"og:site_name\" content=\"Humanus\" \/>\n<meta property=\"article:modified_time\" content=\"2026-03-13T14:19:42+00:00\" \/>\n<meta name=\"twitter:card\" content=\"summary_large_image\" \/>\n<script type=\"application\/ld+json\" class=\"yoast-schema-graph\">{\"@context\":\"https:\/\/schema.org\",\"@graph\":[{\"@type\":\"WebPage\",\"@id\":\"https:\/\/www.humanuspraca.pl\/hu\/\",\"url\":\"https:\/\/www.humanuspraca.pl\/hu\/\",\"name\":\"F\u0151oldal oldal - Humanus\",\"isPartOf\":{\"@id\":\"https:\/\/www.humanuspraca.pl\/#website\"},\"datePublished\":\"2019-03-04T07:36:00+00:00\",\"dateModified\":\"2026-03-13T14:19:42+00:00\",\"description\":\"A Humanus egy olyan szak\u00e9rt\u0151i csapat, amely a Lengyelorsz\u00e1gb\u00f3l \u00e9rkez\u0151, k\u00e9pzett szakemberek n\u00e9metorsz\u00e1gi munkav\u00e1llal\u00e1s\u00e1t v\u00e9gzi.\",\"breadcrumb\":{\"@id\":\"https:\/\/www.humanuspraca.pl\/hu\/#breadcrumb\"},\"inLanguage\":\"hu\",\"potentialAction\":[{\"@type\":\"ReadAction\",\"target\":[\"https:\/\/www.humanuspraca.pl\/hu\/\"]}]},{\"@type\":\"BreadcrumbList\",\"@id\":\"https:\/\/www.humanuspraca.pl\/hu\/#breadcrumb\",\"itemListElement\":[{\"@type\":\"ListItem\",\"position\":1,\"name\":\"Strona g\u0142\u00f3wna\",\"item\":\"https:\/\/www.humanuspraca.pl\/hu\/\"},{\"@type\":\"ListItem\",\"position\":2,\"name\":\"F\u0151oldal oldal\"}]},{\"@type\":\"WebSite\",\"@id\":\"https:\/\/www.humanuspraca.pl\/#website\",\"url\":\"https:\/\/www.humanuspraca.pl\/\",\"name\":\"Humanus\",\"description\":\"Simply fair work\",\"potentialAction\":[{\"@type\":\"SearchAction\",\"target\":{\"@type\":\"EntryPoint\",\"urlTemplate\":\"https:\/\/www.humanuspraca.pl\/?s={search_term_string}\"},\"query-input\":\"required name=search_term_string\"}],\"inLanguage\":\"hu\"}]}<\/script>\n<!-- \/ Yoast SEO plugin. -->","yoast_head_json":{"title":"F\u0151oldal oldal - Humanus","description":"A Humanus egy olyan szak\u00e9rt\u0151i csapat, amely a Lengyelorsz\u00e1gb\u00f3l \u00e9rkez\u0151, k\u00e9pzett szakemberek n\u00e9metorsz\u00e1gi munkav\u00e1llal\u00e1s\u00e1t v\u00e9gzi.","robots":{"index":"index","follow":"follow","max-snippet":"max-snippet:-1","max-image-preview":"max-image-preview:large","max-video-preview":"max-video-preview:-1"},"canonical":"https:\/\/www.humanuspraca.pl\/hu\/","og_locale":"hu_HU","og_type":"article","og_title":"F\u0151oldal oldal - Humanus","og_description":"A Humanus egy olyan szak\u00e9rt\u0151i csapat, amely a Lengyelorsz\u00e1gb\u00f3l \u00e9rkez\u0151, k\u00e9pzett szakemberek n\u00e9metorsz\u00e1gi munkav\u00e1llal\u00e1s\u00e1t v\u00e9gzi.","og_url":"https:\/\/www.humanuspraca.pl\/hu\/","og_site_name":"Humanus","article_modified_time":"2026-03-13T14:19:42+00:00","twitter_card":"summary_large_image","schema":{"@context":"https:\/\/schema.org","@graph":[{"@type":"WebPage","@id":"https:\/\/www.humanuspraca.pl\/hu\/","url":"https:\/\/www.humanuspraca.pl\/hu\/","name":"F\u0151oldal oldal - Humanus","isPartOf":{"@id":"https:\/\/www.humanuspraca.pl\/#website"},"datePublished":"2019-03-04T07:36:00+00:00","dateModified":"2026-03-13T14:19:42+00:00","description":"A Humanus egy olyan szak\u00e9rt\u0151i csapat, amely a Lengyelorsz\u00e1gb\u00f3l \u00e9rkez\u0151, k\u00e9pzett szakemberek n\u00e9metorsz\u00e1gi munkav\u00e1llal\u00e1s\u00e1t v\u00e9gzi.","breadcrumb":{"@id":"https:\/\/www.humanuspraca.pl\/hu\/#breadcrumb"},"inLanguage":"hu","potentialAction":[{"@type":"ReadAction","target":["https:\/\/www.humanuspraca.pl\/hu\/"]}]},{"@type":"BreadcrumbList","@id":"https:\/\/www.humanuspraca.pl\/hu\/#breadcrumb","itemListElement":[{"@type":"ListItem","position":1,"name":"Strona g\u0142\u00f3wna","item":"https:\/\/www.humanuspraca.pl\/hu\/"},{"@type":"ListItem","position":2,"name":"F\u0151oldal oldal"}]},{"@type":"WebSite","@id":"https:\/\/www.humanuspraca.pl\/#website","url":"https:\/\/www.humanuspraca.pl\/","name":"Humanus","description":"Simply fair work","potentialAction":[{"@type":"SearchAction","target":{"@type":"EntryPoint","urlTemplate":"https:\/\/www.humanuspraca.pl\/?s={search_term_string}"},"query-input":"required name=search_term_string"}],"inLanguage":"hu"}]}},"_links":{"self":[{"href":"https:\/\/www.humanuspraca.pl\/hu\/wp-json\/wp\/v2\/pages\/6798"}],"collection":[{"href":"https:\/\/www.humanuspraca.pl\/hu\/wp-json\/wp\/v2\/pages"}],"about":[{"href":"https:\/\/www.humanuspraca.pl\/hu\/wp-json\/wp\/v2\/types\/page"}],"author":[{"embeddable":true,"href":"https:\/\/www.humanuspraca.pl\/hu\/wp-json\/wp\/v2\/users\/3"}],"replies":[{"embeddable":true,"href":"https:\/\/www.humanuspraca.pl\/hu\/wp-json\/wp\/v2\/comments?post=6798"}],"version-history":[{"count":4,"href":"https:\/\/www.humanuspraca.pl\/hu\/wp-json\/wp\/v2\/pages\/6798\/revisions"}],"predecessor-version":[{"id":6810,"href":"https:\/\/www.humanuspraca.pl\/hu\/wp-json\/wp\/v2\/pages\/6798\/revisions\/6810"}],"wp:attachment":[{"href":"https:\/\/www.humanuspraca.pl\/hu\/wp-json\/wp\/v2\/media?parent=6798"}],"curies":[{"name":"wp","href":"https:\/\/api.w.org\/{rel}","templated":true}]}}