{"id":7184,"date":"2023-05-26T15:32:33","date_gmt":"2023-05-26T13:32:33","guid":{"rendered":"https:\/\/www.humanuspraca.pl\/impressum\/"},"modified":"2026-03-24T22:09:47","modified_gmt":"2026-03-24T21:09:47","slug":"impressum","status":"publish","type":"page","link":"https:\/\/www.humanuspraca.pl\/hr\/impressum\/","title":{"rendered":"Impressum"},"content":{"rendered":"<div class=\"rs-column -large-col-2-1 -large-first -large-first-row -medium-col-2-1 -medium-first -medium-first-row -small-col-1-1 -small-first -small-last -small-first-row\">\n<div class=\"icon-text-block ce_rsce_tao_icon_text_blocks\" data-icon=\"\ue0a1\">\n<p class=\"p1\"><span class=\"s1\">Humanus Personnel Service GmbH<br \/><\/span><span class=\"s1\">N\u00fcrnberger Strasse 64<br \/><\/span><span class=\"s1\">86720 N\u00f6rdlingen<\/span><\/p>\n<p class=\"p1\"><span class=\"s1\">Telefon: 09081\/ 789 59 0<br \/><\/span><span class=\"s2\">F<\/span><span class=\"s1\">ax: 09081\/ 2187163<br \/><\/span>E-Mail: <span id=\"cloak99128\"><span id=\"cloakca1b54c90c21670db64656f2d4e9526b\"><a href=\"mailto:info@humanus-personalservice.de\">info@humanus-personalservice.de<\/a><\/span><\/span><\/p>\n<\/div>\n<\/div>\n<div class=\"rs-column -large-col-2-1 -large-last -large-first-row -medium-col-2-1 -medium-last -medium-first-row -small-col-1-1 -small-first -small-last\">\n<div class=\"icon-text-block ce_rsce_tao_icon_text_blocks\" data-icon=\"\ue0e5\">\n<p class=\"p1\"><strong><span class=\"s1\"><br \/>Osoba odgovorna<\/span><span class=\"s2\">:<\/span><\/strong><\/p>\n<p class=\"p2\"><span class=\"s1\">Philipp Erik Breitenfeld (Prezes)<\/span><\/p>\n<p class=\"p2\"><span class=\"s1\">Upis u trgova\u010dki registar<br \/><\/span><span class=\"s1\">Sud za upis: Op\u0107inski sud u Augsburgu<br \/><\/span><span class=\"s1\">Registarski broj: HRB 27662<\/span><\/p>\n<p class=\"p2\"><span class=\"s1\">Porezni identifikacijski broj u skladu s \u010dlankom 27a Zakona o prometnom porezu: <\/span><span class=\"s1\">DE287727735<\/span><\/p>\n<\/div>\n<\/div>\n<p>&nbsp;<\/p>\n<p>Nadle\u017eni organ: Agencija za zapo\u0161ljavanje u Nirnbergu Savezna agencija za zapo\u0161ljavanje u Nirnbergu<\/p>\n<p>&nbsp;<\/p>\n<h2>Rje\u0161avanje sporova<\/h2>\n<p>Nismo obvezni sudjelovati u postupku rje\u0161avanja sporova pred Uredom za za\u0161titu potro\u0161a\u010da.<\/p>\n<p>&nbsp;<\/p>\n<h2>Odgovornost za sadr\u017eaj<\/h2>\n<p>Kao pru\u017eatelj usluga, u skladu s \u010dlankom 7. stavkom 1. Njema\u010dkog zakona o telemidijama (TMG), odgovorni smo za sadr\u017eaj objavljen na na\u0161oj web-stranici. U skladu s \u010dlancima 8. do 10. TMG-a, nismo obvezni nadzirati informacije koje prenose ili pohranjuju tre\u0107e strane, niti istra\u017eivati okolnosti koje upu\u0107uju na nezakonitu djelatnost.  <\/p>\n<p>Ovo ne utje\u010de na obvezu uklanjanja ili blokiranja sadr\u017eaja i postupanja s informacijama u skladu s op\u0107im zakonskim odredbama. Me\u0111utim, odgovornost u tom pogledu nastaje tek nakon \u0161to smo obavije\u0161teni o odre\u0111enom kr\u0161enju prava. Ako saznamo za takva kr\u0161enja, doti\u010dni \u0107e sadr\u017eaj biti uklonjen.  <\/p>\n<p>&nbsp;<\/p>\n<h2>Odgovornost za poveznice<\/h2>\n<p>Na\u0161a web stranica sadr\u017ei poveznice na vanjske web stranice tre\u0107ih strana nad \u010dijim sadr\u017eajem nemamo kontrolu. Stoga ne preuzimamo nikakvu odgovornost za njihov sadr\u017eaj. Pru\u017eatelj usluga ili operater povezanih web stranica uvijek je odgovoran za njihov sadr\u017eaj. U trenutku izrade poveznica web stranice su provjerene na mogu\u0107a pravna kr\u0161enja. Nije utvr\u0111en nikakav nezakoniti sadr\u017eaj.    <\/p>\n<p>Me\u0111utim, nema opravdanja za stalno pra\u0107enje sadr\u017eaja povezanih web-stranica bez konkretnih dokaza o povredi prava tre\u0107ih strana. Ako saznamo za takve povrede, te \u0107e se poveznice odmah ukloniti. <\/p>\n<p>&nbsp;<\/p>\n<h2>Autorska prava<\/h2>\n<p>Sadr\u017eaj i djela objavljena na na\u0161im web-stranicama podlije\u017eu njema\u010dkom zakonu o autorskim pravima. njihova reprodukcija, ure\u0111ivanje, distribucija i bilo koji oblik kori\u0161tenja izvan grani ca autorskog prava a19&gt; zahtijeva pisanu suglasnost autora ili stvoritelja. preuzimanje i kopiranje ovih dopu\u0161teno samo za osobnu i nekomercijalnu upotrebu.  <\/p>\n<p>Osim ako sadr\u017eaj na ovoj stranici nije stvorio operater, autorska prava tre\u0107ih strana su po\u0161tovana. Posebno, ovo uklju\u010duje sadr\u017eaj koji pripada tre\u0107im stranama. Ako unato\u010d tome postanete svjesni kr\u0161enja zakona o autorskim pravima, molimo obavijestite nas o ovom \u010dinu. Ako saznamo za bilo kakva kr\u0161enja, odmah \u0107emo ukloniti takav sadr\u017eaj.   <\/p>\n","protected":false},"excerpt":{"rendered":"<p>Humanus Personnel Service GmbHN\u00fcrnberger Strasse 6486720 N\u00f6rdlingen Telefon: 09081\/ 789 59 0Fax: 09081\/ 2187163E-Mail: info@humanus-personalservice.de Osoba odgovorna: Philipp Erik Breitenfeld (Prezes) Upis u trgova\u010dki registarSud za upis: Op\u0107inski sud u AugsburguRegistarski broj: HRB 27662 Porezni identifikacijski broj u skladu s \u010dlankom 27a Zakona o prometnom porezu: DE287727735 &nbsp; Nadle\u017eni organ: Agencija za zapo\u0161ljavanje u Nirnbergu [&hellip;]<\/p>\n","protected":false},"author":3,"featured_media":0,"parent":0,"menu_order":0,"comment_status":"closed","ping_status":"closed","template":"","meta":{"_joinchat":[]},"acf":[],"yoast_head":"<!-- This site is optimized with the Yoast SEO plugin v20.8 - https:\/\/yoast.com\/wordpress\/plugins\/seo\/ -->\n<title>Impressum - Humanus<\/title>\n<meta name=\"robots\" content=\"index, follow, max-snippet:-1, max-image-preview:large, max-video-preview:-1\" \/>\n<link rel=\"canonical\" href=\"https:\/\/www.humanuspraca.pl\/hr\/impressum\/\" \/>\n<meta property=\"og:locale\" content=\"hr_HR\" \/>\n<meta property=\"og:type\" content=\"article\" \/>\n<meta property=\"og:title\" content=\"Impressum - Humanus\" \/>\n<meta property=\"og:description\" content=\"Humanus Personnel Service GmbHN\u00fcrnberger Strasse 6486720 N\u00f6rdlingen Telefon: 09081\/ 789 59 0Fax: 09081\/ 2187163E-Mail: info@humanus-personalservice.de Osoba odgovorna: Philipp Erik Breitenfeld (Prezes) Upis u trgova\u010dki registarSud za upis: Op\u0107inski sud u AugsburguRegistarski broj: HRB 27662 Porezni identifikacijski broj u skladu s \u010dlankom 27a Zakona o prometnom porezu: DE287727735 &nbsp; Nadle\u017eni organ: Agencija za zapo\u0161ljavanje u Nirnbergu [&hellip;]\" \/>\n<meta property=\"og:url\" content=\"https:\/\/www.humanuspraca.pl\/hr\/impressum\/\" \/>\n<meta property=\"og:site_name\" content=\"Humanus\" \/>\n<meta property=\"article:modified_time\" content=\"2026-03-24T21:09:47+00:00\" \/>\n<meta name=\"twitter:card\" content=\"summary_large_image\" \/>\n<meta name=\"twitter:label1\" content=\"Est. reading time\" \/>\n\t<meta name=\"twitter:data1\" content=\"2 minutes\" \/>\n<script type=\"application\/ld+json\" class=\"yoast-schema-graph\">{\"@context\":\"https:\/\/schema.org\",\"@graph\":[{\"@type\":\"WebPage\",\"@id\":\"https:\/\/www.humanuspraca.pl\/hr\/impressum\/\",\"url\":\"https:\/\/www.humanuspraca.pl\/hr\/impressum\/\",\"name\":\"Impressum - Humanus\",\"isPartOf\":{\"@id\":\"https:\/\/www.humanuspraca.pl\/#website\"},\"datePublished\":\"2023-05-26T13:32:33+00:00\",\"dateModified\":\"2026-03-24T21:09:47+00:00\",\"breadcrumb\":{\"@id\":\"https:\/\/www.humanuspraca.pl\/hr\/impressum\/#breadcrumb\"},\"inLanguage\":\"hr-HR\",\"potentialAction\":[{\"@type\":\"ReadAction\",\"target\":[\"https:\/\/www.humanuspraca.pl\/hr\/impressum\/\"]}]},{\"@type\":\"BreadcrumbList\",\"@id\":\"https:\/\/www.humanuspraca.pl\/hr\/impressum\/#breadcrumb\",\"itemListElement\":[{\"@type\":\"ListItem\",\"position\":1,\"name\":\"Strona g\u0142\u00f3wna\",\"item\":\"https:\/\/www.humanuspraca.pl\/hr\/\"},{\"@type\":\"ListItem\",\"position\":2,\"name\":\"Impressum\"}]},{\"@type\":\"WebSite\",\"@id\":\"https:\/\/www.humanuspraca.pl\/#website\",\"url\":\"https:\/\/www.humanuspraca.pl\/\",\"name\":\"Humanus\",\"description\":\"Simply fair work\",\"potentialAction\":[{\"@type\":\"SearchAction\",\"target\":{\"@type\":\"EntryPoint\",\"urlTemplate\":\"https:\/\/www.humanuspraca.pl\/?s={search_term_string}\"},\"query-input\":\"required name=search_term_string\"}],\"inLanguage\":\"hr-HR\"}]}<\/script>\n<!-- \/ Yoast SEO plugin. -->","yoast_head_json":{"title":"Impressum - Humanus","robots":{"index":"index","follow":"follow","max-snippet":"max-snippet:-1","max-image-preview":"max-image-preview:large","max-video-preview":"max-video-preview:-1"},"canonical":"https:\/\/www.humanuspraca.pl\/hr\/impressum\/","og_locale":"hr_HR","og_type":"article","og_title":"Impressum - Humanus","og_description":"Humanus Personnel Service GmbHN\u00fcrnberger Strasse 6486720 N\u00f6rdlingen Telefon: 09081\/ 789 59 0Fax: 09081\/ 2187163E-Mail: info@humanus-personalservice.de Osoba odgovorna: Philipp Erik Breitenfeld (Prezes) Upis u trgova\u010dki registarSud za upis: Op\u0107inski sud u AugsburguRegistarski broj: HRB 27662 Porezni identifikacijski broj u skladu s \u010dlankom 27a Zakona o prometnom porezu: DE287727735 &nbsp; Nadle\u017eni organ: Agencija za zapo\u0161ljavanje u Nirnbergu [&hellip;]","og_url":"https:\/\/www.humanuspraca.pl\/hr\/impressum\/","og_site_name":"Humanus","article_modified_time":"2026-03-24T21:09:47+00:00","twitter_card":"summary_large_image","twitter_misc":{"Est. reading time":"2 minutes"},"schema":{"@context":"https:\/\/schema.org","@graph":[{"@type":"WebPage","@id":"https:\/\/www.humanuspraca.pl\/hr\/impressum\/","url":"https:\/\/www.humanuspraca.pl\/hr\/impressum\/","name":"Impressum - Humanus","isPartOf":{"@id":"https:\/\/www.humanuspraca.pl\/#website"},"datePublished":"2023-05-26T13:32:33+00:00","dateModified":"2026-03-24T21:09:47+00:00","breadcrumb":{"@id":"https:\/\/www.humanuspraca.pl\/hr\/impressum\/#breadcrumb"},"inLanguage":"hr-HR","potentialAction":[{"@type":"ReadAction","target":["https:\/\/www.humanuspraca.pl\/hr\/impressum\/"]}]},{"@type":"BreadcrumbList","@id":"https:\/\/www.humanuspraca.pl\/hr\/impressum\/#breadcrumb","itemListElement":[{"@type":"ListItem","position":1,"name":"Strona g\u0142\u00f3wna","item":"https:\/\/www.humanuspraca.pl\/hr\/"},{"@type":"ListItem","position":2,"name":"Impressum"}]},{"@type":"WebSite","@id":"https:\/\/www.humanuspraca.pl\/#website","url":"https:\/\/www.humanuspraca.pl\/","name":"Humanus","description":"Simply fair work","potentialAction":[{"@type":"SearchAction","target":{"@type":"EntryPoint","urlTemplate":"https:\/\/www.humanuspraca.pl\/?s={search_term_string}"},"query-input":"required name=search_term_string"}],"inLanguage":"hr-HR"}]}},"_links":{"self":[{"href":"https:\/\/www.humanuspraca.pl\/hr\/wp-json\/wp\/v2\/pages\/7184"}],"collection":[{"href":"https:\/\/www.humanuspraca.pl\/hr\/wp-json\/wp\/v2\/pages"}],"about":[{"href":"https:\/\/www.humanuspraca.pl\/hr\/wp-json\/wp\/v2\/types\/page"}],"author":[{"embeddable":true,"href":"https:\/\/www.humanuspraca.pl\/hr\/wp-json\/wp\/v2\/users\/3"}],"replies":[{"embeddable":true,"href":"https:\/\/www.humanuspraca.pl\/hr\/wp-json\/wp\/v2\/comments?post=7184"}],"version-history":[{"count":1,"href":"https:\/\/www.humanuspraca.pl\/hr\/wp-json\/wp\/v2\/pages\/7184\/revisions"}],"predecessor-version":[{"id":7185,"href":"https:\/\/www.humanuspraca.pl\/hr\/wp-json\/wp\/v2\/pages\/7184\/revisions\/7185"}],"wp:attachment":[{"href":"https:\/\/www.humanuspraca.pl\/hr\/wp-json\/wp\/v2\/media?parent=7184"}],"curies":[{"name":"wp","href":"https:\/\/api.w.org\/{rel}","templated":true}]}}