{"id":7173,"date":"2023-04-24T11:56:33","date_gmt":"2023-04-24T09:56:33","guid":{"rendered":"https:\/\/www.humanuspraca.pl\/o-nama\/"},"modified":"2026-03-24T21:58:40","modified_gmt":"2026-03-24T20:58:40","slug":"o-nama","status":"publish","type":"page","link":"https:\/\/www.humanuspraca.pl\/hr\/o-nama\/","title":{"rendered":"O nama"},"content":{"rendered":"","protected":false},"excerpt":{"rendered":"","protected":false},"author":3,"featured_media":0,"parent":0,"menu_order":0,"comment_status":"closed","ping_status":"closed","template":"template-about-us.php","meta":{"_joinchat":[]},"acf":[],"yoast_head":"<!-- This site is optimized with the Yoast SEO plugin v20.8 - https:\/\/yoast.com\/wordpress\/plugins\/seo\/ -->\n<title>O nama - Humanus<\/title>\n<meta name=\"description\" content=\"Saznajte vi\u0161e o Humanusu i na\u0161em timu. Pogledajte koliko smo ljudi ve\u0107 pomogli prona\u0107i posao u Njema\u010dkoj.\" \/>\n<meta name=\"robots\" content=\"index, follow, max-snippet:-1, max-image-preview:large, max-video-preview:-1\" \/>\n<link rel=\"canonical\" href=\"https:\/\/www.humanuspraca.pl\/hr\/o-nama\/\" \/>\n<meta property=\"og:locale\" content=\"hr_HR\" \/>\n<meta property=\"og:type\" content=\"article\" \/>\n<meta property=\"og:title\" content=\"O nama - Humanus\" \/>\n<meta property=\"og:description\" content=\"Saznajte vi\u0161e o Humanusu i na\u0161em timu. Pogledajte koliko smo ljudi ve\u0107 pomogli prona\u0107i posao u Njema\u010dkoj.\" \/>\n<meta property=\"og:url\" content=\"https:\/\/www.humanuspraca.pl\/hr\/o-nama\/\" \/>\n<meta property=\"og:site_name\" content=\"Humanus\" \/>\n<meta property=\"article:modified_time\" content=\"2026-03-24T20:58:40+00:00\" \/>\n<meta name=\"twitter:card\" content=\"summary_large_image\" \/>\n<script type=\"application\/ld+json\" class=\"yoast-schema-graph\">{\"@context\":\"https:\/\/schema.org\",\"@graph\":[{\"@type\":\"WebPage\",\"@id\":\"https:\/\/www.humanuspraca.pl\/hr\/o-nama\/\",\"url\":\"https:\/\/www.humanuspraca.pl\/hr\/o-nama\/\",\"name\":\"O nama - Humanus\",\"isPartOf\":{\"@id\":\"https:\/\/www.humanuspraca.pl\/#website\"},\"datePublished\":\"2023-04-24T09:56:33+00:00\",\"dateModified\":\"2026-03-24T20:58:40+00:00\",\"description\":\"Saznajte vi\u0161e o Humanusu i na\u0161em timu. Pogledajte koliko smo ljudi ve\u0107 pomogli prona\u0107i posao u Njema\u010dkoj.\",\"breadcrumb\":{\"@id\":\"https:\/\/www.humanuspraca.pl\/hr\/o-nama\/#breadcrumb\"},\"inLanguage\":\"hr-HR\",\"potentialAction\":[{\"@type\":\"ReadAction\",\"target\":[\"https:\/\/www.humanuspraca.pl\/hr\/o-nama\/\"]}]},{\"@type\":\"BreadcrumbList\",\"@id\":\"https:\/\/www.humanuspraca.pl\/hr\/o-nama\/#breadcrumb\",\"itemListElement\":[{\"@type\":\"ListItem\",\"position\":1,\"name\":\"Strona g\u0142\u00f3wna\",\"item\":\"https:\/\/www.humanuspraca.pl\/hr\/\"},{\"@type\":\"ListItem\",\"position\":2,\"name\":\"O nama\"}]},{\"@type\":\"WebSite\",\"@id\":\"https:\/\/www.humanuspraca.pl\/#website\",\"url\":\"https:\/\/www.humanuspraca.pl\/\",\"name\":\"Humanus\",\"description\":\"Simply fair work\",\"potentialAction\":[{\"@type\":\"SearchAction\",\"target\":{\"@type\":\"EntryPoint\",\"urlTemplate\":\"https:\/\/www.humanuspraca.pl\/?s={search_term_string}\"},\"query-input\":\"required name=search_term_string\"}],\"inLanguage\":\"hr-HR\"}]}<\/script>\n<!-- \/ Yoast SEO plugin. -->","yoast_head_json":{"title":"O nama - Humanus","description":"Saznajte vi\u0161e o Humanusu i na\u0161em timu. Pogledajte koliko smo ljudi ve\u0107 pomogli prona\u0107i posao u Njema\u010dkoj.","robots":{"index":"index","follow":"follow","max-snippet":"max-snippet:-1","max-image-preview":"max-image-preview:large","max-video-preview":"max-video-preview:-1"},"canonical":"https:\/\/www.humanuspraca.pl\/hr\/o-nama\/","og_locale":"hr_HR","og_type":"article","og_title":"O nama - Humanus","og_description":"Saznajte vi\u0161e o Humanusu i na\u0161em timu. Pogledajte koliko smo ljudi ve\u0107 pomogli prona\u0107i posao u Njema\u010dkoj.","og_url":"https:\/\/www.humanuspraca.pl\/hr\/o-nama\/","og_site_name":"Humanus","article_modified_time":"2026-03-24T20:58:40+00:00","twitter_card":"summary_large_image","schema":{"@context":"https:\/\/schema.org","@graph":[{"@type":"WebPage","@id":"https:\/\/www.humanuspraca.pl\/hr\/o-nama\/","url":"https:\/\/www.humanuspraca.pl\/hr\/o-nama\/","name":"O nama - Humanus","isPartOf":{"@id":"https:\/\/www.humanuspraca.pl\/#website"},"datePublished":"2023-04-24T09:56:33+00:00","dateModified":"2026-03-24T20:58:40+00:00","description":"Saznajte vi\u0161e o Humanusu i na\u0161em timu. Pogledajte koliko smo ljudi ve\u0107 pomogli prona\u0107i posao u Njema\u010dkoj.","breadcrumb":{"@id":"https:\/\/www.humanuspraca.pl\/hr\/o-nama\/#breadcrumb"},"inLanguage":"hr-HR","potentialAction":[{"@type":"ReadAction","target":["https:\/\/www.humanuspraca.pl\/hr\/o-nama\/"]}]},{"@type":"BreadcrumbList","@id":"https:\/\/www.humanuspraca.pl\/hr\/o-nama\/#breadcrumb","itemListElement":[{"@type":"ListItem","position":1,"name":"Strona g\u0142\u00f3wna","item":"https:\/\/www.humanuspraca.pl\/hr\/"},{"@type":"ListItem","position":2,"name":"O nama"}]},{"@type":"WebSite","@id":"https:\/\/www.humanuspraca.pl\/#website","url":"https:\/\/www.humanuspraca.pl\/","name":"Humanus","description":"Simply fair work","potentialAction":[{"@type":"SearchAction","target":{"@type":"EntryPoint","urlTemplate":"https:\/\/www.humanuspraca.pl\/?s={search_term_string}"},"query-input":"required name=search_term_string"}],"inLanguage":"hr-HR"}]}},"_links":{"self":[{"href":"https:\/\/www.humanuspraca.pl\/hr\/wp-json\/wp\/v2\/pages\/7173"}],"collection":[{"href":"https:\/\/www.humanuspraca.pl\/hr\/wp-json\/wp\/v2\/pages"}],"about":[{"href":"https:\/\/www.humanuspraca.pl\/hr\/wp-json\/wp\/v2\/types\/page"}],"author":[{"embeddable":true,"href":"https:\/\/www.humanuspraca.pl\/hr\/wp-json\/wp\/v2\/users\/3"}],"replies":[{"embeddable":true,"href":"https:\/\/www.humanuspraca.pl\/hr\/wp-json\/wp\/v2\/comments?post=7173"}],"version-history":[{"count":2,"href":"https:\/\/www.humanuspraca.pl\/hr\/wp-json\/wp\/v2\/pages\/7173\/revisions"}],"predecessor-version":[{"id":7180,"href":"https:\/\/www.humanuspraca.pl\/hr\/wp-json\/wp\/v2\/pages\/7173\/revisions\/7180"}],"wp:attachment":[{"href":"https:\/\/www.humanuspraca.pl\/hr\/wp-json\/wp\/v2\/media?parent=7173"}],"curies":[{"name":"wp","href":"https:\/\/api.w.org\/{rel}","templated":true}]}}