{"id":7171,"date":"2019-03-04T08:36:00","date_gmt":"2019-03-04T07:36:00","guid":{"rendered":"https:\/\/www.humanuspraca.pl\/pocetna\/"},"modified":"2026-03-24T22:03:30","modified_gmt":"2026-03-24T21:03:30","slug":"pocetna","status":"publish","type":"page","link":"https:\/\/www.humanuspraca.pl\/hr\/","title":{"rendered":"Po\u010detna"},"content":{"rendered":"","protected":false},"excerpt":{"rendered":"","protected":false},"author":3,"featured_media":0,"parent":0,"menu_order":0,"comment_status":"closed","ping_status":"closed","template":"","meta":{"_joinchat":[]},"acf":[],"yoast_head":"<!-- This site is optimized with the Yoast SEO plugin v20.8 - https:\/\/yoast.com\/wordpress\/plugins\/seo\/ -->\n<title>Po\u010detna - Humanus<\/title>\n<meta name=\"description\" content=\"Humanus je tim stru\u010dnjaka koji su specijalizirani za pomo\u0107 tra\u017eiteljima posla u Njema\u010dkoj prona\u0107i kvalificiranih stru\u010dnjaka.\" \/>\n<meta name=\"robots\" content=\"index, follow, max-snippet:-1, max-image-preview:large, max-video-preview:-1\" \/>\n<link rel=\"canonical\" href=\"https:\/\/www.humanuspraca.pl\/hr\/\" \/>\n<meta property=\"og:locale\" content=\"hr_HR\" \/>\n<meta property=\"og:type\" content=\"article\" \/>\n<meta property=\"og:title\" content=\"Po\u010detna - Humanus\" \/>\n<meta property=\"og:description\" content=\"Humanus je tim stru\u010dnjaka koji su specijalizirani za pomo\u0107 tra\u017eiteljima posla u Njema\u010dkoj prona\u0107i kvalificiranih stru\u010dnjaka.\" \/>\n<meta property=\"og:url\" content=\"https:\/\/www.humanuspraca.pl\/hr\/\" \/>\n<meta property=\"og:site_name\" content=\"Humanus\" \/>\n<meta property=\"article:modified_time\" content=\"2026-03-24T21:03:30+00:00\" \/>\n<meta name=\"twitter:card\" content=\"summary_large_image\" \/>\n<script type=\"application\/ld+json\" class=\"yoast-schema-graph\">{\"@context\":\"https:\/\/schema.org\",\"@graph\":[{\"@type\":\"WebPage\",\"@id\":\"https:\/\/www.humanuspraca.pl\/hr\/\",\"url\":\"https:\/\/www.humanuspraca.pl\/hr\/\",\"name\":\"Po\u010detna - Humanus\",\"isPartOf\":{\"@id\":\"https:\/\/www.humanuspraca.pl\/#website\"},\"datePublished\":\"2019-03-04T07:36:00+00:00\",\"dateModified\":\"2026-03-24T21:03:30+00:00\",\"description\":\"Humanus je tim stru\u010dnjaka koji su specijalizirani za pomo\u0107 tra\u017eiteljima posla u Njema\u010dkoj prona\u0107i kvalificiranih stru\u010dnjaka.\",\"breadcrumb\":{\"@id\":\"https:\/\/www.humanuspraca.pl\/hr\/#breadcrumb\"},\"inLanguage\":\"hr-HR\",\"potentialAction\":[{\"@type\":\"ReadAction\",\"target\":[\"https:\/\/www.humanuspraca.pl\/hr\/\"]}]},{\"@type\":\"BreadcrumbList\",\"@id\":\"https:\/\/www.humanuspraca.pl\/hr\/#breadcrumb\",\"itemListElement\":[{\"@type\":\"ListItem\",\"position\":1,\"name\":\"Strona g\u0142\u00f3wna\",\"item\":\"https:\/\/www.humanuspraca.pl\/hr\/\"},{\"@type\":\"ListItem\",\"position\":2,\"name\":\"Po\u010detna\"}]},{\"@type\":\"WebSite\",\"@id\":\"https:\/\/www.humanuspraca.pl\/#website\",\"url\":\"https:\/\/www.humanuspraca.pl\/\",\"name\":\"Humanus\",\"description\":\"Simply fair work\",\"potentialAction\":[{\"@type\":\"SearchAction\",\"target\":{\"@type\":\"EntryPoint\",\"urlTemplate\":\"https:\/\/www.humanuspraca.pl\/?s={search_term_string}\"},\"query-input\":\"required name=search_term_string\"}],\"inLanguage\":\"hr-HR\"}]}<\/script>\n<!-- \/ Yoast SEO plugin. -->","yoast_head_json":{"title":"Po\u010detna - Humanus","description":"Humanus je tim stru\u010dnjaka koji su specijalizirani za pomo\u0107 tra\u017eiteljima posla u Njema\u010dkoj prona\u0107i kvalificiranih stru\u010dnjaka.","robots":{"index":"index","follow":"follow","max-snippet":"max-snippet:-1","max-image-preview":"max-image-preview:large","max-video-preview":"max-video-preview:-1"},"canonical":"https:\/\/www.humanuspraca.pl\/hr\/","og_locale":"hr_HR","og_type":"article","og_title":"Po\u010detna - Humanus","og_description":"Humanus je tim stru\u010dnjaka koji su specijalizirani za pomo\u0107 tra\u017eiteljima posla u Njema\u010dkoj prona\u0107i kvalificiranih stru\u010dnjaka.","og_url":"https:\/\/www.humanuspraca.pl\/hr\/","og_site_name":"Humanus","article_modified_time":"2026-03-24T21:03:30+00:00","twitter_card":"summary_large_image","schema":{"@context":"https:\/\/schema.org","@graph":[{"@type":"WebPage","@id":"https:\/\/www.humanuspraca.pl\/hr\/","url":"https:\/\/www.humanuspraca.pl\/hr\/","name":"Po\u010detna - Humanus","isPartOf":{"@id":"https:\/\/www.humanuspraca.pl\/#website"},"datePublished":"2019-03-04T07:36:00+00:00","dateModified":"2026-03-24T21:03:30+00:00","description":"Humanus je tim stru\u010dnjaka koji su specijalizirani za pomo\u0107 tra\u017eiteljima posla u Njema\u010dkoj prona\u0107i kvalificiranih stru\u010dnjaka.","breadcrumb":{"@id":"https:\/\/www.humanuspraca.pl\/hr\/#breadcrumb"},"inLanguage":"hr-HR","potentialAction":[{"@type":"ReadAction","target":["https:\/\/www.humanuspraca.pl\/hr\/"]}]},{"@type":"BreadcrumbList","@id":"https:\/\/www.humanuspraca.pl\/hr\/#breadcrumb","itemListElement":[{"@type":"ListItem","position":1,"name":"Strona g\u0142\u00f3wna","item":"https:\/\/www.humanuspraca.pl\/hr\/"},{"@type":"ListItem","position":2,"name":"Po\u010detna"}]},{"@type":"WebSite","@id":"https:\/\/www.humanuspraca.pl\/#website","url":"https:\/\/www.humanuspraca.pl\/","name":"Humanus","description":"Simply fair work","potentialAction":[{"@type":"SearchAction","target":{"@type":"EntryPoint","urlTemplate":"https:\/\/www.humanuspraca.pl\/?s={search_term_string}"},"query-input":"required name=search_term_string"}],"inLanguage":"hr-HR"}]}},"_links":{"self":[{"href":"https:\/\/www.humanuspraca.pl\/hr\/wp-json\/wp\/v2\/pages\/7171"}],"collection":[{"href":"https:\/\/www.humanuspraca.pl\/hr\/wp-json\/wp\/v2\/pages"}],"about":[{"href":"https:\/\/www.humanuspraca.pl\/hr\/wp-json\/wp\/v2\/types\/page"}],"author":[{"embeddable":true,"href":"https:\/\/www.humanuspraca.pl\/hr\/wp-json\/wp\/v2\/users\/3"}],"replies":[{"embeddable":true,"href":"https:\/\/www.humanuspraca.pl\/hr\/wp-json\/wp\/v2\/comments?post=7171"}],"version-history":[{"count":2,"href":"https:\/\/www.humanuspraca.pl\/hr\/wp-json\/wp\/v2\/pages\/7171\/revisions"}],"predecessor-version":[{"id":7183,"href":"https:\/\/www.humanuspraca.pl\/hr\/wp-json\/wp\/v2\/pages\/7171\/revisions\/7183"}],"wp:attachment":[{"href":"https:\/\/www.humanuspraca.pl\/hr\/wp-json\/wp\/v2\/media?parent=7171"}],"curies":[{"name":"wp","href":"https:\/\/api.w.org\/{rel}","templated":true}]}}