{"id":7766,"date":"2023-05-26T15:32:33","date_gmt":"2023-05-26T13:32:33","guid":{"rendered":"https:\/\/www.humanuspraca.pl\/impressum\/"},"modified":"2026-04-17T19:20:29","modified_gmt":"2026-04-17T17:20:29","slug":"impressum","status":"publish","type":"page","link":"https:\/\/www.humanuspraca.pl\/de\/impressum\/","title":{"rendered":"Impressum DE"},"content":{"rendered":"<div class=\"rs-column -large-col-2-1 -large-first -large-first-row -medium-col-2-1 -medium-first -medium-first-row -small-col-1-1 -small-first -small-last -small-first-row\">\n<div class=\"icon-text-block ce_rsce_tao_icon_text_blocks\" data-icon=\"\ue0a1\">\n<p class=\"p1\"><span class=\"s1\">Humanus Personal Service GmbH<br \/><\/span><span class=\"s1\">N\u00fcrnberger Stra\u00dfe 64<br \/><\/span><span class=\"s1\">86720 N\u00f6rdlingen<\/span><\/p>\n<p class=\"p1\"><span class=\"s1\">Telefon: 09081\/ 789 59 0<br \/><\/span><span class=\"s1\">Fax: 09081\/ 2187163<br \/><\/span>E-Mail: <span id=\"cloak99128\"><span id=\"cloakca1b54c90c21670db64656f2d4e9526b\"><a href=\"mailto:info@humanus-personalservice.de\">info@humanus-personalservice.de<\/a><\/span><\/span><\/p>\n<\/div>\n<\/div>\n<div class=\"rs-column -large-col-2-1 -large-last -large-first-row -medium-col-2-1 -medium-last -medium-first-row -small-col-1-1 -small-first -small-last\">\n<div class=\"icon-text-block ce_rsce_tao_icon_text_blocks\" data-icon=\"\ue0e5\">\n<p class=\"p1\"><strong><span class=\"s1\"><br \/>Verantwortliche Person<\/span><span class=\"s2\">:<\/span><\/strong><\/p>\n<p class=\"p2\"><span class=\"s1\">Philipp Erik Breitenfeld (Pr\u00e4sident)<\/span><\/p>\n<p class=\"p2\"><span class=\"s1\">Eintragung in das Handelsregister<br \/><\/span><span class=\"s1\">Registergericht: Amtsgericht Augsburg<br \/><\/span><span class=\"s1\">Registernummer: HRB 27662<\/span><\/p>\n<p class=\"p2\"><span class=\"s1\">Umsatzsteuer-Identifikationsnummer gem\u00e4\u00df \u00a7 27a des Umsatzsteuergesetzes: <\/span><span class=\"s1\">DE287727735<\/span><\/p>\n<\/div>\n<\/div>\n<p>&nbsp;<\/p>\n<p><strong>Aufsichtsbeh\u00f6rde:<\/strong><br \/>Arbeitsamt N\u00fcrnberg<br \/>Bundesagentur f\u00fcr Arbeit N\u00fcrnberg<\/p>\n<p>&nbsp;<\/p>\n<h2>Beilegung von Streitigkeiten<\/h2>\n<p>Wir sind nicht verpflichtet, an einem Streitbeilegungsverfahren vor dem Amt f\u00fcr den Schutz der Verbraucherrechte teilzunehmen.<\/p>\n<p>&nbsp;<\/p>\n<h2>Verantwortung f\u00fcr den Inhalt<\/h2>\n<p>Als Dienstanbieter sind wir gem\u00e4\u00df \u00a7 7 Abs.1 TMG f\u00fcr eigene Inhalte auf diesen Seiten nach den allgemeinen Gesetzen verantwortlich. Nach \u00a7\u00a7 8 bis 10 TMG sind wir als Diensteanbieter jedoch nicht verpflichtet, \u00fcbermittelte oder gespeicherte fremde Informationen zu \u00fcberwachen oder nach Umst\u00e4nden zu forschen, die auf eine rechtswidrige T\u00e4tigkeit hinweisen.  <\/p>\n<p>Verpflichtungen zur Entfernung oder Sperrung der Nutzung von Informationen nach den allgemeinen Gesetzen bleiben hiervon unber\u00fchrt. Eine diesbez\u00fcgliche Haftung ist jedoch erst ab dem Zeitpunkt der Kenntnis einer konkreten Rechtsverletzung m\u00f6glich. Bei Bekanntwerden von entsprechenden Rechtsverletzungen werden wir diese Inhalte umgehend entfernen.  <\/p>\n<p>&nbsp;<\/p>\n<h2>Verantwortung f\u00fcr Links<\/h2>\n<p>Unsere Website enth\u00e4lt Links zu externen Websites Dritter, auf deren Inhalt wir keinen Einfluss haben. Deshalb k\u00f6nnen wir f\u00fcr deren Inhalte auch keine Gew\u00e4hr \u00fcbernehmen. F\u00fcr die Inhalte der verlinkten Seiten ist stets der jeweilige Anbieter oder Betreiber der Seiten verantwortlich. Die Seiten wurden zum Zeitpunkt der Verlinkung auf m\u00f6gliche Rechtsverst\u00f6\u00dfe \u00fcberpr\u00fcft. Es wurden keine rechtswidrigen Inhalte festgestellt.    <\/p>\n<p>Eine permanente inhaltliche Kontrolle der verlinkten Seiten ist jedoch ohne konkrete Anhaltspunkte einer Verletzung von Rechten Dritter nicht zumutbar. Bei Bekanntwerden von Rechtsverletzungen werden wir diese Links umgehend entfernen. <\/p>\n<p>&nbsp;<\/p>\n<h2>Copyright<\/h2>\n<p>Die Inhalte und Werke auf unseren Seiten unterliegen dem deutschen Urheberrecht. Die Vervielf\u00e4ltigung, Bearbeitung, Verbreitung und jede Art der Verwertung au\u00dferhalb der Grenzen des Urheberrechtes bed\u00fcrfen der schriftlichen Zustimmung des jeweiligen Autors bzw. Erstellers. Das Herunterladen und Kopieren dieser Seiten ist nur f\u00fcr den privaten und nicht kommerziellen Gebrauch gestattet.  <\/p>\n<p>Soweit die Inhalte auf dieser Seite nicht vom Betreiber erstellt wurden, werden die Urheberrechte Dritter beachtet. Dies gilt insbesondere f\u00fcr die Inhalte Dritter. Sollten Sie trotzdem auf eine Urheberrechtsverletzung aufmerksam werden, informieren Sie uns bitte. Bei Bekanntwerden von Rechtsverletzungen werden wir derartige Inhalte umgehend entfernen.   <\/p>\n","protected":false},"excerpt":{"rendered":"<p>Humanus Personal Service GmbHN\u00fcrnberger Stra\u00dfe 6486720 N\u00f6rdlingen Telefon: 09081\/ 789 59 0Fax: 09081\/ 2187163E-Mail: info@humanus-personalservice.de Verantwortliche Person: Philipp Erik Breitenfeld (Pr\u00e4sident) Eintragung in das HandelsregisterRegistergericht: Amtsgericht AugsburgRegisternummer: HRB 27662 Umsatzsteuer-Identifikationsnummer gem\u00e4\u00df \u00a7 27a des Umsatzsteuergesetzes: DE287727735 &nbsp; Aufsichtsbeh\u00f6rde:Arbeitsamt N\u00fcrnbergBundesagentur f\u00fcr Arbeit N\u00fcrnberg &nbsp; Beilegung von Streitigkeiten Wir sind nicht verpflichtet, an einem Streitbeilegungsverfahren vor dem [&hellip;]<\/p>\n","protected":false},"author":3,"featured_media":0,"parent":0,"menu_order":0,"comment_status":"closed","ping_status":"closed","template":"","meta":{"_joinchat":[]},"acf":[],"yoast_head":"<!-- This site is optimized with the Yoast SEO plugin v20.8 - https:\/\/yoast.com\/wordpress\/plugins\/seo\/ -->\n<title>Impressum DE - Humanus<\/title>\n<meta name=\"robots\" content=\"index, follow, max-snippet:-1, max-image-preview:large, max-video-preview:-1\" \/>\n<link rel=\"canonical\" href=\"https:\/\/www.humanuspraca.pl\/de\/impressum\/\" \/>\n<meta property=\"og:locale\" content=\"de_DE\" \/>\n<meta property=\"og:type\" content=\"article\" \/>\n<meta property=\"og:title\" content=\"Impressum DE - Humanus\" \/>\n<meta property=\"og:description\" content=\"Humanus Personal Service GmbHN\u00fcrnberger Stra\u00dfe 6486720 N\u00f6rdlingen Telefon: 09081\/ 789 59 0Fax: 09081\/ 2187163E-Mail: info@humanus-personalservice.de Verantwortliche Person: Philipp Erik Breitenfeld (Pr\u00e4sident) Eintragung in das HandelsregisterRegistergericht: Amtsgericht AugsburgRegisternummer: HRB 27662 Umsatzsteuer-Identifikationsnummer gem\u00e4\u00df \u00a7 27a des Umsatzsteuergesetzes: DE287727735 &nbsp; Aufsichtsbeh\u00f6rde:Arbeitsamt N\u00fcrnbergBundesagentur f\u00fcr Arbeit N\u00fcrnberg &nbsp; Beilegung von Streitigkeiten Wir sind nicht verpflichtet, an einem Streitbeilegungsverfahren vor dem [&hellip;]\" \/>\n<meta property=\"og:url\" content=\"https:\/\/www.humanuspraca.pl\/de\/impressum\/\" \/>\n<meta property=\"og:site_name\" content=\"Humanus\" \/>\n<meta property=\"article:modified_time\" content=\"2026-04-17T17:20:29+00:00\" \/>\n<meta name=\"twitter:card\" content=\"summary_large_image\" \/>\n<meta name=\"twitter:label1\" content=\"Est. reading time\" \/>\n\t<meta name=\"twitter:data1\" content=\"2 Minuten\" \/>\n<script type=\"application\/ld+json\" class=\"yoast-schema-graph\">{\"@context\":\"https:\/\/schema.org\",\"@graph\":[{\"@type\":\"WebPage\",\"@id\":\"https:\/\/www.humanuspraca.pl\/de\/impressum\/\",\"url\":\"https:\/\/www.humanuspraca.pl\/de\/impressum\/\",\"name\":\"Impressum DE - Humanus\",\"isPartOf\":{\"@id\":\"https:\/\/www.humanuspraca.pl\/#website\"},\"datePublished\":\"2023-05-26T13:32:33+00:00\",\"dateModified\":\"2026-04-17T17:20:29+00:00\",\"breadcrumb\":{\"@id\":\"https:\/\/www.humanuspraca.pl\/de\/impressum\/#breadcrumb\"},\"inLanguage\":\"de-DE\",\"potentialAction\":[{\"@type\":\"ReadAction\",\"target\":[\"https:\/\/www.humanuspraca.pl\/de\/impressum\/\"]}]},{\"@type\":\"BreadcrumbList\",\"@id\":\"https:\/\/www.humanuspraca.pl\/de\/impressum\/#breadcrumb\",\"itemListElement\":[{\"@type\":\"ListItem\",\"position\":1,\"name\":\"Strona g\u0142\u00f3wna\",\"item\":\"https:\/\/www.humanuspraca.pl\/de\/strona-glowna\/\"},{\"@type\":\"ListItem\",\"position\":2,\"name\":\"Impressum DE\"}]},{\"@type\":\"WebSite\",\"@id\":\"https:\/\/www.humanuspraca.pl\/#website\",\"url\":\"https:\/\/www.humanuspraca.pl\/\",\"name\":\"Humanus\",\"description\":\"Einfach Faire Arbeit\",\"potentialAction\":[{\"@type\":\"SearchAction\",\"target\":{\"@type\":\"EntryPoint\",\"urlTemplate\":\"https:\/\/www.humanuspraca.pl\/?s={search_term_string}\"},\"query-input\":\"required name=search_term_string\"}],\"inLanguage\":\"de-DE\"}]}<\/script>\n<!-- \/ Yoast SEO plugin. -->","yoast_head_json":{"title":"Impressum DE - Humanus","robots":{"index":"index","follow":"follow","max-snippet":"max-snippet:-1","max-image-preview":"max-image-preview:large","max-video-preview":"max-video-preview:-1"},"canonical":"https:\/\/www.humanuspraca.pl\/de\/impressum\/","og_locale":"de_DE","og_type":"article","og_title":"Impressum DE - Humanus","og_description":"Humanus Personal Service GmbHN\u00fcrnberger Stra\u00dfe 6486720 N\u00f6rdlingen Telefon: 09081\/ 789 59 0Fax: 09081\/ 2187163E-Mail: info@humanus-personalservice.de Verantwortliche Person: Philipp Erik Breitenfeld (Pr\u00e4sident) Eintragung in das HandelsregisterRegistergericht: Amtsgericht AugsburgRegisternummer: HRB 27662 Umsatzsteuer-Identifikationsnummer gem\u00e4\u00df \u00a7 27a des Umsatzsteuergesetzes: DE287727735 &nbsp; Aufsichtsbeh\u00f6rde:Arbeitsamt N\u00fcrnbergBundesagentur f\u00fcr Arbeit N\u00fcrnberg &nbsp; Beilegung von Streitigkeiten Wir sind nicht verpflichtet, an einem Streitbeilegungsverfahren vor dem [&hellip;]","og_url":"https:\/\/www.humanuspraca.pl\/de\/impressum\/","og_site_name":"Humanus","article_modified_time":"2026-04-17T17:20:29+00:00","twitter_card":"summary_large_image","twitter_misc":{"Est. reading time":"2 Minuten"},"schema":{"@context":"https:\/\/schema.org","@graph":[{"@type":"WebPage","@id":"https:\/\/www.humanuspraca.pl\/de\/impressum\/","url":"https:\/\/www.humanuspraca.pl\/de\/impressum\/","name":"Impressum DE - Humanus","isPartOf":{"@id":"https:\/\/www.humanuspraca.pl\/#website"},"datePublished":"2023-05-26T13:32:33+00:00","dateModified":"2026-04-17T17:20:29+00:00","breadcrumb":{"@id":"https:\/\/www.humanuspraca.pl\/de\/impressum\/#breadcrumb"},"inLanguage":"de-DE","potentialAction":[{"@type":"ReadAction","target":["https:\/\/www.humanuspraca.pl\/de\/impressum\/"]}]},{"@type":"BreadcrumbList","@id":"https:\/\/www.humanuspraca.pl\/de\/impressum\/#breadcrumb","itemListElement":[{"@type":"ListItem","position":1,"name":"Strona g\u0142\u00f3wna","item":"https:\/\/www.humanuspraca.pl\/de\/strona-glowna\/"},{"@type":"ListItem","position":2,"name":"Impressum DE"}]},{"@type":"WebSite","@id":"https:\/\/www.humanuspraca.pl\/#website","url":"https:\/\/www.humanuspraca.pl\/","name":"Humanus","description":"Einfach Faire Arbeit","potentialAction":[{"@type":"SearchAction","target":{"@type":"EntryPoint","urlTemplate":"https:\/\/www.humanuspraca.pl\/?s={search_term_string}"},"query-input":"required name=search_term_string"}],"inLanguage":"de-DE"}]}},"_links":{"self":[{"href":"https:\/\/www.humanuspraca.pl\/de\/wp-json\/wp\/v2\/pages\/7766"}],"collection":[{"href":"https:\/\/www.humanuspraca.pl\/de\/wp-json\/wp\/v2\/pages"}],"about":[{"href":"https:\/\/www.humanuspraca.pl\/de\/wp-json\/wp\/v2\/types\/page"}],"author":[{"embeddable":true,"href":"https:\/\/www.humanuspraca.pl\/de\/wp-json\/wp\/v2\/users\/3"}],"replies":[{"embeddable":true,"href":"https:\/\/www.humanuspraca.pl\/de\/wp-json\/wp\/v2\/comments?post=7766"}],"version-history":[{"count":1,"href":"https:\/\/www.humanuspraca.pl\/de\/wp-json\/wp\/v2\/pages\/7766\/revisions"}],"predecessor-version":[{"id":7786,"href":"https:\/\/www.humanuspraca.pl\/de\/wp-json\/wp\/v2\/pages\/7766\/revisions\/7786"}],"wp:attachment":[{"href":"https:\/\/www.humanuspraca.pl\/de\/wp-json\/wp\/v2\/media?parent=7766"}],"curies":[{"name":"wp","href":"https:\/\/api.w.org\/{rel}","templated":true}]}}