{"id":7793,"date":"2026-04-17T13:38:53","date_gmt":"2026-04-17T11:38:53","guid":{"rendered":"https:\/\/www.humanuspraca.pl\/?page_id=7793"},"modified":"2026-04-17T19:56:42","modified_gmt":"2026-04-17T17:56:42","slug":"zasady-pouzivani-souboru-cookies","status":"publish","type":"page","link":"https:\/\/www.humanuspraca.pl\/cs\/zasady-pouzivani-souboru-cookies\/","title":{"rendered":"Z\u00e1sady pou\u017e\u00edv\u00e1n\u00ed soubor\u016f cookies"},"content":{"rendered":"<p class=\"meta\">Web: humanuspraca.pl<br \/>\nDatum posledn\u00ed aktualizace: 17. dubna 2026<\/p>\n<div class=\"box\">\n<p><strong>Nejd\u016fle\u017eit\u011bj\u0161\u00ed informace:<\/strong>\u00a0web pou\u017e\u00edv\u00e1 soubory cookies a podobn\u00e9 technologie za \u00fa\u010delem zaji\u0161t\u011bn\u00ed spr\u00e1vn\u00e9ho fungov\u00e1n\u00ed str\u00e1nek, zapamatov\u00e1n\u00ed nastaven\u00ed u\u017eivatele, obsluhy v\u00edcejazy\u010dnosti, spr\u00e1vy souhlas\u016f s cookies, veden\u00ed statistik a zobrazov\u00e1n\u00ed extern\u00edho obsahu, jako jsou videa Vimeo. N\u011bkter\u00e9 technologie t\u0159et\u00edch stran se spou\u0161t\u011bj\u00ed v\u00fdhradn\u011b po ud\u011blen\u00ed souhlasu u\u017eivatele, s v\u00fdjimkou \u0159e\u0161en\u00ed technicky nezbytn\u00fdch pro fungov\u00e1n\u00ed webu nebo pro poskytnut\u00ed slu\u017eby, kterou u\u017eivatel v\u00fdslovn\u011b po\u017eadoval.<\/p>\n<\/div>\n<h2>1. Kdo je spr\u00e1vcem webu?<\/h2>\n<p>Spr\u00e1vcem webu humanuspraca.pl je\u00a0<strong>Humanus Personalservice GmbH<\/strong>, N\u00fcrnberger Stra\u00dfe 64, 86720 N\u00f6rdlingen, N\u011bmecko, e-mail:\u00a0<a href=\"mailto:info@humanus-personalservice.de\">info@humanus-personalservice.de<\/a>.<\/p>\n<p>V z\u00e1le\u017eitostech t\u00fdkaj\u00edc\u00edch se ochrany osobn\u00edch \u00fadaj\u016f je mo\u017en\u00e9 kontaktovat tak\u00e9 pov\u011b\u0159ence pro ochranu osobn\u00edch \u00fadaj\u016f uveden\u00e9ho v Z\u00e1sad\u00e1ch ochrany osobn\u00edch \u00fadaj\u016f spr\u00e1vce.<\/p>\n<p>Podrobn\u00e9 informace o zpracov\u00e1n\u00ed osobn\u00edch \u00fadaj\u016f jsou uvedeny v\u00a0<a href=\"https:\/\/www.humanuspraca.pl\/cs\/zasady-ochrany-osobnich-udaju\/\">Z\u00e1sad\u00e1ch ochrany osobn\u00edch \u00fadaj\u016f<\/a>.<\/p>\n<h2>2. Co jsou soubory cookies a podobn\u00e9 technologie?<\/h2>\n<p>Soubory cookies jsou mal\u00e9 textov\u00e9 informace ukl\u00e1dan\u00e9 do koncov\u00e9ho za\u0159\u00edzen\u00ed u\u017eivatele p\u0159i pou\u017e\u00edv\u00e1n\u00ed internetov\u00fdch str\u00e1nek. Umo\u017e\u0148uj\u00ed mimo jin\u00e9 spr\u00e1vn\u00e9 fungov\u00e1n\u00ed webu, zapamatov\u00e1n\u00ed u\u017eivatelsk\u00fdch nastaven\u00ed, anal\u00fdzu n\u00e1v\u0161t\u011bvnosti str\u00e1nek a integraci extern\u00edho obsahu a slu\u017eeb.<\/p>\n<p>Krom\u011b cookies m\u016f\u017ee web vyu\u017e\u00edvat tak\u00e9 podobn\u00e9 technologie, jako jsou local storage, sledovac\u00ed pixely, extern\u00ed skripty nebo identifik\u00e1tory relace.<\/p>\n<h2>3. Jak\u00e9 typy cookies pou\u017e\u00edv\u00e1me?<\/h2>\n<ul>\n<li><strong>Nezbytn\u00e9 \/ technick\u00e9<\/strong>\u00a0&#8211; jsou pot\u0159ebn\u00e9 pro spr\u00e1vn\u00e9 fungov\u00e1n\u00ed webu, bezpe\u010dnost, zapamatov\u00e1n\u00ed voleb t\u00fdkaj\u00edc\u00edch se cookies a fungov\u00e1n\u00ed z\u00e1kladn\u00edch funkc\u00ed str\u00e1nek.<\/li>\n<li><strong>Funk\u010dn\u00ed<\/strong>\u00a0&#8211; umo\u017e\u0148uj\u00ed zapamatovat si preference u\u017eivatele, nap\u0159. zvolen\u00fd jazyk nebo zp\u016fsob pou\u017e\u00edv\u00e1n\u00ed ur\u010dit\u00fdch modul\u016f.<\/li>\n<li><strong>Analytick\u00e9 \/ statistick\u00e9<\/strong>\u00a0&#8211; pom\u00e1haj\u00ed m\u011b\u0159it n\u00e1v\u0161t\u011bvnost a analyzovat zp\u016fsob pou\u017e\u00edv\u00e1n\u00ed webu, aby bylo mo\u017en\u00e9 zlep\u0161ovat jeho fungov\u00e1n\u00ed.<\/li>\n<li><strong>Marketingov\u00e9<\/strong>\u00a0&#8211; mohou slou\u017eit k m\u011b\u0159en\u00ed \u00fa\u010dinnosti kampan\u00ed, personalizaci komunikace nebo integraci reklamn\u00edch a sledovac\u00edch n\u00e1stroj\u016f t\u0159et\u00edch stran.<\/li>\n<\/ul>\n<h2>4. Pr\u00e1vn\u00ed z\u00e1klady pou\u017e\u00edv\u00e1n\u00ed cookies<\/h2>\n<p>Nezbytn\u00e9 soubory cookies pou\u017e\u00edv\u00e1me na z\u00e1klad\u011b pr\u00e1vn\u00edch p\u0159edpis\u016f upravuj\u00edc\u00edch elektronick\u00e9 komunikace a v rozsahu nezbytn\u00e9m pro poskytov\u00e1n\u00ed slu\u017eby webu. Ostatn\u00ed cookies, zejm\u00e9na analytick\u00e9, funk\u010dn\u00ed a marketingov\u00e9, pou\u017e\u00edv\u00e1me na z\u00e1klad\u011b dobrovoln\u00e9ho souhlasu u\u017eivatele ud\u011blen\u00e9ho prost\u0159ednictv\u00edm banneru nebo panelu pro spr\u00e1vu souhlas\u016f.<\/p>\n<p>Pokud informace shroma\u017e\u010fovan\u00e9 pomoc\u00ed cookies p\u0159edstavuj\u00ed osobn\u00ed \u00fadaje, jejich zpracov\u00e1n\u00ed prob\u00edh\u00e1 odpov\u00eddaj\u00edc\u00edm zp\u016fsobem na z\u00e1klad\u011b:<\/p>\n<ul>\n<li>\u010dl. 6 odst. 1 p\u00edsm. a GDPR &#8211; v rozsahu souhlasu u\u017eivatele,<\/li>\n<li>\u010dl. 6 odst. 1 p\u00edsm. b GDPR &#8211; pokud je technologie nezbytn\u00e1 pro poskytnut\u00ed slu\u017eby po\u017eadovan\u00e9 u\u017eivatelem,<\/li>\n<li>\u010dl. 6 odst. 1 p\u00edsm. f GDPR &#8211; v rozsahu opr\u00e1vn\u011bn\u00e9ho z\u00e1jmu spr\u00e1vce, je-li to p\u0159\u00edpustn\u00e9 a t\u00fdk\u00e1 se to v\u00fdhradn\u011b nezbytn\u00fdch nebo podp\u016frn\u00fdch technologi\u00ed, kter\u00e9 nevy\u017eaduj\u00ed samostatn\u00fd souhlas.<\/li>\n<\/ul>\n<h2>5. Podrobn\u00fd p\u0159ehled cookies a podobn\u00fdch technologi\u00ed<\/h2>\n<h3>5.1. Nezbytn\u00e9 a funk\u010dn\u00ed cookies<\/h3>\n<table border=\"1px\">\n<thead>\n<tr>\n<th>N\u00e1zev<\/th>\n<th>Poskytovatel<\/th>\n<th>\u00da\u010del<\/th>\n<th>Doba uchov\u00e1n\u00ed<\/th>\n<th>Kategorie<\/th>\n<\/tr>\n<\/thead>\n<tbody>\n<tr>\n<td><code>cmplz_consented_services<\/code><br \/>\n<code>cmplz_policy_id<\/code><br \/>\n<code>cmplz_marketing<\/code><br \/>\n<code>cmplz_statistics<\/code><br \/>\n<code>cmplz_preferences<\/code><br \/>\n<code>cmplz_functional<\/code><br \/>\n<code>cmplz_banner-status<\/code><\/td>\n<td>Complianz \/ Humanus<\/td>\n<td>Zapamatov\u00e1n\u00ed voleb u\u017eivatele t\u00fdkaj\u00edc\u00edch se souhlas\u016f, verze z\u00e1sad a stavu cookie banneru.<\/td>\n<td>A\u017e 365 dn\u00ed<\/td>\n<td>Nezbytn\u00e9<\/td>\n<\/tr>\n<tr>\n<td><code>wp-wpml_current_language<\/code><\/td>\n<td>WPML \/ Humanus<\/td>\n<td>Zapamatov\u00e1n\u00ed aktu\u00e1ln\u011b zvolen\u00e9ho jazyka webu.<\/td>\n<td>1 den<\/td>\n<td>Funk\u010dn\u00ed<\/td>\n<\/tr>\n<tr>\n<td><code>wordpress_test_cookie<\/code><\/td>\n<td>WordPress \/ Humanus<\/td>\n<td>Ov\u011b\u0159en\u00ed, zda prohl\u00ed\u017ee\u010d u\u017eivatele p\u0159ij\u00edm\u00e1 cookies.<\/td>\n<td>Relace<\/td>\n<td>Nezbytn\u00e9<\/td>\n<\/tr>\n<tr>\n<td><code>wp_lang<\/code><\/td>\n<td>WordPress \/ Humanus<\/td>\n<td>Zapamatov\u00e1n\u00ed jazykov\u00fdch nastaven\u00ed v prost\u0159ed\u00ed WordPress.<\/td>\n<td>Relace<\/td>\n<td>Funk\u010dn\u00ed<\/td>\n<\/tr>\n<tr>\n<td><code>wordpress_logged_in_*<\/code><\/td>\n<td>WordPress \/ Humanus<\/td>\n<td>Udr\u017eov\u00e1n\u00ed relace p\u0159ihl\u00e1\u0161en\u00e9ho u\u017eivatele administrativn\u00edho rozhran\u00ed. Tato cookie se net\u00fdk\u00e1 b\u011b\u017en\u00e9ho u\u017eivatele webu, leda\u017ee pou\u017e\u00edv\u00e1 funkci p\u0159ihl\u00e1\u0161en\u00ed.<\/td>\n<td>Trval\u00e9, podle konfigurace WordPressu<\/td>\n<td>Nezbytn\u00e9<\/td>\n<\/tr>\n<tr>\n<td><code>joinchat_country_code<\/code><br \/>\n<code>persist:qlwapp:2<\/code>\u00a0(local storage nebo podobn\u00e1 technologie)<\/td>\n<td>WhatsApp widget \/ Humanus<\/td>\n<td>Obsluha kontaktn\u00edho widgetu WhatsApp, zapamatov\u00e1n\u00ed stavu okna nebo nastaven\u00ed souvisej\u00edc\u00edch s komunikac\u00ed.<\/td>\n<td>Podle konfigurace widgetu<\/td>\n<td>Funk\u010dn\u00ed<\/td>\n<\/tr>\n<\/tbody>\n<\/table>\n<h3>5.2. Analytick\u00e9 cookies<\/h3>\n<p>Analytick\u00e9 cookies se spou\u0161t\u011bj\u00ed v\u00fdhradn\u011b po ud\u011blen\u00ed souhlasu u\u017eivatele.<\/p>\n<table border=\"1px\">\n<thead>\n<tr>\n<th>N\u00e1zev<\/th>\n<th>Poskytovatel<\/th>\n<th>\u00da\u010del<\/th>\n<th>Doba uchov\u00e1n\u00ed<\/th>\n<th>Kategorie<\/th>\n<\/tr>\n<\/thead>\n<tbody>\n<tr>\n<td><code>_ga<\/code><\/td>\n<td>Google Analytics<\/td>\n<td>Rozli\u0161en\u00ed u\u017eivatel\u016f a m\u011b\u0159en\u00ed n\u00e1v\u0161t\u011bvnosti webu.<\/td>\n<td>2 roky<\/td>\n<td>Analytick\u00e9<\/td>\n<\/tr>\n<tr>\n<td><code>_ga_*<\/code><\/td>\n<td>Google Analytics<\/td>\n<td>Udr\u017eov\u00e1n\u00ed stavu relace a m\u011b\u0159en\u00ed pou\u017e\u00edv\u00e1n\u00ed webu.<\/td>\n<td>1 rok<\/td>\n<td>Analytick\u00e9<\/td>\n<\/tr>\n<tr>\n<td><code>_gid<\/code><\/td>\n<td>Google Analytics<\/td>\n<td>Po\u010d\u00edt\u00e1n\u00ed zobrazen\u00ed a aktivity u\u017eivatel\u016f v kr\u00e1tk\u00e9m obdob\u00ed.<\/td>\n<td>1 den<\/td>\n<td>Analytick\u00e9<\/td>\n<\/tr>\n<tr>\n<td><code>_gat_gtag_UA_*<\/code><\/td>\n<td>Google Analytics<\/td>\n<td>Omezen\u00ed po\u010dtu po\u017eadavk\u016f a technick\u00e1 obsluha m\u011b\u0159en\u00ed.<\/td>\n<td>1 minuta<\/td>\n<td>Analytick\u00e9<\/td>\n<\/tr>\n<\/tbody>\n<\/table>\n<h3>5.3. Cookies a technologie extern\u00edho obsahu \/ marketingov\u00e9<\/h3>\n<p>Tyto technologie mohou b\u00fdt spu\u0161t\u011bny po ud\u011blen\u00ed souhlasu, leda\u017ee je dan\u00e1 funkce nezbytn\u00e1 k proveden\u00ed u\u017eivatelem v\u00fdslovn\u011b po\u017eadovan\u00e9ho \u00fakonu.<\/p>\n<table border=\"1px\">\n<thead>\n<tr>\n<th>N\u00e1zev \/ technologie<\/th>\n<th>Poskytovatel<\/th>\n<th>\u00da\u010del<\/th>\n<th>Doba uchov\u00e1n\u00ed<\/th>\n<th>Kategorie<\/th>\n<\/tr>\n<\/thead>\n<tbody>\n<tr>\n<td><code>vuid<\/code><br \/>\n<code>__utmt_player<\/code><\/td>\n<td>Vimeo<\/td>\n<td>Vlo\u017een\u00ed a p\u0159ehr\u00e1v\u00e1n\u00ed videoobsahu, m\u011b\u0159en\u00ed pou\u017e\u00edv\u00e1n\u00ed p\u0159ehr\u00e1va\u010de.<\/td>\n<td><code>vuid<\/code>\u00a0&#8211; 2 roky<br \/>\n<code>__utmt_player<\/code>\u00a0&#8211; 10 minut<\/td>\n<td>Marketingov\u00e9 \/ extern\u00ed obsah<\/td>\n<\/tr>\n<tr>\n<td><code>Google Fonts API<\/code>\u00a0nebo podobn\u00e9 po\u017eadavky na servery Google<\/td>\n<td>Google<\/td>\n<td>Na\u010dten\u00ed p\u00edsem a spr\u00e1vn\u00e9 zobrazen\u00ed webu. Technologie m\u016f\u017ee b\u00fdt spojena s p\u0159ed\u00e1n\u00edm IP adresy u\u017eivatele poskytovateli.<\/td>\n<td>Bez klasick\u00e9 cookie nebo podle z\u00e1sad poskytovatele<\/td>\n<td>Extern\u00ed obsah<\/td>\n<\/tr>\n<tr>\n<td><code>_gcl_au<\/code><br \/>\n<code>_gcl_ls<\/code><br \/>\n<code>google_adsense_settings<\/code><\/td>\n<td>Google Ads \/ Google Adsense<\/td>\n<td>M\u011b\u0159en\u00ed \u00fa\u010dinnosti kampan\u00ed, konverz\u00ed a p\u0159\u00edpadn\u00fd remarketing &#8211; pouze pokud jsou reklamn\u00ed moduly v dan\u00e9m \u010dase aktivn\u00ed.<\/td>\n<td>Podle konkr\u00e9tn\u00ed cookie a konfigurace, obvykle od relace po trval\u00e9 obdob\u00ed<\/td>\n<td>Marketingov\u00e9<\/td>\n<\/tr>\n<tr>\n<td><code>twk_*<\/code><\/td>\n<td>Tawk.to<\/td>\n<td>Obsluha \u017eiv\u00e9ho chatu, pokud spr\u00e1vce takov\u00fd modul aktivuje.<\/td>\n<td>Relace<\/td>\n<td>Funk\u010dn\u00ed \/ marketingov\u00e9<\/td>\n<\/tr>\n<tr>\n<td><code>_hjSessionUser_*<\/code><br \/>\n<code>_hjSession_*<\/code><\/td>\n<td>Hotjar<\/td>\n<td>Anal\u00fdza chov\u00e1n\u00ed u\u017eivatel\u016f, heatmapy a z\u00e1znamy relac\u00ed, pokud je n\u00e1stroj aktivn\u00ed.<\/td>\n<td><code>_hjSessionUser_*<\/code>\u00a0&#8211; 1 rok<br \/>\n<code>_hjSession_*<\/code>\u00a0&#8211; relace<\/td>\n<td>Analytick\u00e9 \/ marketingov\u00e9<\/td>\n<\/tr>\n<tr>\n<td><code>__stripe_mid<\/code><\/td>\n<td>Stripe<\/td>\n<td>P\u0159edch\u00e1zen\u00ed zneu\u017eit\u00ed plateb, pokud jsou platebn\u00ed funkce aktivn\u00ed.<\/td>\n<td>1 rok<\/td>\n<td>Nezbytn\u00e9 pro platby<\/td>\n<\/tr>\n<\/tbody>\n<\/table>\n<h3>5.4. Dal\u0161\u00ed identifik\u00e1tory zji\u0161t\u011bn\u00e9 modulem pro spr\u00e1vu souhlas\u016f<\/h3>\n<p>V z\u00e1vislosti na aktu\u00e1ln\u00ed konfiguraci webu a aktivn\u00edch pluginech se mohou objevovat tak\u00e9 dal\u0161\u00ed identifik\u00e1tory nebo polo\u017eky local storage, nap\u0159.\u00a0<code>cp_widget_geo_response<\/code>,\u00a0<code>cp_wasWidgetShown<\/code>,\u00a0<code>cp_metrics<\/code>,\u00a0<code>cp_lastTriggerId<\/code>,\u00a0<code>cp_resolvedTriggers<\/code>,\u00a0<code>topicsLastReferenceTime<\/code>,\u00a0<code>lastExternalReferrerTime<\/code>,\u00a0<code>WP_DATA_USER_2<\/code>. Jsou spojeny s dopl\u0148kov\u00fdmi moduly webu, onsite kampan\u011bmi, p\u0159eklady nebo administrativn\u00edmi funkcemi. Pokud takov\u00e9 technologie ukl\u00e1daj\u00ed informace do koncov\u00e9ho za\u0159\u00edzen\u00ed u\u017eivatele a nejsou nezbytn\u00e9 pro fungov\u00e1n\u00ed webu, budou spu\u0161t\u011bny a\u017e po ud\u011blen\u00ed odpov\u00eddaj\u00edc\u00edho souhlasu.<\/p>\n<h2>6. Analytick\u00e9 a sledovac\u00ed n\u00e1stroje<\/h2>\n<p>Web m\u016f\u017ee vyu\u017e\u00edvat analytick\u00e9 a sledovac\u00ed n\u00e1stroje t\u0159et\u00edch stran, zejm\u00e9na Google Analytics, Vimeo, Google Ads, Hotjar, Tawk.to, Google Fonts, WhatsApp nebo jin\u00e9 podobn\u00e9 slu\u017eby, pokud je spr\u00e1vce na webu aktivuje. Poskytovatel\u00e9 t\u011bchto slu\u017eeb mohou z\u00edsk\u00e1vat ur\u010dit\u00e9 technick\u00e9 informace, jako je IP adresa, identifik\u00e1tor za\u0159\u00edzen\u00ed, informace o prohl\u00ed\u017ee\u010di, opera\u010dn\u00edm syst\u00e9mu, zdroji p\u0159\u00edstupu na web, d\u00e9lce n\u00e1v\u0161t\u011bvy a interakc\u00edch u\u017eivatele s webem.<\/p>\n<p>Pokud m\u00e1 dan\u00fd poskytovatel s\u00eddlo mimo Evropsk\u00fd hospod\u00e1\u0159sk\u00fd prostor, mohou b\u00fdt \u00fadaje p\u0159ed\u00e1v\u00e1ny mimo EHP za podm\u00ednek stanoven\u00fdch GDPR, zejm\u00e9na na z\u00e1klad\u011b rozhodnut\u00ed o odpov\u00eddaj\u00edc\u00ed ochran\u011b, standardn\u00edch smluvn\u00edch dolo\u017eek nebo jin\u00fdch vhodn\u00fdch z\u00e1ruk.<\/p>\n<h2>7. Jak ud\u011blit souhlas a jak jej odvolat?<\/h2>\n<ul>\n<li>P\u0159i prvn\u00ed n\u00e1v\u0161t\u011bv\u011b webu se zobraz\u00ed cookie banner umo\u017e\u0148uj\u00edc\u00ed p\u0159ijet\u00ed, odm\u00edtnut\u00ed nebo volbu preferenc\u00ed.<\/li>\n<li>U\u017eivatel m\u016f\u017ee sv\u016fj souhlas kdykoli zm\u011bnit nebo odvolat op\u011btovn\u00fdm otev\u0159en\u00edm panelu pro spr\u00e1vu souhlas\u016f dostupn\u00e9ho na webu.<\/li>\n<li>Odvol\u00e1n\u00ed souhlasu nem\u00e1 vliv na z\u00e1konnost zpracov\u00e1n\u00ed proveden\u00e9ho p\u0159ed jeho odvol\u00e1n\u00edm.<\/li>\n<li>Nez\u00e1visle na panelu cookies m\u016f\u017ee u\u017eivatel cookies tak\u00e9 odstranit ve sv\u00e9m prohl\u00ed\u017ee\u010di nebo jejich ukl\u00e1d\u00e1n\u00ed zablokovat. Omezen\u00ed nezbytn\u00fdch cookies v\u0161ak m\u016f\u017ee ovlivnit spr\u00e1vn\u00e9 fungov\u00e1n\u00ed str\u00e1nek.<\/li>\n<\/ul>\n<h2>8. Pr\u00e1va u\u017eivatele<\/h2>\n<p>Pokud informace shroma\u017e\u010fovan\u00e9 prost\u0159ednictv\u00edm cookies p\u0159edstavuj\u00ed osobn\u00ed \u00fadaje, n\u00e1le\u017e\u00ed u\u017eivateli pr\u00e1va vypl\u00fdvaj\u00edc\u00ed z GDPR, zejm\u00e9na:<\/p>\n<ul>\n<li>pr\u00e1vo na p\u0159\u00edstup k \u00fadaj\u016fm,<\/li>\n<li>pr\u00e1vo na opravu \u00fadaj\u016f,<\/li>\n<li>pr\u00e1vo na v\u00fdmaz \u00fadaj\u016f,<\/li>\n<li>pr\u00e1vo na omezen\u00ed zpracov\u00e1n\u00ed,<\/li>\n<li>pr\u00e1vo na p\u0159enositelnost \u00fadaj\u016f,<\/li>\n<li>pr\u00e1vo vzn\u00e9st n\u00e1mitku proti zpracov\u00e1n\u00ed,<\/li>\n<li>pr\u00e1vo kdykoli odvolat souhlas,<\/li>\n<li>pr\u00e1vo podat st\u00ed\u017enost u p\u0159\u00edslu\u0161n\u00e9ho dozorov\u00e9ho \u00fa\u0159adu.<\/li>\n<\/ul>\n<p>Za \u00fa\u010delem uplatn\u011bn\u00ed sv\u00fdch pr\u00e1v m\u016f\u017ee u\u017eivatel kontaktovat spr\u00e1vce nebo pov\u011b\u0159ence pro ochranu osobn\u00edch \u00fadaj\u016f uveden\u00e9ho v Z\u00e1sad\u00e1ch ochrany osobn\u00edch \u00fadaj\u016f.<\/p>\n<h2>9. Cookies t\u0159et\u00edch stran a extern\u00ed str\u00e1nky<\/h2>\n<p>Na webu se mohou nach\u00e1zet vlo\u017een\u00e9 obsahy nebo odkazy na extern\u00ed slu\u017eby, zejm\u00e9na na Vimeo, Facebook, n\u00e1borov\u00fd syst\u00e9m, WhatsApp a dal\u0161\u00ed technologick\u00e9 partnery. Po kliknut\u00ed na odkaz nebo spu\u0161t\u011bn\u00ed vlo\u017een\u00e9ho obsahu m\u016f\u017ee b\u00fdt u\u017eivatel p\u0159esm\u011brov\u00e1n na web t\u0159et\u00ed strany nebo m\u016f\u017ee doj\u00edt k nav\u00e1z\u00e1n\u00ed p\u0159\u00edm\u00e9ho spojen\u00ed s jej\u00edmi servery.<\/p>\n<p>V takov\u00e9m p\u0159\u00edpad\u011b pravidla zpracov\u00e1n\u00ed \u00fadaj\u016f a pou\u017e\u00edv\u00e1n\u00ed cookies stanov\u00ed tak\u00e9 z\u00e1sady ochrany osobn\u00edch \u00fadaj\u016f a z\u00e1sady cookies dan\u00e9 t\u0159et\u00ed strany.<\/p>\n<h2>10. Kontakt<\/h2>\n<p>Ve v\u011bcech souvisej\u00edc\u00edch s t\u011bmito Z\u00e1sadami pou\u017e\u00edv\u00e1n\u00ed soubor\u016f cookies je mo\u017en\u00e9 kontaktovat spr\u00e1vce:<\/p>\n<p><strong>Humanus Personalservice GmbH<\/strong><br \/>\nN\u00fcrnberger Stra\u00dfe 64<br \/>\n86720 N\u00f6rdlingen, N\u011bmecko<br \/>\ne-mail:\u00a0<a href=\"mailto:info@humanus-personalservice.de\">info@humanus-personalservice.de<\/a><\/p>\n<p>V ot\u00e1zk\u00e1ch ochrany osobn\u00edch \u00fadaj\u016f je d\u00e1le t\u0159eba vych\u00e1zet z kontaktn\u00edch \u00fadaj\u016f pov\u011b\u0159ence pro ochranu osobn\u00edch \u00fadaj\u016f uveden\u00fdch v\u00a0<a href=\"https:\/\/www.humanuspraca.pl\/cs\/zasady-ochrany-osobnich-udaju\/\">Z\u00e1sad\u00e1ch ochrany osobn\u00edch \u00fadaj\u016f<\/a>.<\/p>\n<h2>11. Zm\u011bny Z\u00e1sad pou\u017e\u00edv\u00e1n\u00ed soubor\u016f cookies<\/h2>\n<p>Tyto Z\u00e1sady mohou b\u00fdt aktualizov\u00e1ny zejm\u00e9na v p\u0159\u00edpad\u011b technologick\u00fdch zm\u011bn, zaveden\u00ed nov\u00fdch analytick\u00fdch nebo marketingov\u00fdch n\u00e1stroj\u016f, pr\u00e1vn\u00edch zm\u011bn nebo zm\u011bn ve zp\u016fsobu fungov\u00e1n\u00ed webu. Aktu\u00e1ln\u00ed verze dokumentu je zve\u0159ejn\u011bna na webu humanuspraca.pl.<\/p>\n","protected":false},"excerpt":{"rendered":"<p>Web: humanuspraca.pl Datum posledn\u00ed aktualizace: 17. dubna 2026 Nejd\u016fle\u017eit\u011bj\u0161\u00ed informace:\u00a0web pou\u017e\u00edv\u00e1 soubory cookies a podobn\u00e9 technologie za \u00fa\u010delem zaji\u0161t\u011bn\u00ed spr\u00e1vn\u00e9ho fungov\u00e1n\u00ed str\u00e1nek, zapamatov\u00e1n\u00ed nastaven\u00ed u\u017eivatele, obsluhy v\u00edcejazy\u010dnosti, spr\u00e1vy souhlas\u016f s cookies, veden\u00ed statistik a zobrazov\u00e1n\u00ed extern\u00edho obsahu, jako jsou videa Vimeo. N\u011bkter\u00e9 technologie t\u0159et\u00edch stran se spou\u0161t\u011bj\u00ed v\u00fdhradn\u011b po ud\u011blen\u00ed souhlasu u\u017eivatele, s v\u00fdjimkou \u0159e\u0161en\u00ed [&hellip;]<\/p>\n","protected":false},"author":2,"featured_media":0,"parent":0,"menu_order":0,"comment_status":"closed","ping_status":"closed","template":"","meta":{"_joinchat":[]},"acf":[],"yoast_head":"<!-- This site is optimized with the Yoast SEO plugin v20.8 - https:\/\/yoast.com\/wordpress\/plugins\/seo\/ -->\n<title>Z\u00e1sady pou\u017e\u00edv\u00e1n\u00ed soubor\u016f cookies - Humanus<\/title>\n<meta name=\"robots\" content=\"index, follow, max-snippet:-1, max-image-preview:large, max-video-preview:-1\" \/>\n<link rel=\"canonical\" href=\"https:\/\/www.humanuspraca.pl\/cs\/zasady-pouzivani-souboru-cookies\/\" \/>\n<meta property=\"og:locale\" content=\"cs_CZ\" \/>\n<meta property=\"og:type\" content=\"article\" \/>\n<meta property=\"og:title\" content=\"Z\u00e1sady pou\u017e\u00edv\u00e1n\u00ed soubor\u016f cookies - Humanus\" \/>\n<meta property=\"og:description\" content=\"Web: humanuspraca.pl Datum posledn\u00ed aktualizace: 17. dubna 2026 Nejd\u016fle\u017eit\u011bj\u0161\u00ed informace:\u00a0web pou\u017e\u00edv\u00e1 soubory cookies a podobn\u00e9 technologie za \u00fa\u010delem zaji\u0161t\u011bn\u00ed spr\u00e1vn\u00e9ho fungov\u00e1n\u00ed str\u00e1nek, zapamatov\u00e1n\u00ed nastaven\u00ed u\u017eivatele, obsluhy v\u00edcejazy\u010dnosti, spr\u00e1vy souhlas\u016f s cookies, veden\u00ed statistik a zobrazov\u00e1n\u00ed extern\u00edho obsahu, jako jsou videa Vimeo. N\u011bkter\u00e9 technologie t\u0159et\u00edch stran se spou\u0161t\u011bj\u00ed v\u00fdhradn\u011b po ud\u011blen\u00ed souhlasu u\u017eivatele, s v\u00fdjimkou \u0159e\u0161en\u00ed [&hellip;]\" \/>\n<meta property=\"og:url\" content=\"https:\/\/www.humanuspraca.pl\/cs\/zasady-pouzivani-souboru-cookies\/\" \/>\n<meta property=\"og:site_name\" content=\"Humanus\" \/>\n<meta property=\"article:modified_time\" content=\"2026-04-17T17:56:42+00:00\" \/>\n<meta name=\"twitter:card\" content=\"summary_large_image\" \/>\n<meta name=\"twitter:label1\" content=\"Est. reading time\" \/>\n\t<meta name=\"twitter:data1\" content=\"8 minut\" \/>\n<script type=\"application\/ld+json\" class=\"yoast-schema-graph\">{\"@context\":\"https:\/\/schema.org\",\"@graph\":[{\"@type\":\"WebPage\",\"@id\":\"https:\/\/www.humanuspraca.pl\/cs\/zasady-pouzivani-souboru-cookies\/\",\"url\":\"https:\/\/www.humanuspraca.pl\/cs\/zasady-pouzivani-souboru-cookies\/\",\"name\":\"Z\u00e1sady pou\u017e\u00edv\u00e1n\u00ed soubor\u016f cookies - Humanus\",\"isPartOf\":{\"@id\":\"https:\/\/www.humanuspraca.pl\/#website\"},\"datePublished\":\"2026-04-17T11:38:53+00:00\",\"dateModified\":\"2026-04-17T17:56:42+00:00\",\"breadcrumb\":{\"@id\":\"https:\/\/www.humanuspraca.pl\/cs\/zasady-pouzivani-souboru-cookies\/#breadcrumb\"},\"inLanguage\":\"cs\",\"potentialAction\":[{\"@type\":\"ReadAction\",\"target\":[\"https:\/\/www.humanuspraca.pl\/cs\/zasady-pouzivani-souboru-cookies\/\"]}]},{\"@type\":\"BreadcrumbList\",\"@id\":\"https:\/\/www.humanuspraca.pl\/cs\/zasady-pouzivani-souboru-cookies\/#breadcrumb\",\"itemListElement\":[{\"@type\":\"ListItem\",\"position\":1,\"name\":\"Strona g\u0142\u00f3wna\",\"item\":\"https:\/\/www.humanuspraca.pl\/cs\/\"},{\"@type\":\"ListItem\",\"position\":2,\"name\":\"Z\u00e1sady pou\u017e\u00edv\u00e1n\u00ed soubor\u016f cookies\"}]},{\"@type\":\"WebSite\",\"@id\":\"https:\/\/www.humanuspraca.pl\/#website\",\"url\":\"https:\/\/www.humanuspraca.pl\/\",\"name\":\"Humanus\",\"description\":\"Simply fair work\",\"potentialAction\":[{\"@type\":\"SearchAction\",\"target\":{\"@type\":\"EntryPoint\",\"urlTemplate\":\"https:\/\/www.humanuspraca.pl\/?s={search_term_string}\"},\"query-input\":\"required name=search_term_string\"}],\"inLanguage\":\"cs\"}]}<\/script>\n<!-- \/ Yoast SEO plugin. -->","yoast_head_json":{"title":"Z\u00e1sady pou\u017e\u00edv\u00e1n\u00ed soubor\u016f cookies - Humanus","robots":{"index":"index","follow":"follow","max-snippet":"max-snippet:-1","max-image-preview":"max-image-preview:large","max-video-preview":"max-video-preview:-1"},"canonical":"https:\/\/www.humanuspraca.pl\/cs\/zasady-pouzivani-souboru-cookies\/","og_locale":"cs_CZ","og_type":"article","og_title":"Z\u00e1sady pou\u017e\u00edv\u00e1n\u00ed soubor\u016f cookies - Humanus","og_description":"Web: humanuspraca.pl Datum posledn\u00ed aktualizace: 17. dubna 2026 Nejd\u016fle\u017eit\u011bj\u0161\u00ed informace:\u00a0web pou\u017e\u00edv\u00e1 soubory cookies a podobn\u00e9 technologie za \u00fa\u010delem zaji\u0161t\u011bn\u00ed spr\u00e1vn\u00e9ho fungov\u00e1n\u00ed str\u00e1nek, zapamatov\u00e1n\u00ed nastaven\u00ed u\u017eivatele, obsluhy v\u00edcejazy\u010dnosti, spr\u00e1vy souhlas\u016f s cookies, veden\u00ed statistik a zobrazov\u00e1n\u00ed extern\u00edho obsahu, jako jsou videa Vimeo. N\u011bkter\u00e9 technologie t\u0159et\u00edch stran se spou\u0161t\u011bj\u00ed v\u00fdhradn\u011b po ud\u011blen\u00ed souhlasu u\u017eivatele, s v\u00fdjimkou \u0159e\u0161en\u00ed [&hellip;]","og_url":"https:\/\/www.humanuspraca.pl\/cs\/zasady-pouzivani-souboru-cookies\/","og_site_name":"Humanus","article_modified_time":"2026-04-17T17:56:42+00:00","twitter_card":"summary_large_image","twitter_misc":{"Est. reading time":"8 minut"},"schema":{"@context":"https:\/\/schema.org","@graph":[{"@type":"WebPage","@id":"https:\/\/www.humanuspraca.pl\/cs\/zasady-pouzivani-souboru-cookies\/","url":"https:\/\/www.humanuspraca.pl\/cs\/zasady-pouzivani-souboru-cookies\/","name":"Z\u00e1sady pou\u017e\u00edv\u00e1n\u00ed soubor\u016f cookies - Humanus","isPartOf":{"@id":"https:\/\/www.humanuspraca.pl\/#website"},"datePublished":"2026-04-17T11:38:53+00:00","dateModified":"2026-04-17T17:56:42+00:00","breadcrumb":{"@id":"https:\/\/www.humanuspraca.pl\/cs\/zasady-pouzivani-souboru-cookies\/#breadcrumb"},"inLanguage":"cs","potentialAction":[{"@type":"ReadAction","target":["https:\/\/www.humanuspraca.pl\/cs\/zasady-pouzivani-souboru-cookies\/"]}]},{"@type":"BreadcrumbList","@id":"https:\/\/www.humanuspraca.pl\/cs\/zasady-pouzivani-souboru-cookies\/#breadcrumb","itemListElement":[{"@type":"ListItem","position":1,"name":"Strona g\u0142\u00f3wna","item":"https:\/\/www.humanuspraca.pl\/cs\/"},{"@type":"ListItem","position":2,"name":"Z\u00e1sady pou\u017e\u00edv\u00e1n\u00ed soubor\u016f cookies"}]},{"@type":"WebSite","@id":"https:\/\/www.humanuspraca.pl\/#website","url":"https:\/\/www.humanuspraca.pl\/","name":"Humanus","description":"Simply fair work","potentialAction":[{"@type":"SearchAction","target":{"@type":"EntryPoint","urlTemplate":"https:\/\/www.humanuspraca.pl\/?s={search_term_string}"},"query-input":"required name=search_term_string"}],"inLanguage":"cs"}]}},"_links":{"self":[{"href":"https:\/\/www.humanuspraca.pl\/cs\/wp-json\/wp\/v2\/pages\/7793"}],"collection":[{"href":"https:\/\/www.humanuspraca.pl\/cs\/wp-json\/wp\/v2\/pages"}],"about":[{"href":"https:\/\/www.humanuspraca.pl\/cs\/wp-json\/wp\/v2\/types\/page"}],"author":[{"embeddable":true,"href":"https:\/\/www.humanuspraca.pl\/cs\/wp-json\/wp\/v2\/users\/2"}],"replies":[{"embeddable":true,"href":"https:\/\/www.humanuspraca.pl\/cs\/wp-json\/wp\/v2\/comments?post=7793"}],"version-history":[{"count":1,"href":"https:\/\/www.humanuspraca.pl\/cs\/wp-json\/wp\/v2\/pages\/7793\/revisions"}],"predecessor-version":[{"id":7794,"href":"https:\/\/www.humanuspraca.pl\/cs\/wp-json\/wp\/v2\/pages\/7793\/revisions\/7794"}],"wp:attachment":[{"href":"https:\/\/www.humanuspraca.pl\/cs\/wp-json\/wp\/v2\/media?parent=7793"}],"curies":[{"name":"wp","href":"https:\/\/api.w.org\/{rel}","templated":true}]}}