{"id":5505,"date":"2023-05-26T15:32:33","date_gmt":"2023-05-26T13:32:33","guid":{"rendered":"https:\/\/www.humanuspraca.pl\/impressum\/"},"modified":"2026-03-03T11:59:30","modified_gmt":"2026-03-03T10:59:30","slug":"impressum","status":"publish","type":"page","link":"https:\/\/www.humanuspraca.pl\/cs\/impressum\/","title":{"rendered":"Impressum"},"content":{"rendered":"<div class=\"rs-column -large-col-2-1 -large-first -large-first-row -medium-col-2-1 -medium-first -medium-first-row -small-col-1-1 -small-first -small-last -small-first-row\">\n<div class=\"icon-text-block ce_rsce_tao_icon_text_blocks\" data-icon=\"\ue0a1\">\n<p class=\"p1\"><span class=\"s1\">Humanus Personnel Service GmbH<br \/><\/span><span class=\"s1\">N\u00fcrnberger Strasse 64<br \/><\/span><span class=\"s1\">86720 N\u00f6rdlingen<\/span><\/p>\n<p class=\"p1\"><span class=\"s1\">Telefon: 09081\/ 789 59 0<br \/><\/span><span class=\"s2\">F<\/span><span class=\"s1\">ax: 09081\/ 2187163<br \/><\/span>E-Mail: <span id=\"cloak99128\"><span id=\"cloakca1b54c90c21670db64656f2d4e9526b\"><a href=\"mailto:info@humanus-personalservice.de\">info@humanus-personalservice.de<\/a><\/span><\/span><\/p>\n<\/div>\n<\/div>\n<div class=\"rs-column -large-col-2-1 -large-last -large-first-row -medium-col-2-1 -medium-last -medium-first-row -small-col-1-1 -small-first -small-last\">\n<div class=\"icon-text-block ce_rsce_tao_icon_text_blocks\" data-icon=\"\ue0e5\">\n<p class=\"p1\"><strong>Odpov\u011bdn\u00e1 osoba:<\/strong><\/p>\n<p class=\"p2\"><span class=\"s1\">Philipp Erik Breitenfeld (jednatel)<\/span><\/p>\n<p class=\"p2\">Z\u00e1pis v obchodn\u00edm rejst\u0159\u00edku<br \/>Rejst\u0159\u00edkov\u00fd soud: Okresn\u00ed soud Augsburg<br \/>Registra\u010dn\u00ed \u010d\u00edslo: HRB 27662<\/p>\n<p class=\"p2\">Da\u0148ov\u00e9 identifika\u010dn\u00ed \u010d\u00edslo podle \u00a7 27a z\u00e1kona o dani z obratu: DE287727735<\/p>\n<\/div>\n<\/div>\n<p>&nbsp;<\/p>\n<p>Dozorov\u00fd org\u00e1n:<br \/>Agentura pr\u00e1ce Norimberk<br \/>Spolkov\u00e1 agentura pr\u00e1ce v Norimberku<\/p>\n<p>&nbsp;<\/p>\n<h2>\u0158e\u0161en\u00ed spor\u016f<\/h2>\n<p>Nejsme povinni \u00fa\u010dastnit se \u0159\u00edzen\u00ed o \u0159e\u0161en\u00ed spor\u016f p\u0159ed \u00fa\u0159adem pro ochranu pr\u00e1v spot\u0159ebitel\u016f.<\/p>\n<p>&nbsp;<\/p>\n<h2>Odpov\u011bdnost za obsah<\/h2>\n<p>Jako poskytovatel slu\u017eeb jsme podle \u00a7 7 odst. 1 TMG (n\u011bmeck\u00fd z\u00e1kon o telem\u00e9di\u00edch) odpov\u011bdn\u00ed za vlastn\u00ed obsah zve\u0159ejn\u011bn\u00fd na t\u011bchto str\u00e1nk\u00e1ch. Podle \u00a7\u00a7 8 a\u017e 10 TMG v\u0161ak nejsme povinni monitorovat p\u0159en\u00e1\u0161en\u00e9 nebo ulo\u017een\u00e9 informace t\u0159et\u00edch stran ani zkoumat okolnosti nazna\u010duj\u00edc\u00ed protipr\u00e1vn\u00ed \u010dinnost.  <\/p>\n<p>T\u00edm nejsou dot\u010deny povinnosti odstranit nebo zablokovat pou\u017e\u00edv\u00e1n\u00ed informac\u00ed podle obecn\u011b platn\u00fdch pr\u00e1vn\u00edch p\u0159edpis\u016f. Odpov\u011bdnost v tomto ohledu je v\u0161ak mo\u017en\u00e1 a\u017e od okam\u017eiku, kdy se dozv\u00edme o konkr\u00e9tn\u00edm poru\u0161en\u00ed pr\u00e1va. Pokud se o takov\u00fdch poru\u0161en\u00edch dozv\u00edme, bude p\u0159\u00edslu\u0161n\u00fd obsah neprodlen\u011b odstran\u011bn.  <\/p>\n<p>&nbsp;<\/p>\n<h2>Odpov\u011bdnost za odkazy<\/h2>\n<p>Na\u0161e nab\u00eddka obsahuje odkazy na extern\u00ed webov\u00e9 str\u00e1nky t\u0159et\u00edch stran, jejich\u017e obsah nem\u016f\u017eeme ovlivnit. Proto za jejich obsah neneseme \u017e\u00e1dnou odpov\u011bdnost. Za obsah odkazovan\u00fdch str\u00e1nek odpov\u00edd\u00e1 v\u017edy jejich p\u0159\u00edslu\u0161n\u00fd poskytovatel nebo provozovatel. V dob\u011b vytvo\u0159en\u00ed odkazu byly str\u00e1nky zkontrolov\u00e1ny z hlediska mo\u017en\u00e9ho poru\u0161en\u00ed pr\u00e1vn\u00edch p\u0159edpis\u016f. Neleg\u00e1ln\u00ed obsah nebyl v dob\u011b propojen\u00ed rozpoznateln\u00fd.    <\/p>\n<p>Trval\u00e1 kontrola obsahu odkazovan\u00fdch str\u00e1nek v\u0161ak nen\u00ed bez konkr\u00e9tn\u00edch d\u016fkaz\u016f o poru\u0161en\u00ed pr\u00e1va p\u0159im\u011b\u0159en\u00e1. Pokud se dozv\u00edme o poru\u0161en\u00ed pr\u00e1va, budou takov\u00e9 odkazy neprodlen\u011b odstran\u011bny. <\/p>\n<p>&nbsp;<\/p>\n<h2>Autorsk\u00e1 pr\u00e1va<\/h2>\n<p>Obsah a d\u00edla zve\u0159ejn\u011bn\u00e1 na t\u011bchto str\u00e1nk\u00e1ch podl\u00e9haj\u00ed n\u011bmeck\u00e9mu autorsk\u00e9mu pr\u00e1vu. Rozmno\u017eov\u00e1n\u00ed, \u00fapravy, \u0161\u00ed\u0159en\u00ed a jak\u00e9koli vyu\u017eit\u00ed mimo r\u00e1mec autorsk\u00e9ho pr\u00e1va vy\u017eaduj\u00ed p\u00edsemn\u00fd souhlas p\u0159\u00edslu\u0161n\u00e9ho autora nebo tv\u016frce. Stahov\u00e1n\u00ed a kop\u00edrov\u00e1n\u00ed t\u011bchto str\u00e1nek je povoleno pouze pro soukrom\u00e9, nekomer\u010dn\u00ed \u00fa\u010dely.  <\/p>\n<p>Pokud obsah na t\u011bchto str\u00e1nk\u00e1ch nebyl vytvo\u0159en provozovatelem, jsou respektov\u00e1na autorsk\u00e1 pr\u00e1va t\u0159et\u00edch stran. Obsah t\u0159et\u00edch stran je jako takov\u00fd ozna\u010den. Pokud se p\u0159esto dozv\u00edte o poru\u0161en\u00ed autorsk\u00fdch pr\u00e1v, pros\u00edme o upozorn\u011bn\u00ed. Pokud se o poru\u0161en\u00ed dozv\u00edme, bude takov\u00fd obsah neprodlen\u011b odstran\u011bn.   <\/p>\n","protected":false},"excerpt":{"rendered":"<p>Humanus Personnel Service GmbHN\u00fcrnberger Strasse 6486720 N\u00f6rdlingen Telefon: 09081\/ 789 59 0Fax: 09081\/ 2187163E-Mail: info@humanus-personalservice.de Odpov\u011bdn\u00e1 osoba: Philipp Erik Breitenfeld (jednatel) Z\u00e1pis v obchodn\u00edm rejst\u0159\u00edkuRejst\u0159\u00edkov\u00fd soud: Okresn\u00ed soud AugsburgRegistra\u010dn\u00ed \u010d\u00edslo: HRB 27662 Da\u0148ov\u00e9 identifika\u010dn\u00ed \u010d\u00edslo podle \u00a7 27a z\u00e1kona o dani z obratu: DE287727735 &nbsp; Dozorov\u00fd org\u00e1n:Agentura pr\u00e1ce NorimberkSpolkov\u00e1 agentura pr\u00e1ce v Norimberku &nbsp; \u0158e\u0161en\u00ed [&hellip;]<\/p>\n","protected":false},"author":3,"featured_media":0,"parent":0,"menu_order":0,"comment_status":"closed","ping_status":"closed","template":"","meta":{"_joinchat":[]},"acf":[],"yoast_head":"<!-- This site is optimized with the Yoast SEO plugin v20.8 - https:\/\/yoast.com\/wordpress\/plugins\/seo\/ -->\n<title>Impressum - Humanus<\/title>\n<meta name=\"robots\" content=\"index, follow, max-snippet:-1, max-image-preview:large, max-video-preview:-1\" \/>\n<link rel=\"canonical\" href=\"https:\/\/www.humanuspraca.pl\/cs\/impressum\/\" \/>\n<meta property=\"og:locale\" content=\"cs_CZ\" \/>\n<meta property=\"og:type\" content=\"article\" \/>\n<meta property=\"og:title\" content=\"Impressum - Humanus\" \/>\n<meta property=\"og:description\" content=\"Humanus Personnel Service GmbHN\u00fcrnberger Strasse 6486720 N\u00f6rdlingen Telefon: 09081\/ 789 59 0Fax: 09081\/ 2187163E-Mail: info@humanus-personalservice.de Odpov\u011bdn\u00e1 osoba: Philipp Erik Breitenfeld (jednatel) Z\u00e1pis v obchodn\u00edm rejst\u0159\u00edkuRejst\u0159\u00edkov\u00fd soud: Okresn\u00ed soud AugsburgRegistra\u010dn\u00ed \u010d\u00edslo: HRB 27662 Da\u0148ov\u00e9 identifika\u010dn\u00ed \u010d\u00edslo podle \u00a7 27a z\u00e1kona o dani z obratu: DE287727735 &nbsp; Dozorov\u00fd org\u00e1n:Agentura pr\u00e1ce NorimberkSpolkov\u00e1 agentura pr\u00e1ce v Norimberku &nbsp; \u0158e\u0161en\u00ed [&hellip;]\" \/>\n<meta property=\"og:url\" content=\"https:\/\/www.humanuspraca.pl\/cs\/impressum\/\" \/>\n<meta property=\"og:site_name\" content=\"Humanus\" \/>\n<meta property=\"article:modified_time\" content=\"2026-03-03T10:59:30+00:00\" \/>\n<meta name=\"twitter:card\" content=\"summary_large_image\" \/>\n<meta name=\"twitter:label1\" content=\"Est. reading time\" \/>\n\t<meta name=\"twitter:data1\" content=\"2 minuty\" \/>\n<script type=\"application\/ld+json\" class=\"yoast-schema-graph\">{\"@context\":\"https:\/\/schema.org\",\"@graph\":[{\"@type\":\"WebPage\",\"@id\":\"https:\/\/www.humanuspraca.pl\/cs\/impressum\/\",\"url\":\"https:\/\/www.humanuspraca.pl\/cs\/impressum\/\",\"name\":\"Impressum - Humanus\",\"isPartOf\":{\"@id\":\"https:\/\/www.humanuspraca.pl\/#website\"},\"datePublished\":\"2023-05-26T13:32:33+00:00\",\"dateModified\":\"2026-03-03T10:59:30+00:00\",\"breadcrumb\":{\"@id\":\"https:\/\/www.humanuspraca.pl\/cs\/impressum\/#breadcrumb\"},\"inLanguage\":\"cs\",\"potentialAction\":[{\"@type\":\"ReadAction\",\"target\":[\"https:\/\/www.humanuspraca.pl\/cs\/impressum\/\"]}]},{\"@type\":\"BreadcrumbList\",\"@id\":\"https:\/\/www.humanuspraca.pl\/cs\/impressum\/#breadcrumb\",\"itemListElement\":[{\"@type\":\"ListItem\",\"position\":1,\"name\":\"Strona g\u0142\u00f3wna\",\"item\":\"https:\/\/www.humanuspraca.pl\/cs\/\"},{\"@type\":\"ListItem\",\"position\":2,\"name\":\"Impressum\"}]},{\"@type\":\"WebSite\",\"@id\":\"https:\/\/www.humanuspraca.pl\/#website\",\"url\":\"https:\/\/www.humanuspraca.pl\/\",\"name\":\"Humanus\",\"description\":\"Simply fair work\",\"potentialAction\":[{\"@type\":\"SearchAction\",\"target\":{\"@type\":\"EntryPoint\",\"urlTemplate\":\"https:\/\/www.humanuspraca.pl\/?s={search_term_string}\"},\"query-input\":\"required name=search_term_string\"}],\"inLanguage\":\"cs\"}]}<\/script>\n<!-- \/ Yoast SEO plugin. -->","yoast_head_json":{"title":"Impressum - Humanus","robots":{"index":"index","follow":"follow","max-snippet":"max-snippet:-1","max-image-preview":"max-image-preview:large","max-video-preview":"max-video-preview:-1"},"canonical":"https:\/\/www.humanuspraca.pl\/cs\/impressum\/","og_locale":"cs_CZ","og_type":"article","og_title":"Impressum - Humanus","og_description":"Humanus Personnel Service GmbHN\u00fcrnberger Strasse 6486720 N\u00f6rdlingen Telefon: 09081\/ 789 59 0Fax: 09081\/ 2187163E-Mail: info@humanus-personalservice.de Odpov\u011bdn\u00e1 osoba: Philipp Erik Breitenfeld (jednatel) Z\u00e1pis v obchodn\u00edm rejst\u0159\u00edkuRejst\u0159\u00edkov\u00fd soud: Okresn\u00ed soud AugsburgRegistra\u010dn\u00ed \u010d\u00edslo: HRB 27662 Da\u0148ov\u00e9 identifika\u010dn\u00ed \u010d\u00edslo podle \u00a7 27a z\u00e1kona o dani z obratu: DE287727735 &nbsp; Dozorov\u00fd org\u00e1n:Agentura pr\u00e1ce NorimberkSpolkov\u00e1 agentura pr\u00e1ce v Norimberku &nbsp; \u0158e\u0161en\u00ed [&hellip;]","og_url":"https:\/\/www.humanuspraca.pl\/cs\/impressum\/","og_site_name":"Humanus","article_modified_time":"2026-03-03T10:59:30+00:00","twitter_card":"summary_large_image","twitter_misc":{"Est. reading time":"2 minuty"},"schema":{"@context":"https:\/\/schema.org","@graph":[{"@type":"WebPage","@id":"https:\/\/www.humanuspraca.pl\/cs\/impressum\/","url":"https:\/\/www.humanuspraca.pl\/cs\/impressum\/","name":"Impressum - Humanus","isPartOf":{"@id":"https:\/\/www.humanuspraca.pl\/#website"},"datePublished":"2023-05-26T13:32:33+00:00","dateModified":"2026-03-03T10:59:30+00:00","breadcrumb":{"@id":"https:\/\/www.humanuspraca.pl\/cs\/impressum\/#breadcrumb"},"inLanguage":"cs","potentialAction":[{"@type":"ReadAction","target":["https:\/\/www.humanuspraca.pl\/cs\/impressum\/"]}]},{"@type":"BreadcrumbList","@id":"https:\/\/www.humanuspraca.pl\/cs\/impressum\/#breadcrumb","itemListElement":[{"@type":"ListItem","position":1,"name":"Strona g\u0142\u00f3wna","item":"https:\/\/www.humanuspraca.pl\/cs\/"},{"@type":"ListItem","position":2,"name":"Impressum"}]},{"@type":"WebSite","@id":"https:\/\/www.humanuspraca.pl\/#website","url":"https:\/\/www.humanuspraca.pl\/","name":"Humanus","description":"Simply fair work","potentialAction":[{"@type":"SearchAction","target":{"@type":"EntryPoint","urlTemplate":"https:\/\/www.humanuspraca.pl\/?s={search_term_string}"},"query-input":"required name=search_term_string"}],"inLanguage":"cs"}]}},"_links":{"self":[{"href":"https:\/\/www.humanuspraca.pl\/cs\/wp-json\/wp\/v2\/pages\/5505"}],"collection":[{"href":"https:\/\/www.humanuspraca.pl\/cs\/wp-json\/wp\/v2\/pages"}],"about":[{"href":"https:\/\/www.humanuspraca.pl\/cs\/wp-json\/wp\/v2\/types\/page"}],"author":[{"embeddable":true,"href":"https:\/\/www.humanuspraca.pl\/cs\/wp-json\/wp\/v2\/users\/3"}],"replies":[{"embeddable":true,"href":"https:\/\/www.humanuspraca.pl\/cs\/wp-json\/wp\/v2\/comments?post=5505"}],"version-history":[{"count":1,"href":"https:\/\/www.humanuspraca.pl\/cs\/wp-json\/wp\/v2\/pages\/5505\/revisions"}],"predecessor-version":[{"id":6193,"href":"https:\/\/www.humanuspraca.pl\/cs\/wp-json\/wp\/v2\/pages\/5505\/revisions\/6193"}],"wp:attachment":[{"href":"https:\/\/www.humanuspraca.pl\/cs\/wp-json\/wp\/v2\/media?parent=5505"}],"curies":[{"name":"wp","href":"https:\/\/api.w.org\/{rel}","templated":true}]}}