{"id":5487,"date":"2023-04-24T11:56:33","date_gmt":"2023-04-24T09:56:33","guid":{"rendered":"https:\/\/www.humanuspraca.pl\/o-nas\/"},"modified":"2026-02-20T15:10:28","modified_gmt":"2026-02-20T14:10:28","slug":"o-nas","status":"publish","type":"page","link":"https:\/\/www.humanuspraca.pl\/cs\/o-nas\/","title":{"rendered":"O n\u00e1s"},"content":{"rendered":"","protected":false},"excerpt":{"rendered":"","protected":false},"author":3,"featured_media":0,"parent":0,"menu_order":0,"comment_status":"closed","ping_status":"closed","template":"template-about-us.php","meta":{"_joinchat":[]},"acf":[],"yoast_head":"<!-- This site is optimized with the Yoast SEO plugin v20.8 - https:\/\/yoast.com\/wordpress\/plugins\/seo\/ -->\n<title>O n\u00e1s - Humanus<\/title>\n<meta name=\"description\" content=\"Poznejte l\u00e9pe spole\u010dnost Humanus a n\u00e1\u0161 t\u00fdm. Pod\u00edvejte se, kolika lidem jsme ji\u017e pomohli naj\u00edt zam\u011bstn\u00e1n\u00ed v N\u011bmecku.\" \/>\n<meta name=\"robots\" content=\"index, follow, max-snippet:-1, max-image-preview:large, max-video-preview:-1\" \/>\n<link rel=\"canonical\" href=\"https:\/\/www.humanuspraca.pl\/cs\/o-nas\/\" \/>\n<meta property=\"og:locale\" content=\"cs_CZ\" \/>\n<meta property=\"og:type\" content=\"article\" \/>\n<meta property=\"og:title\" content=\"O n\u00e1s - Humanus\" \/>\n<meta property=\"og:description\" content=\"Poznejte l\u00e9pe spole\u010dnost Humanus a n\u00e1\u0161 t\u00fdm. Pod\u00edvejte se, kolika lidem jsme ji\u017e pomohli naj\u00edt zam\u011bstn\u00e1n\u00ed v N\u011bmecku.\" \/>\n<meta property=\"og:url\" content=\"https:\/\/www.humanuspraca.pl\/cs\/o-nas\/\" \/>\n<meta property=\"og:site_name\" content=\"Humanus\" \/>\n<meta property=\"article:modified_time\" content=\"2026-02-20T14:10:28+00:00\" \/>\n<meta name=\"twitter:card\" content=\"summary_large_image\" \/>\n<script type=\"application\/ld+json\" class=\"yoast-schema-graph\">{\"@context\":\"https:\/\/schema.org\",\"@graph\":[{\"@type\":\"WebPage\",\"@id\":\"https:\/\/www.humanuspraca.pl\/cs\/o-nas\/\",\"url\":\"https:\/\/www.humanuspraca.pl\/cs\/o-nas\/\",\"name\":\"O n\u00e1s - Humanus\",\"isPartOf\":{\"@id\":\"https:\/\/www.humanuspraca.pl\/#website\"},\"datePublished\":\"2023-04-24T09:56:33+00:00\",\"dateModified\":\"2026-02-20T14:10:28+00:00\",\"description\":\"Poznejte l\u00e9pe spole\u010dnost Humanus a n\u00e1\u0161 t\u00fdm. Pod\u00edvejte se, kolika lidem jsme ji\u017e pomohli naj\u00edt zam\u011bstn\u00e1n\u00ed v N\u011bmecku.\",\"breadcrumb\":{\"@id\":\"https:\/\/www.humanuspraca.pl\/cs\/o-nas\/#breadcrumb\"},\"inLanguage\":\"cs\",\"potentialAction\":[{\"@type\":\"ReadAction\",\"target\":[\"https:\/\/www.humanuspraca.pl\/cs\/o-nas\/\"]}]},{\"@type\":\"BreadcrumbList\",\"@id\":\"https:\/\/www.humanuspraca.pl\/cs\/o-nas\/#breadcrumb\",\"itemListElement\":[{\"@type\":\"ListItem\",\"position\":1,\"name\":\"Strona g\u0142\u00f3wna\",\"item\":\"https:\/\/www.humanuspraca.pl\/cs\/\"},{\"@type\":\"ListItem\",\"position\":2,\"name\":\"O n\u00e1s\"}]},{\"@type\":\"WebSite\",\"@id\":\"https:\/\/www.humanuspraca.pl\/#website\",\"url\":\"https:\/\/www.humanuspraca.pl\/\",\"name\":\"Humanus\",\"description\":\"Simply fair work\",\"potentialAction\":[{\"@type\":\"SearchAction\",\"target\":{\"@type\":\"EntryPoint\",\"urlTemplate\":\"https:\/\/www.humanuspraca.pl\/?s={search_term_string}\"},\"query-input\":\"required name=search_term_string\"}],\"inLanguage\":\"cs\"}]}<\/script>\n<!-- \/ Yoast SEO plugin. -->","yoast_head_json":{"title":"O n\u00e1s - Humanus","description":"Poznejte l\u00e9pe spole\u010dnost Humanus a n\u00e1\u0161 t\u00fdm. Pod\u00edvejte se, kolika lidem jsme ji\u017e pomohli naj\u00edt zam\u011bstn\u00e1n\u00ed v N\u011bmecku.","robots":{"index":"index","follow":"follow","max-snippet":"max-snippet:-1","max-image-preview":"max-image-preview:large","max-video-preview":"max-video-preview:-1"},"canonical":"https:\/\/www.humanuspraca.pl\/cs\/o-nas\/","og_locale":"cs_CZ","og_type":"article","og_title":"O n\u00e1s - Humanus","og_description":"Poznejte l\u00e9pe spole\u010dnost Humanus a n\u00e1\u0161 t\u00fdm. Pod\u00edvejte se, kolika lidem jsme ji\u017e pomohli naj\u00edt zam\u011bstn\u00e1n\u00ed v N\u011bmecku.","og_url":"https:\/\/www.humanuspraca.pl\/cs\/o-nas\/","og_site_name":"Humanus","article_modified_time":"2026-02-20T14:10:28+00:00","twitter_card":"summary_large_image","schema":{"@context":"https:\/\/schema.org","@graph":[{"@type":"WebPage","@id":"https:\/\/www.humanuspraca.pl\/cs\/o-nas\/","url":"https:\/\/www.humanuspraca.pl\/cs\/o-nas\/","name":"O n\u00e1s - Humanus","isPartOf":{"@id":"https:\/\/www.humanuspraca.pl\/#website"},"datePublished":"2023-04-24T09:56:33+00:00","dateModified":"2026-02-20T14:10:28+00:00","description":"Poznejte l\u00e9pe spole\u010dnost Humanus a n\u00e1\u0161 t\u00fdm. Pod\u00edvejte se, kolika lidem jsme ji\u017e pomohli naj\u00edt zam\u011bstn\u00e1n\u00ed v N\u011bmecku.","breadcrumb":{"@id":"https:\/\/www.humanuspraca.pl\/cs\/o-nas\/#breadcrumb"},"inLanguage":"cs","potentialAction":[{"@type":"ReadAction","target":["https:\/\/www.humanuspraca.pl\/cs\/o-nas\/"]}]},{"@type":"BreadcrumbList","@id":"https:\/\/www.humanuspraca.pl\/cs\/o-nas\/#breadcrumb","itemListElement":[{"@type":"ListItem","position":1,"name":"Strona g\u0142\u00f3wna","item":"https:\/\/www.humanuspraca.pl\/cs\/"},{"@type":"ListItem","position":2,"name":"O n\u00e1s"}]},{"@type":"WebSite","@id":"https:\/\/www.humanuspraca.pl\/#website","url":"https:\/\/www.humanuspraca.pl\/","name":"Humanus","description":"Simply fair work","potentialAction":[{"@type":"SearchAction","target":{"@type":"EntryPoint","urlTemplate":"https:\/\/www.humanuspraca.pl\/?s={search_term_string}"},"query-input":"required name=search_term_string"}],"inLanguage":"cs"}]}},"_links":{"self":[{"href":"https:\/\/www.humanuspraca.pl\/cs\/wp-json\/wp\/v2\/pages\/5487"}],"collection":[{"href":"https:\/\/www.humanuspraca.pl\/cs\/wp-json\/wp\/v2\/pages"}],"about":[{"href":"https:\/\/www.humanuspraca.pl\/cs\/wp-json\/wp\/v2\/types\/page"}],"author":[{"embeddable":true,"href":"https:\/\/www.humanuspraca.pl\/cs\/wp-json\/wp\/v2\/users\/3"}],"replies":[{"embeddable":true,"href":"https:\/\/www.humanuspraca.pl\/cs\/wp-json\/wp\/v2\/comments?post=5487"}],"version-history":[{"count":2,"href":"https:\/\/www.humanuspraca.pl\/cs\/wp-json\/wp\/v2\/pages\/5487\/revisions"}],"predecessor-version":[{"id":5499,"href":"https:\/\/www.humanuspraca.pl\/cs\/wp-json\/wp\/v2\/pages\/5487\/revisions\/5499"}],"wp:attachment":[{"href":"https:\/\/www.humanuspraca.pl\/cs\/wp-json\/wp\/v2\/media?parent=5487"}],"curies":[{"name":"wp","href":"https:\/\/api.w.org\/{rel}","templated":true}]}}