{"id":5485,"date":"2019-03-04T08:36:00","date_gmt":"2019-03-04T07:36:00","guid":{"rendered":"https:\/\/www.humanuspraca.pl\/domovska-stranka\/"},"modified":"2026-02-20T14:55:51","modified_gmt":"2026-02-20T13:55:51","slug":"domovska-stranka","status":"publish","type":"page","link":"https:\/\/www.humanuspraca.pl\/cs\/","title":{"rendered":"Domovsk\u00e1 str\u00e1nka"},"content":{"rendered":"","protected":false},"excerpt":{"rendered":"","protected":false},"author":3,"featured_media":0,"parent":0,"menu_order":0,"comment_status":"closed","ping_status":"closed","template":"","meta":{"_joinchat":[]},"acf":[],"yoast_head":"<!-- This site is optimized with the Yoast SEO plugin v20.8 - https:\/\/yoast.com\/wordpress\/plugins\/seo\/ -->\n<title>Domovsk\u00e1 str\u00e1nka - Humanus<\/title>\n<meta name=\"description\" content=\"Humanus je t\u00fdm specialist\u016f, kte\u0159\u00ed se zab\u00fdvaj\u00ed hled\u00e1n\u00edm zam\u011bstn\u00e1n\u00ed v N\u011bmecku pro kvalifikovan\u00e9 odborn\u00edky z \u010cesk\u00e9 republiky.\" \/>\n<meta name=\"robots\" content=\"index, follow, max-snippet:-1, max-image-preview:large, max-video-preview:-1\" \/>\n<link rel=\"canonical\" href=\"https:\/\/www.humanuspraca.pl\/cs\/\" \/>\n<meta property=\"og:locale\" content=\"cs_CZ\" \/>\n<meta property=\"og:type\" content=\"article\" \/>\n<meta property=\"og:title\" content=\"Domovsk\u00e1 str\u00e1nka - Humanus\" \/>\n<meta property=\"og:description\" content=\"Humanus je t\u00fdm specialist\u016f, kte\u0159\u00ed se zab\u00fdvaj\u00ed hled\u00e1n\u00edm zam\u011bstn\u00e1n\u00ed v N\u011bmecku pro kvalifikovan\u00e9 odborn\u00edky z \u010cesk\u00e9 republiky.\" \/>\n<meta property=\"og:url\" content=\"https:\/\/www.humanuspraca.pl\/cs\/\" \/>\n<meta property=\"og:site_name\" content=\"Humanus\" \/>\n<meta property=\"article:modified_time\" content=\"2026-02-20T13:55:51+00:00\" \/>\n<meta name=\"twitter:card\" content=\"summary_large_image\" \/>\n<script type=\"application\/ld+json\" class=\"yoast-schema-graph\">{\"@context\":\"https:\/\/schema.org\",\"@graph\":[{\"@type\":\"WebPage\",\"@id\":\"https:\/\/www.humanuspraca.pl\/cs\/\",\"url\":\"https:\/\/www.humanuspraca.pl\/cs\/\",\"name\":\"Domovsk\u00e1 str\u00e1nka - Humanus\",\"isPartOf\":{\"@id\":\"https:\/\/www.humanuspraca.pl\/#website\"},\"datePublished\":\"2019-03-04T07:36:00+00:00\",\"dateModified\":\"2026-02-20T13:55:51+00:00\",\"description\":\"Humanus je t\u00fdm specialist\u016f, kte\u0159\u00ed se zab\u00fdvaj\u00ed hled\u00e1n\u00edm zam\u011bstn\u00e1n\u00ed v N\u011bmecku pro kvalifikovan\u00e9 odborn\u00edky z \u010cesk\u00e9 republiky.\",\"breadcrumb\":{\"@id\":\"https:\/\/www.humanuspraca.pl\/cs\/#breadcrumb\"},\"inLanguage\":\"cs\",\"potentialAction\":[{\"@type\":\"ReadAction\",\"target\":[\"https:\/\/www.humanuspraca.pl\/cs\/\"]}]},{\"@type\":\"BreadcrumbList\",\"@id\":\"https:\/\/www.humanuspraca.pl\/cs\/#breadcrumb\",\"itemListElement\":[{\"@type\":\"ListItem\",\"position\":1,\"name\":\"Strona g\u0142\u00f3wna\",\"item\":\"https:\/\/www.humanuspraca.pl\/cs\/\"},{\"@type\":\"ListItem\",\"position\":2,\"name\":\"Domovsk\u00e1 str\u00e1nka\"}]},{\"@type\":\"WebSite\",\"@id\":\"https:\/\/www.humanuspraca.pl\/#website\",\"url\":\"https:\/\/www.humanuspraca.pl\/\",\"name\":\"Humanus\",\"description\":\"Simply fair work\",\"potentialAction\":[{\"@type\":\"SearchAction\",\"target\":{\"@type\":\"EntryPoint\",\"urlTemplate\":\"https:\/\/www.humanuspraca.pl\/?s={search_term_string}\"},\"query-input\":\"required name=search_term_string\"}],\"inLanguage\":\"cs\"}]}<\/script>\n<!-- \/ Yoast SEO plugin. -->","yoast_head_json":{"title":"Domovsk\u00e1 str\u00e1nka - Humanus","description":"Humanus je t\u00fdm specialist\u016f, kte\u0159\u00ed se zab\u00fdvaj\u00ed hled\u00e1n\u00edm zam\u011bstn\u00e1n\u00ed v N\u011bmecku pro kvalifikovan\u00e9 odborn\u00edky z \u010cesk\u00e9 republiky.","robots":{"index":"index","follow":"follow","max-snippet":"max-snippet:-1","max-image-preview":"max-image-preview:large","max-video-preview":"max-video-preview:-1"},"canonical":"https:\/\/www.humanuspraca.pl\/cs\/","og_locale":"cs_CZ","og_type":"article","og_title":"Domovsk\u00e1 str\u00e1nka - Humanus","og_description":"Humanus je t\u00fdm specialist\u016f, kte\u0159\u00ed se zab\u00fdvaj\u00ed hled\u00e1n\u00edm zam\u011bstn\u00e1n\u00ed v N\u011bmecku pro kvalifikovan\u00e9 odborn\u00edky z \u010cesk\u00e9 republiky.","og_url":"https:\/\/www.humanuspraca.pl\/cs\/","og_site_name":"Humanus","article_modified_time":"2026-02-20T13:55:51+00:00","twitter_card":"summary_large_image","schema":{"@context":"https:\/\/schema.org","@graph":[{"@type":"WebPage","@id":"https:\/\/www.humanuspraca.pl\/cs\/","url":"https:\/\/www.humanuspraca.pl\/cs\/","name":"Domovsk\u00e1 str\u00e1nka - Humanus","isPartOf":{"@id":"https:\/\/www.humanuspraca.pl\/#website"},"datePublished":"2019-03-04T07:36:00+00:00","dateModified":"2026-02-20T13:55:51+00:00","description":"Humanus je t\u00fdm specialist\u016f, kte\u0159\u00ed se zab\u00fdvaj\u00ed hled\u00e1n\u00edm zam\u011bstn\u00e1n\u00ed v N\u011bmecku pro kvalifikovan\u00e9 odborn\u00edky z \u010cesk\u00e9 republiky.","breadcrumb":{"@id":"https:\/\/www.humanuspraca.pl\/cs\/#breadcrumb"},"inLanguage":"cs","potentialAction":[{"@type":"ReadAction","target":["https:\/\/www.humanuspraca.pl\/cs\/"]}]},{"@type":"BreadcrumbList","@id":"https:\/\/www.humanuspraca.pl\/cs\/#breadcrumb","itemListElement":[{"@type":"ListItem","position":1,"name":"Strona g\u0142\u00f3wna","item":"https:\/\/www.humanuspraca.pl\/cs\/"},{"@type":"ListItem","position":2,"name":"Domovsk\u00e1 str\u00e1nka"}]},{"@type":"WebSite","@id":"https:\/\/www.humanuspraca.pl\/#website","url":"https:\/\/www.humanuspraca.pl\/","name":"Humanus","description":"Simply fair work","potentialAction":[{"@type":"SearchAction","target":{"@type":"EntryPoint","urlTemplate":"https:\/\/www.humanuspraca.pl\/?s={search_term_string}"},"query-input":"required name=search_term_string"}],"inLanguage":"cs"}]}},"_links":{"self":[{"href":"https:\/\/www.humanuspraca.pl\/cs\/wp-json\/wp\/v2\/pages\/5485"}],"collection":[{"href":"https:\/\/www.humanuspraca.pl\/cs\/wp-json\/wp\/v2\/pages"}],"about":[{"href":"https:\/\/www.humanuspraca.pl\/cs\/wp-json\/wp\/v2\/types\/page"}],"author":[{"embeddable":true,"href":"https:\/\/www.humanuspraca.pl\/cs\/wp-json\/wp\/v2\/users\/3"}],"replies":[{"embeddable":true,"href":"https:\/\/www.humanuspraca.pl\/cs\/wp-json\/wp\/v2\/comments?post=5485"}],"version-history":[{"count":2,"href":"https:\/\/www.humanuspraca.pl\/cs\/wp-json\/wp\/v2\/pages\/5485\/revisions"}],"predecessor-version":[{"id":5496,"href":"https:\/\/www.humanuspraca.pl\/cs\/wp-json\/wp\/v2\/pages\/5485\/revisions\/5496"}],"wp:attachment":[{"href":"https:\/\/www.humanuspraca.pl\/cs\/wp-json\/wp\/v2\/media?parent=5485"}],"curies":[{"name":"wp","href":"https:\/\/api.w.org\/{rel}","templated":true}]}}